{"id":17,"date":"2023-09-24T14:41:51","date_gmt":"2023-09-24T12:41:51","guid":{"rendered":"https:\/\/belgianwinchshop.be\/?page_id=17"},"modified":"2026-02-19T16:07:56","modified_gmt":"2026-02-19T15:07:56","slug":"terugbetaalde-retourneringen","status":"publish","type":"page","link":"https:\/\/belgianwinchshop.be\/fr\/terugbetaalde-retourneringen\/","title":{"rendered":"Remboursement et retour"},"content":{"rendered":"<div data-elementor-type=\"wp-page\" data-elementor-id=\"17\" class=\"elementor elementor-17\">\n\t\t\t\t<div class=\"elementor-element elementor-element-4b8567d9 e-con-full e-flex e-con e-parent\" data-id=\"4b8567d9\" data-element_type=\"container\">\n\t\t\t\t<div class=\"elementor-element elementor-element-7636ea46 elementor-widget elementor-widget-text-editor\" data-id=\"7636ea46\" data-element_type=\"widget\" data-widget_type=\"text-editor.default\">\n\t\t\t\t<div class=\"elementor-widget-container\">\n\t\t\t\t\t\t\t<p>Cette politique de remboursement et de retour s'applique aux produits achet\u00e9s chez Belgian Winch Shop.<\/p><p><strong>Retour des produits non d\u00e9sir\u00e9s :<\/strong><\/p><p>Vous avez le droit d'annuler votre commande jusqu'\u00e0 14 jours apr\u00e8s r\u00e9ception sans donner de motif. Apr\u00e8s annulation, vous disposez encore de 14 jours pour renvoyer votre produit. Le montant total de la commande, hors frais d'exp\u00e9dition, vous sera alors cr\u00e9dit\u00e9. Les frais de retour de votre domicile \u00e0 la boutique en ligne sont \u00e0 votre charge.<\/p><p>Si vous faites usage de votre droit de r\u00e9tractation, le produit sera retourn\u00e9 \u00e0 l'entrepreneur avec tous les accessoires fournis et, dans la mesure du possible, dans son \u00e9tat et son emballage d'origine. Pour exercer ce droit, veuillez nous contacter. Nous vous rembourserons alors le montant de la commande dans les 30 jours suivant la notification de votre retour, \u00e0 condition que le produit ait d\u00e9j\u00e0 \u00e9t\u00e9 retourn\u00e9 en bon \u00e9tat.<\/p><p>Les produits non d\u00e9sir\u00e9s doivent \u00eatre retourn\u00e9s inutilis\u00e9s et en bon \u00e9tat dans leur emballage d'origine. Vous devez vous assurer que le produit est correctement emball\u00e9 afin qu'il ne soit pas endommag\u00e9 pendant le transport. S'il s'av\u00e8re que le produit a \u00e9t\u00e9 endommag\u00e9 ou utilis\u00e9 dans une mesure qui d\u00e9passe ce qui est n\u00e9cessaire pour une inspection raisonnable de votre part, nous pouvons refuser le remboursement.<\/p><p><strong>Produits d\u00e9fectueux, d\u00e9fectueux ou non conformes :<\/strong><\/p><p>Nous vous recommandons de v\u00e9rifier attentivement chaque produit d\u00e8s sa r\u00e9ception. Si un produit pr\u00e9sente un d\u00e9faut ou une anomalie au moment de la livraison, ou s'il ne correspond pas \u00e0 votre commande, vous disposez d'un droit l\u00e9gal de retour. Nous vous recommandons vivement de nous contacter d\u00e8s que vous constatez un probl\u00e8me.<\/p><p>Si vous nous renvoyez un produit d\u00e9fectueux, d\u00e9fectueux ou non conforme, celui-ci sera contr\u00f4l\u00e9 dans notre entrep\u00f4t. Si un d\u00e9faut ou une anomalie est constat\u00e9, ou si le produit ne correspond pas \u00e0 votre commande, un remboursement complet ou un remplacement sera effectu\u00e9 conform\u00e9ment \u00e0 la l\u00e9gislation en vigueur. Les produits qui ont \u00e9t\u00e9 mal utilis\u00e9s ou qui ont subi des modifications ne peuvent pas \u00eatre retourn\u00e9s ou ne peuvent l'\u00eatre que partiellement. Les frais d'exp\u00e9dition ne sont pas rembours\u00e9s.<\/p><p>Si vous avez droit \u00e0 un remboursement, celui-ci sera effectu\u00e9 dans les 30 jours suivant la r\u00e9ception du produit par nos soins.<\/p>\t\t\t\t\t\t<\/div>\n\t\t\t\t<\/div>\n\t\t\t\t<\/div>\n\t\t<div class=\"elementor-element elementor-element-0e8c2ff e-con-full e-flex e-con e-parent\" data-id=\"0e8c2ff\" data-element_type=\"container\" data-settings=\"{&quot;background_background&quot;:&quot;classic&quot;}\">\n\t\t<div class=\"elementor-element elementor-element-74c3fde e-con-full e-flex e-con e-child\" data-id=\"74c3fde\" data-element_type=\"container\">\n\t\t\t\t<div class=\"elementor-element elementor-element-a0ef7bb elementor-widget elementor-widget-heading\" data-id=\"a0ef7bb\" data-element_type=\"widget\" data-widget_type=\"heading.default\">\n\t\t\t\t<div class=\"elementor-widget-container\">\n\t\t\t<h5 class=\"elementor-heading-title elementor-size-default\">Service client<\/h5>\t\t<\/div>\n\t\t\t\t<\/div>\n\t\t\t\t<div class=\"change-links-color elementor-element elementor-element-6cd7df7 elementor-widget elementor-widget-text-editor\" data-id=\"6cd7df7\" data-element_type=\"widget\" data-widget_type=\"text-editor.default\">\n\t\t\t\t<div class=\"elementor-widget-container\">\n\t\t\t\t\t\t\t<p><a href=\"https:\/\/belgianwinchshop.be\/fr\/betalen-en-verzenden\/\">Payment<\/a><br \/><a href=\"https:\/\/belgianwinchshop.be\/fr\/betalen-en-verzenden\/\">Exp\u00e9dition et livraison<\/a><br \/><a href=\"https:\/\/belgianwinchshop.be\/fr\/terugbetaalde-retourneringen\/\" target=\"_blank\" rel=\"noopener\">Remboursement et retour<\/a><br \/><a href=\"https:\/\/belgianwinchshop.be\/fr\/contact\/\" target=\"_blank\" rel=\"noopener\">Contact<\/a><\/p><p><object id=\"__symantecMPKIClientMessenger\" style=\"display: none;\" data-supports-flavor-configuration=\"true\" data-extension-version=\"1.2.0.158\"><\/object><span id=\"__symantecMPKIClientDetector\" style=\"display: none;\">__PRESENT<\/span><\/p>\t\t\t\t\t\t<\/div>\n\t\t\t\t<\/div>\n\t\t\t\t<\/div>\n\t\t<div class=\"elementor-element elementor-element-e410ae5 e-con-full e-flex e-con e-child\" data-id=\"e410ae5\" data-element_type=\"container\">\n\t\t\t\t<div class=\"elementor-element elementor-element-73ec21f elementor-widget elementor-widget-heading\" data-id=\"73ec21f\" data-element_type=\"widget\" data-widget_type=\"heading.default\">\n\t\t\t\t<div class=\"elementor-widget-container\">\n\t\t\t<h5 class=\"elementor-heading-title elementor-size-default\">\u00c0 propos de nous<\/h5>\t\t<\/div>\n\t\t\t\t<\/div>\n\t\t\t\t<div class=\"change-links-color elementor-element elementor-element-3643a94 elementor-widget elementor-widget-text-editor\" data-id=\"3643a94\" data-element_type=\"widget\" data-widget_type=\"text-editor.default\">\n\t\t\t\t<div class=\"elementor-widget-container\">\n\t\t\t\t\t\t\t<p><a href=\"https:\/\/belgianwinchshop.be\/fr\/over-ons\/\" target=\"_blank\" rel=\"noopener\">Qui sommes-nous?<\/a><br \/><a href=\"https:\/\/belgianwinchshop.be\/fr\/contact\/\" target=\"_blank\" rel=\"noopener\">Heures d'ouverture<\/a><br \/><a href=\"https:\/\/belgianwinchshop.be\/fr\/voorwaarden\/\" target=\"_blank\" rel=\"noopener\">Conditions g\u00e9n\u00e9rales<\/a><br \/><a href=\"https:\/\/belgianwinchshop.be\/fr\/privacy-en-cookie-policy\/\" target=\"_blank\" rel=\"noopener\">Politique de confidentialit\u00e9<\/a><\/p><p><object id=\"__symantecMPKIClientMessenger\" style=\"display: none;\" data-supports-flavor-configuration=\"true\" data-extension-version=\"1.2.0.158\"><\/object><span id=\"__symantecMPKIClientDetector\" style=\"display: none;\">__PRESENT<\/span><\/p>\t\t\t\t\t\t<\/div>\n\t\t\t\t<\/div>\n\t\t\t\t<\/div>\n\t\t<div class=\"elementor-element elementor-element-ceccbd1 e-con-full e-flex e-con e-child\" data-id=\"ceccbd1\" data-element_type=\"container\">\n\t\t\t\t<div class=\"elementor-element elementor-element-31e08d9 elementor-widget elementor-widget-heading\" data-id=\"31e08d9\" data-element_type=\"widget\" data-widget_type=\"heading.default\">\n\t\t\t\t<div class=\"elementor-widget-container\">\n\t\t\t<h3 class=\"elementor-heading-title elementor-size-default\">Belgian winch shop<\/h3>\t\t<\/div>\n\t\t\t\t<\/div>\n\t\t\t\t<div class=\"elementor-element elementor-element-048e2bf elementor-widget elementor-widget-heading\" data-id=\"048e2bf\" data-element_type=\"widget\" data-widget_type=\"heading.default\">\n\t\t\t\t<div class=\"elementor-widget-container\">\n\t\t\t<h6 class=\"elementor-heading-title elementor-size-default\">est une initiative de Legein Frank BV<\/h6>\t\t<\/div>\n\t\t\t\t<\/div>\n\t\t\t\t<div class=\"elementor-element elementor-element-3204cc0 elementor-widget elementor-widget-text-editor\" data-id=\"3204cc0\" data-element_type=\"widget\" data-widget_type=\"text-editor.default\">\n\t\t\t\t<div class=\"elementor-widget-container\">\n\t\t\t\t\t\t\t<p>Toevluchtweg 8A, 8620 Nieuwpoort<br>BE 0806 829 865<br>frank.legein@skynet.be<\/p>\t\t\t\t\t\t<\/div>\n\t\t\t\t<\/div>\n\t\t\t\t<\/div>\n\t\t\t\t<\/div>\n\t\t\t\t<\/div>","protected":false},"excerpt":{"rendered":"<p>Dit terugbetaal- en retourneringsbeleid is van toepassing op producten die gekocht zijn bij Belgian Winch Shop. Retourneren van ongewenste producten: U heeft het recht uw bestelling tot 14 dagen na ontvangst zonder opgave van reden te annuleren. U heeft na annulering nogmaals 14 dagen om uw product retour te sturen. U krijgt dan het volledige [&hellip;]<\/p>","protected":false},"author":1,"featured_media":0,"parent":0,"menu_order":0,"comment_status":"closed","ping_status":"closed","template":"","meta":{"iawp_total_views":16,"footnotes":""},"class_list":["post-17","page","type-page","status-publish","hentry"],"blocksy_meta":[],"yoast_head":"<!-- This site is optimized with the Yoast SEO plugin v25.8 - https:\/\/yoast.com\/wordpress\/plugins\/seo\/ -->\n<title>Terugbetaal- en retourneringsbeleid - Belgian Winch Shop<\/title>\n<meta name=\"robots\" content=\"index, follow, max-snippet:-1, max-image-preview:large, max-video-preview:-1\" \/>\n<link rel=\"canonical\" href=\"https:\/\/belgianwinchshop.be\/fr\/terugbetaalde-retourneringen\/\" \/>\n<meta property=\"og:locale\" content=\"fr_FR\" \/>\n<meta property=\"og:type\" content=\"article\" \/>\n<meta property=\"og:title\" content=\"Terugbetaal- en retourneringsbeleid - Belgian Winch Shop\" \/>\n<meta property=\"og:description\" content=\"Dit terugbetaal- en retourneringsbeleid is van toepassing op producten die gekocht zijn bij Belgian Winch Shop. Retourneren van ongewenste producten: U heeft het recht uw bestelling tot 14 dagen na ontvangst zonder opgave van reden te annuleren. U heeft na annulering nogmaals 14 dagen om uw product retour te sturen. U krijgt dan het volledige [&hellip;]\" \/>\n<meta property=\"og:url\" content=\"https:\/\/belgianwinchshop.be\/fr\/terugbetaalde-retourneringen\/\" \/>\n<meta property=\"og:site_name\" content=\"Belgian Winch Shop\" \/>\n<meta property=\"article:modified_time\" content=\"2026-02-19T15:07:56+00:00\" \/>\n<meta name=\"twitter:card\" content=\"summary_large_image\" \/>\n<meta name=\"twitter:label1\" content=\"Dur\u00e9e de lecture est.\" \/>\n\t<meta name=\"twitter:data1\" content=\"2 minutes\" \/>\n<script type=\"application\/ld+json\" class=\"yoast-schema-graph\">{\"@context\":\"https:\/\/schema.org\",\"@graph\":[{\"@type\":\"WebPage\",\"@id\":\"https:\/\/belgianwinchshop.be\/terugbetaalde-retourneringen\/\",\"url\":\"https:\/\/belgianwinchshop.be\/terugbetaalde-retourneringen\/\",\"name\":\"Terugbetaal- en retourneringsbeleid - Belgian Winch Shop\",\"isPartOf\":{\"@id\":\"https:\/\/belgianwinchshop.be\/#website\"},\"datePublished\":\"2023-09-24T12:41:51+00:00\",\"dateModified\":\"2026-02-19T15:07:56+00:00\",\"breadcrumb\":{\"@id\":\"https:\/\/belgianwinchshop.be\/terugbetaalde-retourneringen\/#breadcrumb\"},\"inLanguage\":\"fr-BE\",\"potentialAction\":[{\"@type\":\"ReadAction\",\"target\":[\"https:\/\/belgianwinchshop.be\/terugbetaalde-retourneringen\/\"]}]},{\"@type\":\"BreadcrumbList\",\"@id\":\"https:\/\/belgianwinchshop.be\/terugbetaalde-retourneringen\/#breadcrumb\",\"itemListElement\":[{\"@type\":\"ListItem\",\"position\":1,\"name\":\"Home\",\"item\":\"https:\/\/belgianwinchshop.be\/\"},{\"@type\":\"ListItem\",\"position\":2,\"name\":\"Terugbetaal- en retourneringsbeleid\"}]},{\"@type\":\"WebSite\",\"@id\":\"https:\/\/belgianwinchshop.be\/#website\",\"url\":\"https:\/\/belgianwinchshop.be\/\",\"name\":\"Belgian Winch Shop\",\"description\":\"Warrior winches and more\",\"publisher\":{\"@id\":\"https:\/\/belgianwinchshop.be\/#organization\"},\"potentialAction\":[{\"@type\":\"SearchAction\",\"target\":{\"@type\":\"EntryPoint\",\"urlTemplate\":\"https:\/\/belgianwinchshop.be\/?s={search_term_string}\"},\"query-input\":{\"@type\":\"PropertyValueSpecification\",\"valueRequired\":true,\"valueName\":\"search_term_string\"}}],\"inLanguage\":\"fr-BE\"},{\"@type\":\"Organization\",\"@id\":\"https:\/\/belgianwinchshop.be\/#organization\",\"name\":\"Belgian Winch Shop\",\"url\":\"https:\/\/belgianwinchshop.be\/\",\"logo\":{\"@type\":\"ImageObject\",\"inLanguage\":\"fr-BE\",\"@id\":\"https:\/\/belgianwinchshop.be\/#\/schema\/logo\/image\/\",\"url\":\"https:\/\/belgianwinchshop.be\/wp-content\/uploads\/2023\/10\/Untitled4-1.png\",\"contentUrl\":\"https:\/\/belgianwinchshop.be\/wp-content\/uploads\/2023\/10\/Untitled4-1.png\",\"width\":788,\"height\":271,\"caption\":\"Belgian Winch Shop\"},\"image\":{\"@id\":\"https:\/\/belgianwinchshop.be\/#\/schema\/logo\/image\/\"}}]}<\/script>\n<!-- \/ Yoast SEO plugin. -->","yoast_head_json":{"title":"Terugbetaal- en retourneringsbeleid - Belgian Winch Shop","robots":{"index":"index","follow":"follow","max-snippet":"max-snippet:-1","max-image-preview":"max-image-preview:large","max-video-preview":"max-video-preview:-1"},"canonical":"https:\/\/belgianwinchshop.be\/fr\/terugbetaalde-retourneringen\/","og_locale":"fr_FR","og_type":"article","og_title":"Terugbetaal- en retourneringsbeleid - Belgian Winch Shop","og_description":"Dit terugbetaal- en retourneringsbeleid is van toepassing op producten die gekocht zijn bij Belgian Winch Shop. Retourneren van ongewenste producten: U heeft het recht uw bestelling tot 14 dagen na ontvangst zonder opgave van reden te annuleren. U heeft na annulering nogmaals 14 dagen om uw product retour te sturen. U krijgt dan het volledige [&hellip;]","og_url":"https:\/\/belgianwinchshop.be\/fr\/terugbetaalde-retourneringen\/","og_site_name":"Belgian Winch Shop","article_modified_time":"2026-02-19T15:07:56+00:00","twitter_card":"summary_large_image","twitter_misc":{"Dur\u00e9e de lecture est.":"2 minutes"},"schema":{"@context":"https:\/\/schema.org","@graph":[{"@type":"WebPage","@id":"https:\/\/belgianwinchshop.be\/terugbetaalde-retourneringen\/","url":"https:\/\/belgianwinchshop.be\/terugbetaalde-retourneringen\/","name":"Terugbetaal- en retourneringsbeleid - Belgian Winch Shop","isPartOf":{"@id":"https:\/\/belgianwinchshop.be\/#website"},"datePublished":"2023-09-24T12:41:51+00:00","dateModified":"2026-02-19T15:07:56+00:00","breadcrumb":{"@id":"https:\/\/belgianwinchshop.be\/terugbetaalde-retourneringen\/#breadcrumb"},"inLanguage":"fr-BE","potentialAction":[{"@type":"ReadAction","target":["https:\/\/belgianwinchshop.be\/terugbetaalde-retourneringen\/"]}]},{"@type":"BreadcrumbList","@id":"https:\/\/belgianwinchshop.be\/terugbetaalde-retourneringen\/#breadcrumb","itemListElement":[{"@type":"ListItem","position":1,"name":"Home","item":"https:\/\/belgianwinchshop.be\/"},{"@type":"ListItem","position":2,"name":"Terugbetaal- en retourneringsbeleid"}]},{"@type":"WebSite","@id":"https:\/\/belgianwinchshop.be\/#website","url":"https:\/\/belgianwinchshop.be\/","name":"Belgian Winch Shop","description":"Warrior winches and more","publisher":{"@id":"https:\/\/belgianwinchshop.be\/#organization"},"potentialAction":[{"@type":"SearchAction","target":{"@type":"EntryPoint","urlTemplate":"https:\/\/belgianwinchshop.be\/?s={search_term_string}"},"query-input":{"@type":"PropertyValueSpecification","valueRequired":true,"valueName":"search_term_string"}}],"inLanguage":"fr-BE"},{"@type":"Organization","@id":"https:\/\/belgianwinchshop.be\/#organization","name":"Belgian Winch Shop","url":"https:\/\/belgianwinchshop.be\/","logo":{"@type":"ImageObject","inLanguage":"fr-BE","@id":"https:\/\/belgianwinchshop.be\/#\/schema\/logo\/image\/","url":"https:\/\/belgianwinchshop.be\/wp-content\/uploads\/2023\/10\/Untitled4-1.png","contentUrl":"https:\/\/belgianwinchshop.be\/wp-content\/uploads\/2023\/10\/Untitled4-1.png","width":788,"height":271,"caption":"Belgian Winch Shop"},"image":{"@id":"https:\/\/belgianwinchshop.be\/#\/schema\/logo\/image\/"}}]}},"jetpack_sharing_enabled":true,"_links":{"self":[{"href":"https:\/\/belgianwinchshop.be\/fr\/wp-json\/wp\/v2\/pages\/17","targetHints":{"allow":["GET"]}}],"collection":[{"href":"https:\/\/belgianwinchshop.be\/fr\/wp-json\/wp\/v2\/pages"}],"about":[{"href":"https:\/\/belgianwinchshop.be\/fr\/wp-json\/wp\/v2\/types\/page"}],"author":[{"embeddable":true,"href":"https:\/\/belgianwinchshop.be\/fr\/wp-json\/wp\/v2\/users\/1"}],"replies":[{"embeddable":true,"href":"https:\/\/belgianwinchshop.be\/fr\/wp-json\/wp\/v2\/comments?post=17"}],"version-history":[{"count":24,"href":"https:\/\/belgianwinchshop.be\/fr\/wp-json\/wp\/v2\/pages\/17\/revisions"}],"predecessor-version":[{"id":2307,"href":"https:\/\/belgianwinchshop.be\/fr\/wp-json\/wp\/v2\/pages\/17\/revisions\/2307"}],"wp:attachment":[{"href":"https:\/\/belgianwinchshop.be\/fr\/wp-json\/wp\/v2\/media?parent=17"}],"curies":[{"name":"wp","href":"https:\/\/api.w.org\/{rel}","templated":true}]}}