{"id":682,"date":"2023-11-03T00:21:34","date_gmt":"2023-11-02T22:21:34","guid":{"rendered":"https:\/\/belgianwinchshop.be\/?page_id=682"},"modified":"2025-03-13T20:12:31","modified_gmt":"2025-03-13T18:12:31","slug":"shop","status":"publish","type":"page","link":"https:\/\/belgianwinchshop.be\/fr\/shop\/","title":{"rendered":"Webshop"},"content":{"rendered":"<div data-elementor-type=\"wp-page\" data-elementor-id=\"682\" class=\"elementor elementor-682\">\n\t\t\t\t<div class=\"elementor-element elementor-element-685dae51 e-flex e-con-boxed e-con e-parent\" data-id=\"685dae51\" data-element_type=\"container\">\n\t\t\t\t\t<div class=\"e-con-inner\">\n\t\t\t\t<div class=\"elementor-element elementor-element-6bcbe8c8 elementor-widget elementor-widget-heading\" data-id=\"6bcbe8c8\" data-element_type=\"widget\" data-widget_type=\"heading.default\">\n\t\t\t\t<div class=\"elementor-widget-container\">\n\t\t\t<h1 class=\"elementor-heading-title elementor-size-default\">Webshop treuils<\/h1>\t\t<\/div>\n\t\t\t\t<\/div>\n\t\t\t\t<div class=\"elementor-element elementor-element-7348c36 elementor-widget elementor-widget-text-editor\" data-id=\"7348c36\" data-element_type=\"widget\" data-widget_type=\"text-editor.default\">\n\t\t\t\t<div class=\"elementor-widget-container\">\n\t\t\t\t\t\t\t<p>S\u00e9lectionnez la cat\u00e9gorie de produits souhait\u00e9e ci-dessous :<\/p>\t\t\t\t\t\t<\/div>\n\t\t\t\t<\/div>\n\t\t<div class=\"elementor-element elementor-element-c0fe53e e-con-full e-flex e-con e-child\" data-id=\"c0fe53e\" data-element_type=\"container\">\n\t\t<div class=\"elementor-element elementor-element-6bd1b4e e-con-full e-flex e-con e-child\" data-id=\"6bd1b4e\" data-element_type=\"container\">\n\t\t\t\t<div class=\"elementor-element elementor-element-598c348 elementor-widget__width-initial elementor-widget elementor-widget-image\" data-id=\"598c348\" data-element_type=\"widget\" data-widget_type=\"image.default\">\n\t\t\t\t<div class=\"elementor-widget-container\">\n\t\t\t\t\t\t\t\t\t\t\t\t\t\t<a href=\"https:\/\/belgianwinchshop.be\/fr\/alle-winches\/\">\n\t\t\t\t\t\t\t<img fetchpriority=\"high\" decoding=\"async\" width=\"1024\" height=\"683\" src=\"https:\/\/belgianwinchshop.be\/wp-content\/uploads\/2024\/11\/12FTA12-Warrior-Winch-Gladiator-12500-Rope-Demo-6-scaled-1024x683.jpg\" class=\"attachment-large size-large wp-image-1648\" alt=\"\" srcset=\"https:\/\/belgianwinchshop.be\/wp-content\/uploads\/2024\/11\/12FTA12-Warrior-Winch-Gladiator-12500-Rope-Demo-6-scaled-1024x683.jpg 1024w, https:\/\/belgianwinchshop.be\/wp-content\/uploads\/2024\/11\/12FTA12-Warrior-Winch-Gladiator-12500-Rope-Demo-6-scaled-300x200.jpg 300w, https:\/\/belgianwinchshop.be\/wp-content\/uploads\/2024\/11\/12FTA12-Warrior-Winch-Gladiator-12500-Rope-Demo-6-scaled-768x512.jpg 768w, https:\/\/belgianwinchshop.be\/wp-content\/uploads\/2024\/11\/12FTA12-Warrior-Winch-Gladiator-12500-Rope-Demo-6-scaled-1536x1024.jpg 1536w, https:\/\/belgianwinchshop.be\/wp-content\/uploads\/2024\/11\/12FTA12-Warrior-Winch-Gladiator-12500-Rope-Demo-6-scaled-2048x1366.jpg 2048w, https:\/\/belgianwinchshop.be\/wp-content\/uploads\/2024\/11\/12FTA12-Warrior-Winch-Gladiator-12500-Rope-Demo-6-scaled-600x400.jpg 600w\" sizes=\"(max-width: 1024px) 100vw, 1024px\" \/>\t\t\t\t\t\t\t\t<\/a>\n\t\t\t\t\t\t\t\t\t\t\t\t\t<\/div>\n\t\t\t\t<\/div>\n\t\t\t\t<div class=\"elementor-element elementor-element-4f1cb2f elementor-widget__width-inherit elementor-widget elementor-widget-heading\" data-id=\"4f1cb2f\" data-element_type=\"widget\" data-widget_type=\"heading.default\">\n\t\t\t\t<div class=\"elementor-widget-container\">\n\t\t\t<h5 class=\"elementor-heading-title elementor-size-default\"><a href=\"https:\/\/belgianwinchshop.be\/fr\/alle-winches\/\">Tous les<br>treuils<br><\/a><\/h5>\t\t<\/div>\n\t\t\t\t<\/div>\n\t\t\t\t<\/div>\n\t\t<div class=\"elementor-element elementor-element-3cc140e e-con-full e-flex e-con e-child\" data-id=\"3cc140e\" data-element_type=\"container\">\n\t\t\t\t<div class=\"elementor-element elementor-element-cad5fe7 elementor-widget__width-initial elementor-widget elementor-widget-image\" data-id=\"cad5fe7\" data-element_type=\"widget\" data-widget_type=\"image.default\">\n\t\t\t\t<div class=\"elementor-widget-container\">\n\t\t\t\t\t\t\t\t\t\t\t\t\t\t<a href=\"https:\/\/belgianwinchshop.be\/fr\/warrior-winches\/\">\n\t\t\t\t\t\t\t<img decoding=\"async\" width=\"1024\" height=\"1024\" src=\"https:\/\/belgianwinchshop.be\/wp-content\/uploads\/2024\/11\/800VS12-Warrior-Winch-Samurai-8000-Steel-Front-Accessories-1024x1024.jpg\" class=\"attachment-large size-large wp-image-1789\" alt=\"\" srcset=\"https:\/\/belgianwinchshop.be\/wp-content\/uploads\/2024\/11\/800VS12-Warrior-Winch-Samurai-8000-Steel-Front-Accessories-1024x1024.jpg 1024w, https:\/\/belgianwinchshop.be\/wp-content\/uploads\/2024\/11\/800VS12-Warrior-Winch-Samurai-8000-Steel-Front-Accessories-300x300.jpg 300w, https:\/\/belgianwinchshop.be\/wp-content\/uploads\/2024\/11\/800VS12-Warrior-Winch-Samurai-8000-Steel-Front-Accessories-150x150.jpg 150w, https:\/\/belgianwinchshop.be\/wp-content\/uploads\/2024\/11\/800VS12-Warrior-Winch-Samurai-8000-Steel-Front-Accessories-768x768.jpg 768w, https:\/\/belgianwinchshop.be\/wp-content\/uploads\/2024\/11\/800VS12-Warrior-Winch-Samurai-8000-Steel-Front-Accessories-1536x1536.jpg 1536w, https:\/\/belgianwinchshop.be\/wp-content\/uploads\/2024\/11\/800VS12-Warrior-Winch-Samurai-8000-Steel-Front-Accessories-2048x2048.jpg 2048w, https:\/\/belgianwinchshop.be\/wp-content\/uploads\/2024\/11\/800VS12-Warrior-Winch-Samurai-8000-Steel-Front-Accessories-600x600.jpg 600w, https:\/\/belgianwinchshop.be\/wp-content\/uploads\/2024\/11\/800VS12-Warrior-Winch-Samurai-8000-Steel-Front-Accessories-100x100.jpg 100w\" sizes=\"(max-width: 1024px) 100vw, 1024px\" \/>\t\t\t\t\t\t\t\t<\/a>\n\t\t\t\t\t\t\t\t\t\t\t\t\t<\/div>\n\t\t\t\t<\/div>\n\t\t\t\t<div class=\"elementor-element elementor-element-beedbe2 elementor-widget__width-inherit elementor-widget elementor-widget-heading\" data-id=\"beedbe2\" data-element_type=\"widget\" data-widget_type=\"heading.default\">\n\t\t\t\t<div class=\"elementor-widget-container\">\n\t\t\t<h5 class=\"elementor-heading-title elementor-size-default\"><a href=\"https:\/\/belgianwinchshop.be\/fr\/warrior-winches\/\">Premium Treuils Warrior<\/a><\/h5>\t\t<\/div>\n\t\t\t\t<\/div>\n\t\t\t\t<\/div>\n\t\t<div class=\"elementor-element elementor-element-091427c e-con-full e-flex e-con e-child\" data-id=\"091427c\" data-element_type=\"container\">\n\t\t\t\t<div class=\"elementor-element elementor-element-0f4cf32 elementor-widget__width-inherit elementor-widget elementor-widget-image\" data-id=\"0f4cf32\" data-element_type=\"widget\" data-widget_type=\"image.default\">\n\t\t\t\t<div class=\"elementor-widget-container\">\n\t\t\t\t\t\t\t\t\t\t\t\t\t\t<a href=\"https:\/\/belgianwinchshop.be\/fr\/stealth-winches\/\">\n\t\t\t\t\t\t\t<img decoding=\"async\" width=\"1024\" height=\"991\" src=\"https:\/\/belgianwinchshop.be\/wp-content\/uploads\/2024\/11\/13V2A12-Stealth-Winch-13500-Rope-Front-Accessories-1024x991.jpg\" class=\"attachment-large size-large wp-image-1701\" alt=\"\" srcset=\"https:\/\/belgianwinchshop.be\/wp-content\/uploads\/2024\/11\/13V2A12-Stealth-Winch-13500-Rope-Front-Accessories-1024x991.jpg 1024w, https:\/\/belgianwinchshop.be\/wp-content\/uploads\/2024\/11\/13V2A12-Stealth-Winch-13500-Rope-Front-Accessories-300x290.jpg 300w, https:\/\/belgianwinchshop.be\/wp-content\/uploads\/2024\/11\/13V2A12-Stealth-Winch-13500-Rope-Front-Accessories-768x743.jpg 768w, https:\/\/belgianwinchshop.be\/wp-content\/uploads\/2024\/11\/13V2A12-Stealth-Winch-13500-Rope-Front-Accessories-1536x1486.jpg 1536w, https:\/\/belgianwinchshop.be\/wp-content\/uploads\/2024\/11\/13V2A12-Stealth-Winch-13500-Rope-Front-Accessories-2048x1982.jpg 2048w, https:\/\/belgianwinchshop.be\/wp-content\/uploads\/2024\/11\/13V2A12-Stealth-Winch-13500-Rope-Front-Accessories-600x581.jpg 600w\" sizes=\"(max-width: 1024px) 100vw, 1024px\" \/>\t\t\t\t\t\t\t\t<\/a>\n\t\t\t\t\t\t\t\t\t\t\t\t\t<\/div>\n\t\t\t\t<\/div>\n\t\t\t\t<div class=\"elementor-element elementor-element-29406c0 elementor-widget__width-inherit elementor-widget elementor-widget-heading\" data-id=\"29406c0\" data-element_type=\"widget\" data-widget_type=\"heading.default\">\n\t\t\t\t<div class=\"elementor-widget-container\">\n\t\t\t<h5 class=\"elementor-heading-title elementor-size-default\"><a href=\"https:\/\/belgianwinchshop.be\/fr\/stealth-winches\/\">Budget treuils <br>treuils<\/a><\/h5>\t\t<\/div>\n\t\t\t\t<\/div>\n\t\t\t\t<\/div>\n\t\t<div class=\"elementor-element elementor-element-24ccdab e-con-full e-flex e-con e-child\" data-id=\"24ccdab\" data-element_type=\"container\">\n\t\t\t\t<div class=\"elementor-element elementor-element-11e5386 elementor-widget__width-inherit elementor-widget elementor-widget-image\" data-id=\"11e5386\" data-element_type=\"widget\" data-widget_type=\"image.default\">\n\t\t\t\t<div class=\"elementor-widget-container\">\n\t\t\t\t\t\t\t\t\t\t\t\t\t\t<a href=\"https:\/\/belgianwinchshop.be\/fr\/winch-accessoires\/\">\n\t\t\t\t\t\t\t<img loading=\"lazy\" decoding=\"async\" width=\"1024\" height=\"1024\" src=\"https:\/\/belgianwinchshop.be\/wp-content\/uploads\/2024\/11\/LWC003-Warrior-Winch-Cover-8000-13500-1024x1024.jpg\" class=\"attachment-large size-large wp-image-1889\" alt=\"\" srcset=\"https:\/\/belgianwinchshop.be\/wp-content\/uploads\/2024\/11\/LWC003-Warrior-Winch-Cover-8000-13500-1024x1024.jpg 1024w, https:\/\/belgianwinchshop.be\/wp-content\/uploads\/2024\/11\/LWC003-Warrior-Winch-Cover-8000-13500-300x300.jpg 300w, https:\/\/belgianwinchshop.be\/wp-content\/uploads\/2024\/11\/LWC003-Warrior-Winch-Cover-8000-13500-150x150.jpg 150w, https:\/\/belgianwinchshop.be\/wp-content\/uploads\/2024\/11\/LWC003-Warrior-Winch-Cover-8000-13500-768x768.jpg 768w, https:\/\/belgianwinchshop.be\/wp-content\/uploads\/2024\/11\/LWC003-Warrior-Winch-Cover-8000-13500-600x600.jpg 600w, https:\/\/belgianwinchshop.be\/wp-content\/uploads\/2024\/11\/LWC003-Warrior-Winch-Cover-8000-13500-100x100.jpg 100w, https:\/\/belgianwinchshop.be\/wp-content\/uploads\/2024\/11\/LWC003-Warrior-Winch-Cover-8000-13500.jpg 1200w\" sizes=\"(max-width: 1024px) 100vw, 1024px\" \/>\t\t\t\t\t\t\t\t<\/a>\n\t\t\t\t\t\t\t\t\t\t\t\t\t<\/div>\n\t\t\t\t<\/div>\n\t\t\t\t<div class=\"elementor-element elementor-element-df18eb9 elementor-widget__width-inherit elementor-widget elementor-widget-heading\" data-id=\"df18eb9\" data-element_type=\"widget\" data-widget_type=\"heading.default\">\n\t\t\t\t<div class=\"elementor-widget-container\">\n\t\t\t<h5 class=\"elementor-heading-title elementor-size-default\"><a href=\"https:\/\/belgianwinchshop.be\/fr\/winch-accessoires\/\">Accessoires pour treuils<br><\/a><\/h5>\t\t<\/div>\n\t\t\t\t<\/div>\n\t\t\t\t<\/div>\n\t\t<div class=\"elementor-element elementor-element-50fef9a e-con-full e-flex e-con e-child\" data-id=\"50fef9a\" data-element_type=\"container\">\n\t\t\t\t<div class=\"elementor-element elementor-element-2611937 elementor-widget__width-inherit elementor-widget elementor-widget-image\" data-id=\"2611937\" data-element_type=\"widget\" data-widget_type=\"image.default\">\n\t\t\t\t<div class=\"elementor-widget-container\">\n\t\t\t\t\t\t\t\t\t\t\t\t\t\t<a href=\"https:\/\/belgianwinchshop.be\/fr\/spanbanden-auto\/\">\n\t\t\t\t\t\t\t<img loading=\"lazy\" decoding=\"async\" width=\"330\" height=\"245\" src=\"https:\/\/belgianwinchshop.be\/wp-content\/uploads\/2023\/10\/Spanbanden-auto-50-mm-x-30m-demo.jpg\" class=\"attachment-large size-large wp-image-251\" alt=\"Spanbanden Auto Transport 50 mm Demo\" srcset=\"https:\/\/belgianwinchshop.be\/wp-content\/uploads\/2023\/10\/Spanbanden-auto-50-mm-x-30m-demo.jpg 330w, https:\/\/belgianwinchshop.be\/wp-content\/uploads\/2023\/10\/Spanbanden-auto-50-mm-x-30m-demo-300x223.jpg 300w\" sizes=\"(max-width: 330px) 100vw, 330px\" \/>\t\t\t\t\t\t\t\t<\/a>\n\t\t\t\t\t\t\t\t\t\t\t\t\t<\/div>\n\t\t\t\t<\/div>\n\t\t\t\t<div class=\"elementor-element elementor-element-947e916 elementor-widget__width-inherit elementor-widget elementor-widget-heading\" data-id=\"947e916\" data-element_type=\"widget\" data-widget_type=\"heading.default\">\n\t\t\t\t<div class=\"elementor-widget-container\">\n\t\t\t<h5 class=\"elementor-heading-title elementor-size-default\"><a href=\"https:\/\/belgianwinchshop.be\/fr\/spanbanden-auto\/\">Sangle fixation transport voiture<br><\/a><\/h5>\t\t<\/div>\n\t\t\t\t<\/div>\n\t\t\t\t<\/div>\n\t\t\t\t<\/div>\n\t\t\t\t\t<\/div>\n\t\t\t\t<\/div>\n\t\t<div class=\"elementor-element elementor-element-431d4356 e-con-full e-flex e-con e-parent\" data-id=\"431d4356\" data-element_type=\"container\" data-settings=\"{&quot;background_background&quot;:&quot;classic&quot;}\">\n\t\t<div class=\"elementor-element elementor-element-722bba3f e-con-full e-flex e-con e-child\" data-id=\"722bba3f\" data-element_type=\"container\">\n\t\t\t\t<div class=\"elementor-element elementor-element-77e6f07 elementor-widget elementor-widget-heading\" data-id=\"77e6f07\" data-element_type=\"widget\" data-widget_type=\"heading.default\">\n\t\t\t\t<div class=\"elementor-widget-container\">\n\t\t\t<h5 class=\"elementor-heading-title elementor-size-default\">Service client<\/h5>\t\t<\/div>\n\t\t\t\t<\/div>\n\t\t\t\t<div class=\"change-links-color elementor-element elementor-element-39ad7407 elementor-widget elementor-widget-text-editor\" data-id=\"39ad7407\" data-element_type=\"widget\" data-widget_type=\"text-editor.default\">\n\t\t\t\t<div class=\"elementor-widget-container\">\n\t\t\t\t\t\t\t<p><a href=\"https:\/\/belgianwinchshop.be\/fr\/betalen-en-verzenden\/\">Payment<\/a><br \/><a href=\"https:\/\/belgianwinchshop.be\/fr\/betalen-en-verzenden\/\">Exp\u00e9dition et livraison<\/a><br \/><a href=\"https:\/\/belgianwinchshop.be\/fr\/terugbetaalde-retourneringen\/\" target=\"_blank\" rel=\"noopener\">Remboursement et retour<\/a><br \/><a href=\"https:\/\/belgianwinchshop.be\/fr\/contact\/\" target=\"_blank\" rel=\"noopener\">Contact<\/a><\/p>\t\t\t\t\t\t<\/div>\n\t\t\t\t<\/div>\n\t\t\t\t<\/div>\n\t\t<div class=\"elementor-element elementor-element-4d55b4de e-con-full e-flex e-con e-child\" data-id=\"4d55b4de\" data-element_type=\"container\">\n\t\t\t\t<div class=\"elementor-element elementor-element-52d14a64 elementor-widget elementor-widget-heading\" data-id=\"52d14a64\" data-element_type=\"widget\" data-widget_type=\"heading.default\">\n\t\t\t\t<div class=\"elementor-widget-container\">\n\t\t\t<h5 class=\"elementor-heading-title elementor-size-default\">\u00c0 propos de nous<\/h5>\t\t<\/div>\n\t\t\t\t<\/div>\n\t\t\t\t<div class=\"change-links-color elementor-element elementor-element-370c0659 elementor-widget elementor-widget-text-editor\" data-id=\"370c0659\" data-element_type=\"widget\" data-widget_type=\"text-editor.default\">\n\t\t\t\t<div class=\"elementor-widget-container\">\n\t\t\t\t\t\t\t<p><a href=\"https:\/\/belgianwinchshop.be\/fr\/over-ons\/\" target=\"_blank\" rel=\"noopener\">Qui sommes-nous?<\/a><br \/><a href=\"https:\/\/belgianwinchshop.be\/fr\/contact\/\" target=\"_blank\" rel=\"noopener\">Heures d'ouverture<\/a><br \/><a href=\"https:\/\/belgianwinchshop.be\/fr\/voorwaarden\/\" target=\"_blank\" rel=\"noopener\">Conditions g\u00e9n\u00e9rales<\/a><br \/><a href=\"https:\/\/belgianwinchshop.be\/fr\/privacy-en-cookie-policy\/\" target=\"_blank\" rel=\"noopener\">Politique de confidentialit\u00e9<\/a><\/p><p><object id=\"__symantecMPKIClientMessenger\" style=\"display: none;\" data-supports-flavor-configuration=\"true\" data-extension-version=\"1.2.0.158\"><\/object><span id=\"__symantecMPKIClientDetector\" style=\"display: none;\">__PRESENT<\/span><\/p>\t\t\t\t\t\t<\/div>\n\t\t\t\t<\/div>\n\t\t\t\t<\/div>\n\t\t<div class=\"elementor-element elementor-element-6d181196 e-con-full e-flex e-con e-child\" data-id=\"6d181196\" data-element_type=\"container\">\n\t\t\t\t<div class=\"elementor-element elementor-element-635a3a09 elementor-widget elementor-widget-heading\" data-id=\"635a3a09\" data-element_type=\"widget\" data-widget_type=\"heading.default\">\n\t\t\t\t<div class=\"elementor-widget-container\">\n\t\t\t<h3 class=\"elementor-heading-title elementor-size-default\">Belgian winch shop<\/h3>\t\t<\/div>\n\t\t\t\t<\/div>\n\t\t\t\t<div class=\"elementor-element elementor-element-1c1a0cc9 elementor-widget elementor-widget-heading\" data-id=\"1c1a0cc9\" data-element_type=\"widget\" data-widget_type=\"heading.default\">\n\t\t\t\t<div class=\"elementor-widget-container\">\n\t\t\t<h6 class=\"elementor-heading-title elementor-size-default\">est une initiative de Legein Frank BV<\/h6>\t\t<\/div>\n\t\t\t\t<\/div>\n\t\t\t\t<div class=\"elementor-element elementor-element-3acf0126 elementor-widget elementor-widget-text-editor\" data-id=\"3acf0126\" data-element_type=\"widget\" data-widget_type=\"text-editor.default\">\n\t\t\t\t<div class=\"elementor-widget-container\">\n\t\t\t\t\t\t\t<p>Toevluchtweg 8A, 8620 Nieuwpoort<br>BE 0806 829 865<br>frank.legein@skynet.be<\/p>\t\t\t\t\t\t<\/div>\n\t\t\t\t<\/div>\n\t\t\t\t<\/div>\n\t\t\t\t<\/div>\n\t\t\t\t<\/div>","protected":false},"excerpt":{"rendered":"<p>Webshop winchen Selecteer de gewenste productcategorie hieronder: Allewinches Premium Warrior winches Budget Stealth winches Accessoires Spanband auto Klantendienst BetalenVerzending en leveringTerugbetaal- en retourneringsbeleidContact Over ons Wij zijn we?OpeningsurenAlgemene voorwaardenPrivacy beleid __PRESENT Belgian winch shop is een initiatief van Legein Frank BV Toevluchtweg 8A, 8620 NieuwpoortBE 0806 829 865frank.legein@skynet.be<\/p>","protected":false},"author":1,"featured_media":0,"parent":0,"menu_order":0,"comment_status":"closed","ping_status":"closed","template":"","meta":{"iawp_total_views":1635,"footnotes":""},"class_list":["post-682","page","type-page","status-publish","hentry"],"blocksy_meta":[],"yoast_head":"<!-- This site is optimized with the Yoast SEO plugin v25.8 - https:\/\/yoast.com\/wordpress\/plugins\/seo\/ -->\n<title>Webshop - Belgian Winch Shop<\/title>\n<meta name=\"robots\" content=\"index, follow, max-snippet:-1, max-image-preview:large, max-video-preview:-1\" \/>\n<link rel=\"canonical\" href=\"https:\/\/belgianwinchshop.be\/fr\/shop\/\" \/>\n<meta property=\"og:locale\" content=\"fr_FR\" \/>\n<meta property=\"og:type\" content=\"article\" \/>\n<meta property=\"og:title\" content=\"Webshop - Belgian Winch Shop\" \/>\n<meta property=\"og:description\" content=\"Webshop winchen Selecteer de gewenste productcategorie hieronder: Allewinches Premium Warrior winches Budget Stealth winches Accessoires Spanband auto Klantendienst BetalenVerzending en leveringTerugbetaal- en retourneringsbeleidContact Over ons Wij zijn we?OpeningsurenAlgemene voorwaardenPrivacy beleid __PRESENT Belgian winch shop is een initiatief van Legein Frank BV Toevluchtweg 8A, 8620 NieuwpoortBE 0806 829 865frank.legein@skynet.be\" \/>\n<meta property=\"og:url\" content=\"https:\/\/belgianwinchshop.be\/fr\/shop\/\" \/>\n<meta property=\"og:site_name\" content=\"Belgian Winch Shop\" \/>\n<meta property=\"article:modified_time\" content=\"2025-03-13T18:12:31+00:00\" \/>\n<meta property=\"og:image\" content=\"https:\/\/belgianwinchshop.be\/wp-content\/uploads\/2024\/11\/12FTA12-Warrior-Winch-Gladiator-12500-Rope-Demo-6-scaled.jpg\" \/>\n\t<meta property=\"og:image:width\" content=\"2560\" \/>\n\t<meta property=\"og:image:height\" content=\"1707\" \/>\n\t<meta property=\"og:image:type\" content=\"image\/jpeg\" \/>\n<meta name=\"twitter:card\" content=\"summary_large_image\" \/>\n<script type=\"application\/ld+json\" class=\"yoast-schema-graph\">{\"@context\":\"https:\/\/schema.org\",\"@graph\":[{\"@type\":\"WebPage\",\"@id\":\"https:\/\/belgianwinchshop.be\/shop\/\",\"url\":\"https:\/\/belgianwinchshop.be\/shop\/\",\"name\":\"Webshop - Belgian Winch Shop\",\"isPartOf\":{\"@id\":\"https:\/\/belgianwinchshop.be\/#website\"},\"primaryImageOfPage\":{\"@id\":\"https:\/\/belgianwinchshop.be\/shop\/#primaryimage\"},\"image\":{\"@id\":\"https:\/\/belgianwinchshop.be\/shop\/#primaryimage\"},\"thumbnailUrl\":\"https:\/\/belgianwinchshop.be\/wp-content\/uploads\/2024\/11\/12FTA12-Warrior-Winch-Gladiator-12500-Rope-Demo-6-scaled-1024x683.jpg\",\"datePublished\":\"2023-11-02T22:21:34+00:00\",\"dateModified\":\"2025-03-13T18:12:31+00:00\",\"breadcrumb\":{\"@id\":\"https:\/\/belgianwinchshop.be\/shop\/#breadcrumb\"},\"inLanguage\":\"fr-BE\",\"potentialAction\":[{\"@type\":\"ReadAction\",\"target\":[\"https:\/\/belgianwinchshop.be\/shop\/\"]}]},{\"@type\":\"ImageObject\",\"inLanguage\":\"fr-BE\",\"@id\":\"https:\/\/belgianwinchshop.be\/shop\/#primaryimage\",\"url\":\"https:\/\/belgianwinchshop.be\/wp-content\/uploads\/2024\/11\/12FTA12-Warrior-Winch-Gladiator-12500-Rope-Demo-6-scaled-1024x683.jpg\",\"contentUrl\":\"https:\/\/belgianwinchshop.be\/wp-content\/uploads\/2024\/11\/12FTA12-Warrior-Winch-Gladiator-12500-Rope-Demo-6-scaled-1024x683.jpg\"},{\"@type\":\"BreadcrumbList\",\"@id\":\"https:\/\/belgianwinchshop.be\/shop\/#breadcrumb\",\"itemListElement\":[{\"@type\":\"ListItem\",\"position\":1,\"name\":\"Home\",\"item\":\"https:\/\/belgianwinchshop.be\/\"},{\"@type\":\"ListItem\",\"position\":2,\"name\":\"Webshop\"}]},{\"@type\":\"WebSite\",\"@id\":\"https:\/\/belgianwinchshop.be\/#website\",\"url\":\"https:\/\/belgianwinchshop.be\/\",\"name\":\"Belgian Winch Shop\",\"description\":\"Warrior winches and more\",\"publisher\":{\"@id\":\"https:\/\/belgianwinchshop.be\/#organization\"},\"potentialAction\":[{\"@type\":\"SearchAction\",\"target\":{\"@type\":\"EntryPoint\",\"urlTemplate\":\"https:\/\/belgianwinchshop.be\/?s={search_term_string}\"},\"query-input\":{\"@type\":\"PropertyValueSpecification\",\"valueRequired\":true,\"valueName\":\"search_term_string\"}}],\"inLanguage\":\"fr-BE\"},{\"@type\":\"Organization\",\"@id\":\"https:\/\/belgianwinchshop.be\/#organization\",\"name\":\"Belgian Winch Shop\",\"url\":\"https:\/\/belgianwinchshop.be\/\",\"logo\":{\"@type\":\"ImageObject\",\"inLanguage\":\"fr-BE\",\"@id\":\"https:\/\/belgianwinchshop.be\/#\/schema\/logo\/image\/\",\"url\":\"https:\/\/belgianwinchshop.be\/wp-content\/uploads\/2023\/10\/Untitled4-1.png\",\"contentUrl\":\"https:\/\/belgianwinchshop.be\/wp-content\/uploads\/2023\/10\/Untitled4-1.png\",\"width\":788,\"height\":271,\"caption\":\"Belgian Winch Shop\"},\"image\":{\"@id\":\"https:\/\/belgianwinchshop.be\/#\/schema\/logo\/image\/\"}}]}<\/script>\n<!-- \/ Yoast SEO plugin. -->","yoast_head_json":{"title":"Webshop - Belgian Winch Shop","robots":{"index":"index","follow":"follow","max-snippet":"max-snippet:-1","max-image-preview":"max-image-preview:large","max-video-preview":"max-video-preview:-1"},"canonical":"https:\/\/belgianwinchshop.be\/fr\/shop\/","og_locale":"fr_FR","og_type":"article","og_title":"Webshop - Belgian Winch Shop","og_description":"Webshop winchen Selecteer de gewenste productcategorie hieronder: Allewinches Premium Warrior winches Budget Stealth winches Accessoires Spanband auto Klantendienst BetalenVerzending en leveringTerugbetaal- en retourneringsbeleidContact Over ons Wij zijn we?OpeningsurenAlgemene voorwaardenPrivacy beleid __PRESENT Belgian winch shop is een initiatief van Legein Frank BV Toevluchtweg 8A, 8620 NieuwpoortBE 0806 829 865frank.legein@skynet.be","og_url":"https:\/\/belgianwinchshop.be\/fr\/shop\/","og_site_name":"Belgian Winch Shop","article_modified_time":"2025-03-13T18:12:31+00:00","og_image":[{"width":2560,"height":1707,"url":"https:\/\/belgianwinchshop.be\/wp-content\/uploads\/2024\/11\/12FTA12-Warrior-Winch-Gladiator-12500-Rope-Demo-6-scaled.jpg","type":"image\/jpeg"}],"twitter_card":"summary_large_image","schema":{"@context":"https:\/\/schema.org","@graph":[{"@type":"WebPage","@id":"https:\/\/belgianwinchshop.be\/shop\/","url":"https:\/\/belgianwinchshop.be\/shop\/","name":"Webshop - Belgian Winch Shop","isPartOf":{"@id":"https:\/\/belgianwinchshop.be\/#website"},"primaryImageOfPage":{"@id":"https:\/\/belgianwinchshop.be\/shop\/#primaryimage"},"image":{"@id":"https:\/\/belgianwinchshop.be\/shop\/#primaryimage"},"thumbnailUrl":"https:\/\/belgianwinchshop.be\/wp-content\/uploads\/2024\/11\/12FTA12-Warrior-Winch-Gladiator-12500-Rope-Demo-6-scaled-1024x683.jpg","datePublished":"2023-11-02T22:21:34+00:00","dateModified":"2025-03-13T18:12:31+00:00","breadcrumb":{"@id":"https:\/\/belgianwinchshop.be\/shop\/#breadcrumb"},"inLanguage":"fr-BE","potentialAction":[{"@type":"ReadAction","target":["https:\/\/belgianwinchshop.be\/shop\/"]}]},{"@type":"ImageObject","inLanguage":"fr-BE","@id":"https:\/\/belgianwinchshop.be\/shop\/#primaryimage","url":"https:\/\/belgianwinchshop.be\/wp-content\/uploads\/2024\/11\/12FTA12-Warrior-Winch-Gladiator-12500-Rope-Demo-6-scaled-1024x683.jpg","contentUrl":"https:\/\/belgianwinchshop.be\/wp-content\/uploads\/2024\/11\/12FTA12-Warrior-Winch-Gladiator-12500-Rope-Demo-6-scaled-1024x683.jpg"},{"@type":"BreadcrumbList","@id":"https:\/\/belgianwinchshop.be\/shop\/#breadcrumb","itemListElement":[{"@type":"ListItem","position":1,"name":"Home","item":"https:\/\/belgianwinchshop.be\/"},{"@type":"ListItem","position":2,"name":"Webshop"}]},{"@type":"WebSite","@id":"https:\/\/belgianwinchshop.be\/#website","url":"https:\/\/belgianwinchshop.be\/","name":"Belgian Winch Shop","description":"Warrior winches and more","publisher":{"@id":"https:\/\/belgianwinchshop.be\/#organization"},"potentialAction":[{"@type":"SearchAction","target":{"@type":"EntryPoint","urlTemplate":"https:\/\/belgianwinchshop.be\/?s={search_term_string}"},"query-input":{"@type":"PropertyValueSpecification","valueRequired":true,"valueName":"search_term_string"}}],"inLanguage":"fr-BE"},{"@type":"Organization","@id":"https:\/\/belgianwinchshop.be\/#organization","name":"Belgian Winch Shop","url":"https:\/\/belgianwinchshop.be\/","logo":{"@type":"ImageObject","inLanguage":"fr-BE","@id":"https:\/\/belgianwinchshop.be\/#\/schema\/logo\/image\/","url":"https:\/\/belgianwinchshop.be\/wp-content\/uploads\/2023\/10\/Untitled4-1.png","contentUrl":"https:\/\/belgianwinchshop.be\/wp-content\/uploads\/2023\/10\/Untitled4-1.png","width":788,"height":271,"caption":"Belgian Winch Shop"},"image":{"@id":"https:\/\/belgianwinchshop.be\/#\/schema\/logo\/image\/"}}]}},"jetpack_sharing_enabled":true,"_links":{"self":[{"href":"https:\/\/belgianwinchshop.be\/fr\/wp-json\/wp\/v2\/pages\/682","targetHints":{"allow":["GET"]}}],"collection":[{"href":"https:\/\/belgianwinchshop.be\/fr\/wp-json\/wp\/v2\/pages"}],"about":[{"href":"https:\/\/belgianwinchshop.be\/fr\/wp-json\/wp\/v2\/types\/page"}],"author":[{"embeddable":true,"href":"https:\/\/belgianwinchshop.be\/fr\/wp-json\/wp\/v2\/users\/1"}],"replies":[{"embeddable":true,"href":"https:\/\/belgianwinchshop.be\/fr\/wp-json\/wp\/v2\/comments?post=682"}],"version-history":[{"count":100,"href":"https:\/\/belgianwinchshop.be\/fr\/wp-json\/wp\/v2\/pages\/682\/revisions"}],"predecessor-version":[{"id":2082,"href":"https:\/\/belgianwinchshop.be\/fr\/wp-json\/wp\/v2\/pages\/682\/revisions\/2082"}],"wp:attachment":[{"href":"https:\/\/belgianwinchshop.be\/fr\/wp-json\/wp\/v2\/media?parent=682"}],"curies":[{"name":"wp","href":"https:\/\/api.w.org\/{rel}","templated":true}]}}