{"id":805,"date":"2023-11-03T17:27:51","date_gmt":"2023-11-03T15:27:51","guid":{"rendered":"https:\/\/belgianwinchshop.be\/?page_id=805"},"modified":"2026-02-19T15:55:03","modified_gmt":"2026-02-19T14:55:03","slug":"betalen-en-verzenden","status":"publish","type":"page","link":"https:\/\/belgianwinchshop.be\/fr\/betalen-en-verzenden\/","title":{"rendered":"Paiement et livraison"},"content":{"rendered":"<div data-elementor-type=\"wp-page\" data-elementor-id=\"805\" class=\"elementor elementor-805\">\n\t\t\t\t<div class=\"elementor-element elementor-element-6b3eec98 e-flex e-con-boxed e-con e-parent\" data-id=\"6b3eec98\" data-element_type=\"container\">\n\t\t\t\t\t<div class=\"e-con-inner\">\n\t\t\t\t<div class=\"elementor-element elementor-element-1723b41f elementor-widget elementor-widget-heading\" data-id=\"1723b41f\" data-element_type=\"widget\" data-widget_type=\"heading.default\">\n\t\t\t\t<div class=\"elementor-widget-container\">\n\t\t\t<h2 class=\"elementor-heading-title elementor-size-default\">Paiement et livraison<\/h2>\t\t<\/div>\n\t\t\t\t<\/div>\n\t\t\t\t<div class=\"elementor-element elementor-element-7f36612 elementor-widget elementor-widget-heading\" data-id=\"7f36612\" data-element_type=\"widget\" data-widget_type=\"heading.default\">\n\t\t\t\t<div class=\"elementor-widget-container\">\n\t\t\t<h5 class=\"elementor-heading-title elementor-size-default\">Payment<\/h5>\t\t<\/div>\n\t\t\t\t<\/div>\n\t\t\t\t<div class=\"elementor-element elementor-element-1a3b9e2b elementor-widget elementor-widget-text-editor\" data-id=\"1a3b9e2b\" data-element_type=\"widget\" data-widget_type=\"text-editor.default\">\n\t\t\t\t<div class=\"elementor-widget-container\">\n\t\t\t\t\t\t\t<p>Pour les paiements, nous collaborons avec le partenaire de paiement fiable Mollie.<\/p><p>Vous pouvez effectuer le paiement chez nous via Bancontact ou par virement bancaire.<\/p>\t\t\t\t\t\t<\/div>\n\t\t\t\t<\/div>\n\t\t\t\t<div class=\"elementor-element elementor-element-42118e6 elementor-widget elementor-widget-heading\" data-id=\"42118e6\" data-element_type=\"widget\" data-widget_type=\"heading.default\">\n\t\t\t\t<div class=\"elementor-widget-container\">\n\t\t\t<h5 class=\"elementor-heading-title elementor-size-default\">Livraison<\/h5>\t\t<\/div>\n\t\t\t\t<\/div>\n\t\t\t\t<div class=\"elementor-element elementor-element-caa966c elementor-widget elementor-widget-heading\" data-id=\"caa966c\" data-element_type=\"widget\" data-widget_type=\"heading.default\">\n\t\t\t\t<div class=\"elementor-widget-container\">\n\t\t\t<h6 class=\"elementor-heading-title elementor-size-default\">1. Retrait (sur place)<\/h6>\t\t<\/div>\n\t\t\t\t<\/div>\n\t\t\t\t<div class=\"elementor-element elementor-element-18c6b8f elementor-widget elementor-widget-text-editor\" data-id=\"18c6b8f\" data-element_type=\"widget\" data-widget_type=\"text-editor.default\">\n\t\t\t\t<div class=\"elementor-widget-container\">\n\t\t\t\t\t\t\t<p>Les articles achet\u00e9s peuvent \u00eatre chercher chez nous <strong>sur rendez-vous<\/strong> dans notre entrep\u00f4t \u00e0 Nieuport. Voir <span style=\"text-decoration: underline;\"><a href=\"https:\/\/belgianwinchshop.be\/fr\/contact\/\">Contact<\/a>.<\/span><\/p>\t\t\t\t\t\t<\/div>\n\t\t\t\t<\/div>\n\t\t\t\t<div class=\"elementor-element elementor-element-33d8da6 elementor-widget elementor-widget-heading\" data-id=\"33d8da6\" data-element_type=\"widget\" data-widget_type=\"heading.default\">\n\t\t\t\t<div class=\"elementor-widget-container\">\n\t\t\t<h6 class=\"elementor-heading-title elementor-size-default\">2. Livraison<\/h6>\t\t<\/div>\n\t\t\t\t<\/div>\n\t\t\t\t<div class=\"elementor-element elementor-element-08857d4 elementor-widget elementor-widget-text-editor\" data-id=\"08857d4\" data-element_type=\"widget\" data-widget_type=\"text-editor.default\">\n\t\t\t\t<div class=\"elementor-widget-container\">\n\t\t\t\t\t\t\t<p>Pour l\u2019envoi, nous collaborons avec Bpost et DPD.<\/p><p>Outre les accessoires, les treuils peuvent \u00e9galement \u00eatre exp\u00e9di\u00e9s. Toutefois, il est possible que l\u2019emballage soit ouvert afin d\u2019envoyer certains \u00e9l\u00e9ments du treuil, tels que le c\u00e2ble, le guide-c\u00e2ble, etc., dans une bo\u00eete s\u00e9par\u00e9e, de mani\u00e8re \u00e0 <b>maintenir le poids par colis en dessous de 30 kg.<\/b><\/p>\t\t\t\t\t\t<\/div>\n\t\t\t\t<\/div>\n\t\t\t\t\t<\/div>\n\t\t\t\t<\/div>\n\t\t<div class=\"elementor-element elementor-element-14cbbb66 e-flex e-con-boxed e-con e-parent\" data-id=\"14cbbb66\" data-element_type=\"container\" data-settings=\"{&quot;background_background&quot;:&quot;classic&quot;}\">\n\t\t\t\t\t<div class=\"e-con-inner\">\n\t\t<div class=\"elementor-element elementor-element-18b9edb3 e-con-full e-flex e-con e-child\" data-id=\"18b9edb3\" data-element_type=\"container\">\n\t\t\t\t<div class=\"elementor-element elementor-element-6eec6493 elementor-widget elementor-widget-heading\" data-id=\"6eec6493\" data-element_type=\"widget\" data-widget_type=\"heading.default\">\n\t\t\t\t<div class=\"elementor-widget-container\">\n\t\t\t<h5 class=\"elementor-heading-title elementor-size-default\">Service client<\/h5>\t\t<\/div>\n\t\t\t\t<\/div>\n\t\t\t\t<div class=\"change-links-color elementor-element elementor-element-10666dd3 elementor-widget elementor-widget-text-editor\" data-id=\"10666dd3\" data-element_type=\"widget\" data-widget_type=\"text-editor.default\">\n\t\t\t\t<div class=\"elementor-widget-container\">\n\t\t\t\t\t\t\t<p><a href=\"https:\/\/belgianwinchshop.be\/fr\/betalen-en-verzenden\/\">Payment<\/a><br \/><a href=\"https:\/\/belgianwinchshop.be\/fr\/betalen-en-verzenden\/\">Exp\u00e9dition et livraison<\/a><br \/><a href=\"https:\/\/belgianwinchshop.be\/fr\/terugbetaalde-retourneringen\/\" target=\"_blank\" rel=\"noopener\">Remboursement et retour<\/a><br \/><a href=\"https:\/\/belgianwinchshop.be\/fr\/contact\/\" rel=\"noopener\">Contact<\/a><\/p>\t\t\t\t\t\t<\/div>\n\t\t\t\t<\/div>\n\t\t\t\t<\/div>\n\t\t<div class=\"elementor-element elementor-element-6bbdaaca e-con-full e-flex e-con e-child\" data-id=\"6bbdaaca\" data-element_type=\"container\">\n\t\t\t\t<div class=\"elementor-element elementor-element-1c74b9c9 elementor-widget elementor-widget-heading\" data-id=\"1c74b9c9\" data-element_type=\"widget\" data-widget_type=\"heading.default\">\n\t\t\t\t<div class=\"elementor-widget-container\">\n\t\t\t<h5 class=\"elementor-heading-title elementor-size-default\">\u00c0 propos de nous<\/h5>\t\t<\/div>\n\t\t\t\t<\/div>\n\t\t\t\t<div class=\"change-links-color elementor-element elementor-element-3e794f85 elementor-widget elementor-widget-text-editor\" data-id=\"3e794f85\" data-element_type=\"widget\" data-widget_type=\"text-editor.default\">\n\t\t\t\t<div class=\"elementor-widget-container\">\n\t\t\t\t\t\t\t<p><a href=\"https:\/\/belgianwinchshop.be\/fr\/over-ons\/\" rel=\"noopener\">Qui sommes-nous?<\/a><br \/><a href=\"https:\/\/belgianwinchshop.be\/fr\/contact\/\" rel=\"noopener\">Heures d'ouverture<\/a><br \/><a href=\"https:\/\/belgianwinchshop.be\/fr\/voorwaarden\/\" target=\"_blank\" rel=\"noopener\">Conditions g\u00e9n\u00e9rales<\/a><br \/><a href=\"https:\/\/belgianwinchshop.be\/fr\/privacy-en-cookie-policy\/\" target=\"_blank\" rel=\"noopener\">Politique de confidentialit\u00e9<\/a><\/p><p><object id=\"__symantecMPKIClientMessenger\" style=\"display: none;\" width=\"300\" height=\"150\" data-supports-flavor-configuration=\"true\" data-extension-version=\"1.2.0.158\"><\/object><span id=\"__symantecMPKIClientDetector\" style=\"display: none;\">__PRESENT<\/span><\/p><p><span id=\"__symantecMPKIClientDetector\" style=\"display: none;\">__PRESENT<\/span><span id=\"__symantecMPKIClientDetector\" style=\"display: none;\">__PRESENT<\/span><span id=\"__symantecMPKIClientDetector\" style=\"display: none;\">__PRESENT<\/span><span id=\"__symantecMPKIClientDetector\" style=\"display: none;\">__PRESENT<\/span><\/p>\t\t\t\t\t\t<\/div>\n\t\t\t\t<\/div>\n\t\t\t\t<\/div>\n\t\t<div class=\"elementor-element elementor-element-75fc33f6 e-con-full e-flex e-con e-child\" data-id=\"75fc33f6\" data-element_type=\"container\">\n\t\t\t\t<div class=\"elementor-element elementor-element-2a681694 elementor-widget elementor-widget-heading\" data-id=\"2a681694\" data-element_type=\"widget\" data-widget_type=\"heading.default\">\n\t\t\t\t<div class=\"elementor-widget-container\">\n\t\t\t<h3 class=\"elementor-heading-title elementor-size-default\">Belgian winch shop<\/h3>\t\t<\/div>\n\t\t\t\t<\/div>\n\t\t\t\t<div class=\"elementor-element elementor-element-378142ba elementor-widget elementor-widget-heading\" data-id=\"378142ba\" data-element_type=\"widget\" data-widget_type=\"heading.default\">\n\t\t\t\t<div class=\"elementor-widget-container\">\n\t\t\t<h6 class=\"elementor-heading-title elementor-size-default\">est une initiative de Legein Frank BV<\/h6>\t\t<\/div>\n\t\t\t\t<\/div>\n\t\t\t\t<div class=\"elementor-element elementor-element-68fc0a83 elementor-widget elementor-widget-text-editor\" data-id=\"68fc0a83\" data-element_type=\"widget\" data-widget_type=\"text-editor.default\">\n\t\t\t\t<div class=\"elementor-widget-container\">\n\t\t\t\t\t\t\t<p>Toevluchtweg 8A, 8620 Nieuwpoort<br>BE 0806 829 865<br>frank.legein@skynet.be<\/p>\t\t\t\t\t\t<\/div>\n\t\t\t\t<\/div>\n\t\t\t\t<\/div>\n\t\t\t\t\t<\/div>\n\t\t\t\t<\/div>\n\t\t\t\t<\/div>","protected":false},"excerpt":{"rendered":"<p>Betalen en verzenden Betaling Voor betalingen werken wij samen met de betrouwbare betaalpartner Mollie. Betalen kunt u bij ons doen via Bancontact of Overschrijving. Verzenden 1. Ophalen Aangekochte artikelen kunnen bij ons opgehaald worden op afspraak in ons magazijn te Nieuwpoort. Zie Contact. 2. Verzenden Voor de verzending werken wij samen met BPost en DPD. [&hellip;]<\/p>","protected":false},"author":1,"featured_media":0,"parent":0,"menu_order":0,"comment_status":"closed","ping_status":"closed","template":"","meta":{"iawp_total_views":116,"footnotes":""},"class_list":["post-805","page","type-page","status-publish","hentry"],"blocksy_meta":[],"yoast_head":"<!-- This site is optimized with the Yoast SEO plugin v25.8 - https:\/\/yoast.com\/wordpress\/plugins\/seo\/ -->\n<title>Betalen en verzenden - Belgian Winch Shop<\/title>\n<meta name=\"robots\" content=\"index, follow, max-snippet:-1, max-image-preview:large, max-video-preview:-1\" \/>\n<link rel=\"canonical\" href=\"https:\/\/belgianwinchshop.be\/fr\/betalen-en-verzenden\/\" \/>\n<meta property=\"og:locale\" content=\"fr_FR\" \/>\n<meta property=\"og:type\" content=\"article\" \/>\n<meta property=\"og:title\" content=\"Betalen en verzenden - Belgian Winch Shop\" \/>\n<meta property=\"og:description\" content=\"Betalen en verzenden Betaling Voor betalingen werken wij samen met de betrouwbare betaalpartner Mollie. Betalen kunt u bij ons doen via Bancontact of Overschrijving. Verzenden 1. Ophalen Aangekochte artikelen kunnen bij ons opgehaald worden op afspraak in ons magazijn te Nieuwpoort. Zie Contact. 2. Verzenden Voor de verzending werken wij samen met BPost en DPD. [&hellip;]\" \/>\n<meta property=\"og:url\" content=\"https:\/\/belgianwinchshop.be\/fr\/betalen-en-verzenden\/\" \/>\n<meta property=\"og:site_name\" content=\"Belgian Winch Shop\" \/>\n<meta property=\"article:modified_time\" content=\"2026-02-19T14:55:03+00:00\" \/>\n<meta name=\"twitter:card\" content=\"summary_large_image\" \/>\n<meta name=\"twitter:label1\" content=\"Dur\u00e9e de lecture est.\" \/>\n\t<meta name=\"twitter:data1\" content=\"1 minute\" \/>\n<script type=\"application\/ld+json\" class=\"yoast-schema-graph\">{\"@context\":\"https:\/\/schema.org\",\"@graph\":[{\"@type\":\"WebPage\",\"@id\":\"https:\/\/belgianwinchshop.be\/betalen-en-verzenden\/\",\"url\":\"https:\/\/belgianwinchshop.be\/betalen-en-verzenden\/\",\"name\":\"Betalen en verzenden - Belgian Winch Shop\",\"isPartOf\":{\"@id\":\"https:\/\/belgianwinchshop.be\/#website\"},\"datePublished\":\"2023-11-03T15:27:51+00:00\",\"dateModified\":\"2026-02-19T14:55:03+00:00\",\"breadcrumb\":{\"@id\":\"https:\/\/belgianwinchshop.be\/betalen-en-verzenden\/#breadcrumb\"},\"inLanguage\":\"fr-BE\",\"potentialAction\":[{\"@type\":\"ReadAction\",\"target\":[\"https:\/\/belgianwinchshop.be\/betalen-en-verzenden\/\"]}]},{\"@type\":\"BreadcrumbList\",\"@id\":\"https:\/\/belgianwinchshop.be\/betalen-en-verzenden\/#breadcrumb\",\"itemListElement\":[{\"@type\":\"ListItem\",\"position\":1,\"name\":\"Home\",\"item\":\"https:\/\/belgianwinchshop.be\/\"},{\"@type\":\"ListItem\",\"position\":2,\"name\":\"Betalen en verzenden\"}]},{\"@type\":\"WebSite\",\"@id\":\"https:\/\/belgianwinchshop.be\/#website\",\"url\":\"https:\/\/belgianwinchshop.be\/\",\"name\":\"Belgian Winch Shop\",\"description\":\"Warrior winches and more\",\"publisher\":{\"@id\":\"https:\/\/belgianwinchshop.be\/#organization\"},\"potentialAction\":[{\"@type\":\"SearchAction\",\"target\":{\"@type\":\"EntryPoint\",\"urlTemplate\":\"https:\/\/belgianwinchshop.be\/?s={search_term_string}\"},\"query-input\":{\"@type\":\"PropertyValueSpecification\",\"valueRequired\":true,\"valueName\":\"search_term_string\"}}],\"inLanguage\":\"fr-BE\"},{\"@type\":\"Organization\",\"@id\":\"https:\/\/belgianwinchshop.be\/#organization\",\"name\":\"Belgian Winch Shop\",\"url\":\"https:\/\/belgianwinchshop.be\/\",\"logo\":{\"@type\":\"ImageObject\",\"inLanguage\":\"fr-BE\",\"@id\":\"https:\/\/belgianwinchshop.be\/#\/schema\/logo\/image\/\",\"url\":\"https:\/\/belgianwinchshop.be\/wp-content\/uploads\/2023\/10\/Untitled4-1.png\",\"contentUrl\":\"https:\/\/belgianwinchshop.be\/wp-content\/uploads\/2023\/10\/Untitled4-1.png\",\"width\":788,\"height\":271,\"caption\":\"Belgian Winch Shop\"},\"image\":{\"@id\":\"https:\/\/belgianwinchshop.be\/#\/schema\/logo\/image\/\"}}]}<\/script>\n<!-- \/ Yoast SEO plugin. -->","yoast_head_json":{"title":"Betalen en verzenden - Belgian Winch Shop","robots":{"index":"index","follow":"follow","max-snippet":"max-snippet:-1","max-image-preview":"max-image-preview:large","max-video-preview":"max-video-preview:-1"},"canonical":"https:\/\/belgianwinchshop.be\/fr\/betalen-en-verzenden\/","og_locale":"fr_FR","og_type":"article","og_title":"Betalen en verzenden - Belgian Winch Shop","og_description":"Betalen en verzenden Betaling Voor betalingen werken wij samen met de betrouwbare betaalpartner Mollie. Betalen kunt u bij ons doen via Bancontact of Overschrijving. Verzenden 1. Ophalen Aangekochte artikelen kunnen bij ons opgehaald worden op afspraak in ons magazijn te Nieuwpoort. Zie Contact. 2. Verzenden Voor de verzending werken wij samen met BPost en DPD. [&hellip;]","og_url":"https:\/\/belgianwinchshop.be\/fr\/betalen-en-verzenden\/","og_site_name":"Belgian Winch Shop","article_modified_time":"2026-02-19T14:55:03+00:00","twitter_card":"summary_large_image","twitter_misc":{"Dur\u00e9e de lecture est.":"1 minute"},"schema":{"@context":"https:\/\/schema.org","@graph":[{"@type":"WebPage","@id":"https:\/\/belgianwinchshop.be\/betalen-en-verzenden\/","url":"https:\/\/belgianwinchshop.be\/betalen-en-verzenden\/","name":"Betalen en verzenden - Belgian Winch Shop","isPartOf":{"@id":"https:\/\/belgianwinchshop.be\/#website"},"datePublished":"2023-11-03T15:27:51+00:00","dateModified":"2026-02-19T14:55:03+00:00","breadcrumb":{"@id":"https:\/\/belgianwinchshop.be\/betalen-en-verzenden\/#breadcrumb"},"inLanguage":"fr-BE","potentialAction":[{"@type":"ReadAction","target":["https:\/\/belgianwinchshop.be\/betalen-en-verzenden\/"]}]},{"@type":"BreadcrumbList","@id":"https:\/\/belgianwinchshop.be\/betalen-en-verzenden\/#breadcrumb","itemListElement":[{"@type":"ListItem","position":1,"name":"Home","item":"https:\/\/belgianwinchshop.be\/"},{"@type":"ListItem","position":2,"name":"Betalen en verzenden"}]},{"@type":"WebSite","@id":"https:\/\/belgianwinchshop.be\/#website","url":"https:\/\/belgianwinchshop.be\/","name":"Belgian Winch Shop","description":"Warrior winches and more","publisher":{"@id":"https:\/\/belgianwinchshop.be\/#organization"},"potentialAction":[{"@type":"SearchAction","target":{"@type":"EntryPoint","urlTemplate":"https:\/\/belgianwinchshop.be\/?s={search_term_string}"},"query-input":{"@type":"PropertyValueSpecification","valueRequired":true,"valueName":"search_term_string"}}],"inLanguage":"fr-BE"},{"@type":"Organization","@id":"https:\/\/belgianwinchshop.be\/#organization","name":"Belgian Winch Shop","url":"https:\/\/belgianwinchshop.be\/","logo":{"@type":"ImageObject","inLanguage":"fr-BE","@id":"https:\/\/belgianwinchshop.be\/#\/schema\/logo\/image\/","url":"https:\/\/belgianwinchshop.be\/wp-content\/uploads\/2023\/10\/Untitled4-1.png","contentUrl":"https:\/\/belgianwinchshop.be\/wp-content\/uploads\/2023\/10\/Untitled4-1.png","width":788,"height":271,"caption":"Belgian Winch Shop"},"image":{"@id":"https:\/\/belgianwinchshop.be\/#\/schema\/logo\/image\/"}}]}},"jetpack_sharing_enabled":true,"_links":{"self":[{"href":"https:\/\/belgianwinchshop.be\/fr\/wp-json\/wp\/v2\/pages\/805","targetHints":{"allow":["GET"]}}],"collection":[{"href":"https:\/\/belgianwinchshop.be\/fr\/wp-json\/wp\/v2\/pages"}],"about":[{"href":"https:\/\/belgianwinchshop.be\/fr\/wp-json\/wp\/v2\/types\/page"}],"author":[{"embeddable":true,"href":"https:\/\/belgianwinchshop.be\/fr\/wp-json\/wp\/v2\/users\/1"}],"replies":[{"embeddable":true,"href":"https:\/\/belgianwinchshop.be\/fr\/wp-json\/wp\/v2\/comments?post=805"}],"version-history":[{"count":26,"href":"https:\/\/belgianwinchshop.be\/fr\/wp-json\/wp\/v2\/pages\/805\/revisions"}],"predecessor-version":[{"id":2303,"href":"https:\/\/belgianwinchshop.be\/fr\/wp-json\/wp\/v2\/pages\/805\/revisions\/2303"}],"wp:attachment":[{"href":"https:\/\/belgianwinchshop.be\/fr\/wp-json\/wp\/v2\/media?parent=805"}],"curies":[{"name":"wp","href":"https:\/\/api.w.org\/{rel}","templated":true}]}}