{"id":1081,"date":"2024-04-28T10:06:38","date_gmt":"2024-04-28T08:06:38","guid":{"rendered":"https:\/\/belgianwinchshop.be\/?post_type=product&#038;p=1081"},"modified":"2026-02-19T14:27:18","modified_gmt":"2026-02-19T13:27:18","slug":"warrior-gladiator-f-type-10000-winch","status":"publish","type":"product","link":"https:\/\/belgianwinchshop.be\/fr\/produit\/warrior-gladiator-f-type-10000-winch\/","title":{"rendered":"Warrior Gladiator F-Type 10,000 Winch (4,500 kg)"},"content":{"rendered":"<p>Le treuil \u00e9lectrique Gladiator 12 V 10,000 lbs (4,500 kg) fait partie de la gamme premium de treuils Warrior et est parfaitement adapt\u00e9 \u00e0 une utilisation tout\u2011terrain, ainsi qu\u2019aux remorques, camions, jeeps, SUV et v\u00e9hicules 4\u00d74.<\/p>\n<p>Les treuils Gladiator de Warrior continuent de red\u00e9finir le treuillage gr\u00e2ce \u00e0 une durabilit\u00e9, des performances et un style in\u00e9gal\u00e9s. Un syst\u00e8me de t\u00e9l\u00e9commande rechargeable int\u00e9gr\u00e9 2\u2011en\u20111, filaire et sans fil, permet une utilisation facile jusqu\u2019\u00e0 15 m\u00e8tres de distance. Gr\u00e2ce au syst\u00e8me de protection contre la surcharge thermique, vous n\u2019avez pas \u00e0 craindre la surchauffe ni les dommages lors des op\u00e9rations de treuillage dans des environnements extr\u00eames ou lors de tractions longues et intensives.<\/p>\n<p>La conception r\u00e9volutionnaire du relais externe maintient la chaleur \u00e0 l\u2019\u00e9cart du tambour, ce qui r\u00e9duit la tension et l\u2019usure du c\u00e2ble du treuil. De plus, les engrenages enti\u00e8rement en acier HRC50 garantissent une durabilit\u00e9 exceptionnelle et une efficacit\u00e9 \u00e9lev\u00e9e, offrant ainsi une force de traction fiable et durable.<\/p>\n<div>\n<p>Le treuil est \u00e9tanche IP68 et \u00e9quip\u00e9 d\u2019un moteur en cuivre argent\u00e9 avec porte\u2011balais en cuivre. Gr\u00e2ce \u00e0 son rev\u00eatement protecteur et \u00e0 sa boulonnerie en acier inoxydable, il r\u00e9siste tr\u00e8s bien \u00e0 la corrosion, m\u00eame dans des conditions difficiles.<\/p>\n<\/div>\n<p>Force de traction : 4,500 kg<\/p>\n<p>R\u00e9alis\u00e9 avec une corde synth\u00e9tique.<\/p>\n<p><span id=\"__symantecMPKIClientDetector\" style=\"display: none;\">__PRESENT<\/span><\/p>\n<p><span id=\"__symantecMPKIClientDetector\" style=\"display: none;\">__PRESENT<\/span><\/p>\n<p><span id=\"__symantecMPKIClientDetector\" style=\"display: none;\">__PRESENT<\/span><\/p>\n<p><span id=\"__symantecMPKIClientDetector\" style=\"display: none;\">__PRESENT<\/span><\/p>\n<p><span id=\"__symantecMPKIClientDetector\" style=\"display: none;\">__PRESENT<\/span><\/p>\n<p><span id=\"__symantecMPKIClientDetector\" style=\"display: none;\">__PRESENT<\/span><\/p>\n<p><span id=\"__symantecMPKIClientDetector\" style=\"display: none;\">__PRESENT<\/span><\/p>\n<p><span id=\"__symantecMPKIClientDetector\" style=\"display: none;\">__PRESENT<\/span><\/p>\n<p><span id=\"__symantecMPKIClientDetector\" style=\"display: none;\">__PRESENT<\/span><\/p>\n<p><span id=\"__symantecMPKIClientDetector\" style=\"display: none;\">__PRESENT<\/span><\/p>\n<p><span id=\"__symantecMPKIClientDetector\" style=\"display: none;\">__PRESENT<\/span><\/p>\n<p><span id=\"__symantecMPKIClientDetector\" style=\"display: none;\">__PRESENT<\/span><\/p>\n<p><span id=\"__symantecMPKIClientDetector\" style=\"display: none;\">__PRESENT<\/span><\/p>\n<p><span id=\"__symantecMPKIClientDetector\" style=\"display: none;\">__PRESENT<\/span><span id=\"__symantecMPKIClientDetector\" style=\"display: none;\">__PRESENT<\/span><\/p>","protected":false},"excerpt":{"rendered":"<ul>\n<li>12V<\/li>\n<li>Corde synth\u00e9tique (8mm x 25m)<\/li>\n<li>D\u00e9velopp\u00e9 et test\u00e9 au Royaume-Uni<\/li>\n<li>Force de traction : 4,500 kg<\/li>\n<li>2-en-1 t\u00e9l\u00e9commande manuelle et sans fil.<\/li>\n<\/ul>\n<p><span id=\"__symantecMPKIClientDetector\" style=\"display: none;\">__PRESENT<\/span><\/p>\n<p><span id=\"__symantecMPKIClientDetector\" style=\"display: none;\">__PRESENT<\/span><\/p>\n<p><span id=\"__symantecMPKIClientDetector\" style=\"display: none;\">__PRESENT<\/span><\/p>\n<p><span id=\"__symantecMPKIClientDetector\" style=\"display: none;\">__PRESENT<\/span><\/p>\n<p><span id=\"__symantecMPKIClientDetector\" style=\"display: none;\">__PRESENT<\/span><\/p>\n<p><span id=\"__symantecMPKIClientDetector\" style=\"display: none;\">__PRESENT<\/span><\/p>\n<p><span id=\"__symantecMPKIClientDetector\" style=\"display: none;\">__PRESENT<\/span><span id=\"__symantecMPKIClientDetector\" style=\"display: none;\">__PRESENT<\/span><\/p>","protected":false},"featured_media":1633,"template":"","meta":{"iawp_total_views":212},"product_brand":[],"product_cat":[17,18],"product_tag":[],"class_list":{"0":"post-1081","1":"product","2":"type-product","3":"status-publish","4":"has-post-thumbnail","6":"product_cat-winches","7":"product_cat-warrior-winches","9":"first","10":"instock","11":"taxable","12":"shipping-taxable","13":"purchasable","14":"product-type-simple"},"yoast_head":"<!-- This site is optimized with the Yoast SEO plugin v25.8 - https:\/\/yoast.com\/wordpress\/plugins\/seo\/ -->\n<title>Warrior Gladiator F-Type 10,000 Winch (4,500 kg) - Belgian Winch Shop<\/title>\n<meta name=\"robots\" content=\"index, follow, max-snippet:-1, max-image-preview:large, max-video-preview:-1\" \/>\n<link rel=\"canonical\" href=\"https:\/\/belgianwinchshop.be\/fr\/produit\/warrior-gladiator-f-type-10000-winch\/\" \/>\n<meta property=\"og:locale\" content=\"fr_FR\" \/>\n<meta property=\"og:type\" content=\"article\" \/>\n<meta property=\"og:title\" content=\"Warrior Gladiator F-Type 10,000 Winch (4,500 kg) - Belgian Winch Shop\" \/>\n<meta property=\"og:description\" content=\"12V  Liertouw  Ontworpen en getest in UK  Treksterkte: 4,500 kg  2-in 1 draadloze afstandsbediening  __PRESENT  __PRESENT  __PRESENT  __PRESENT  __PRESENT  __PRESENT  __PRESENT__PRESENT\" \/>\n<meta property=\"og:url\" content=\"https:\/\/belgianwinchshop.be\/fr\/produit\/warrior-gladiator-f-type-10000-winch\/\" \/>\n<meta property=\"og:site_name\" content=\"Belgian Winch Shop\" \/>\n<meta property=\"article:modified_time\" content=\"2026-02-19T13:27:18+00:00\" \/>\n<meta property=\"og:image\" content=\"https:\/\/belgianwinchshop.be\/wp-content\/uploads\/2024\/11\/10FTA12-Warrior-Winch-Gladiator-10000-Rope-Front-scaled.jpg\" \/>\n\t<meta property=\"og:image:width\" content=\"2560\" \/>\n\t<meta property=\"og:image:height\" content=\"1702\" \/>\n\t<meta property=\"og:image:type\" content=\"image\/jpeg\" \/>\n<meta name=\"twitter:card\" content=\"summary_large_image\" \/>\n<meta name=\"twitter:label1\" content=\"Dur\u00e9e de lecture est.\" \/>\n\t<meta name=\"twitter:data1\" content=\"2 minutes\" \/>\n<script type=\"application\/ld+json\" class=\"yoast-schema-graph\">{\"@context\":\"https:\/\/schema.org\",\"@graph\":[{\"@type\":\"WebPage\",\"@id\":\"https:\/\/belgianwinchshop.be\/product\/warrior-gladiator-f-type-10000-winch\/\",\"url\":\"https:\/\/belgianwinchshop.be\/product\/warrior-gladiator-f-type-10000-winch\/\",\"name\":\"Warrior Gladiator F-Type 10,000 Winch (4,500 kg) - Belgian Winch Shop\",\"isPartOf\":{\"@id\":\"https:\/\/belgianwinchshop.be\/#website\"},\"primaryImageOfPage\":{\"@id\":\"https:\/\/belgianwinchshop.be\/product\/warrior-gladiator-f-type-10000-winch\/#primaryimage\"},\"image\":{\"@id\":\"https:\/\/belgianwinchshop.be\/product\/warrior-gladiator-f-type-10000-winch\/#primaryimage\"},\"thumbnailUrl\":\"https:\/\/belgianwinchshop.be\/wp-content\/uploads\/2024\/11\/10FTA12-Warrior-Winch-Gladiator-10000-Rope-Front-scaled.jpg\",\"datePublished\":\"2024-04-28T08:06:38+00:00\",\"dateModified\":\"2026-02-19T13:27:18+00:00\",\"breadcrumb\":{\"@id\":\"https:\/\/belgianwinchshop.be\/product\/warrior-gladiator-f-type-10000-winch\/#breadcrumb\"},\"inLanguage\":\"fr-BE\",\"potentialAction\":[{\"@type\":\"ReadAction\",\"target\":[\"https:\/\/belgianwinchshop.be\/product\/warrior-gladiator-f-type-10000-winch\/\"]}]},{\"@type\":\"ImageObject\",\"inLanguage\":\"fr-BE\",\"@id\":\"https:\/\/belgianwinchshop.be\/product\/warrior-gladiator-f-type-10000-winch\/#primaryimage\",\"url\":\"https:\/\/belgianwinchshop.be\/wp-content\/uploads\/2024\/11\/10FTA12-Warrior-Winch-Gladiator-10000-Rope-Front-scaled.jpg\",\"contentUrl\":\"https:\/\/belgianwinchshop.be\/wp-content\/uploads\/2024\/11\/10FTA12-Warrior-Winch-Gladiator-10000-Rope-Front-scaled.jpg\",\"width\":2560,\"height\":1702},{\"@type\":\"BreadcrumbList\",\"@id\":\"https:\/\/belgianwinchshop.be\/product\/warrior-gladiator-f-type-10000-winch\/#breadcrumb\",\"itemListElement\":[{\"@type\":\"ListItem\",\"position\":1,\"name\":\"Home\",\"item\":\"https:\/\/belgianwinchshop.be\/\"},{\"@type\":\"ListItem\",\"position\":2,\"name\":\"Webshop old\",\"item\":\"https:\/\/belgianwinchshop.be\/webshop\/\"},{\"@type\":\"ListItem\",\"position\":3,\"name\":\"Warrior Gladiator F-Type 10,000 Winch (4,500 kg)\"}]},{\"@type\":\"WebSite\",\"@id\":\"https:\/\/belgianwinchshop.be\/#website\",\"url\":\"https:\/\/belgianwinchshop.be\/\",\"name\":\"Belgian Winch Shop\",\"description\":\"Warrior winches and more\",\"publisher\":{\"@id\":\"https:\/\/belgianwinchshop.be\/#organization\"},\"potentialAction\":[{\"@type\":\"SearchAction\",\"target\":{\"@type\":\"EntryPoint\",\"urlTemplate\":\"https:\/\/belgianwinchshop.be\/?s={search_term_string}\"},\"query-input\":{\"@type\":\"PropertyValueSpecification\",\"valueRequired\":true,\"valueName\":\"search_term_string\"}}],\"inLanguage\":\"fr-BE\"},{\"@type\":\"Organization\",\"@id\":\"https:\/\/belgianwinchshop.be\/#organization\",\"name\":\"Belgian Winch Shop\",\"url\":\"https:\/\/belgianwinchshop.be\/\",\"logo\":{\"@type\":\"ImageObject\",\"inLanguage\":\"fr-BE\",\"@id\":\"https:\/\/belgianwinchshop.be\/#\/schema\/logo\/image\/\",\"url\":\"https:\/\/belgianwinchshop.be\/wp-content\/uploads\/2023\/10\/Untitled4-1.png\",\"contentUrl\":\"https:\/\/belgianwinchshop.be\/wp-content\/uploads\/2023\/10\/Untitled4-1.png\",\"width\":788,\"height\":271,\"caption\":\"Belgian Winch Shop\"},\"image\":{\"@id\":\"https:\/\/belgianwinchshop.be\/#\/schema\/logo\/image\/\"}}]}<\/script>\n<!-- \/ Yoast SEO plugin. -->","yoast_head_json":{"title":"Warrior Gladiator F-Type 10,000 Winch (4,500 kg) - Belgian Winch Shop","robots":{"index":"index","follow":"follow","max-snippet":"max-snippet:-1","max-image-preview":"max-image-preview:large","max-video-preview":"max-video-preview:-1"},"canonical":"https:\/\/belgianwinchshop.be\/fr\/produit\/warrior-gladiator-f-type-10000-winch\/","og_locale":"fr_FR","og_type":"article","og_title":"Warrior Gladiator F-Type 10,000 Winch (4,500 kg) - Belgian Winch Shop","og_description":"12V  Liertouw  Ontworpen en getest in UK  Treksterkte: 4,500 kg  2-in 1 draadloze afstandsbediening  __PRESENT  __PRESENT  __PRESENT  __PRESENT  __PRESENT  __PRESENT  __PRESENT__PRESENT","og_url":"https:\/\/belgianwinchshop.be\/fr\/produit\/warrior-gladiator-f-type-10000-winch\/","og_site_name":"Belgian Winch Shop","article_modified_time":"2026-02-19T13:27:18+00:00","og_image":[{"width":2560,"height":1702,"url":"https:\/\/belgianwinchshop.be\/wp-content\/uploads\/2024\/11\/10FTA12-Warrior-Winch-Gladiator-10000-Rope-Front-scaled.jpg","type":"image\/jpeg"}],"twitter_card":"summary_large_image","twitter_misc":{"Dur\u00e9e de lecture est.":"2 minutes"},"schema":{"@context":"https:\/\/schema.org","@graph":[{"@type":"WebPage","@id":"https:\/\/belgianwinchshop.be\/product\/warrior-gladiator-f-type-10000-winch\/","url":"https:\/\/belgianwinchshop.be\/product\/warrior-gladiator-f-type-10000-winch\/","name":"Warrior Gladiator F-Type 10,000 Winch (4,500 kg) - Belgian Winch Shop","isPartOf":{"@id":"https:\/\/belgianwinchshop.be\/#website"},"primaryImageOfPage":{"@id":"https:\/\/belgianwinchshop.be\/product\/warrior-gladiator-f-type-10000-winch\/#primaryimage"},"image":{"@id":"https:\/\/belgianwinchshop.be\/product\/warrior-gladiator-f-type-10000-winch\/#primaryimage"},"thumbnailUrl":"https:\/\/belgianwinchshop.be\/wp-content\/uploads\/2024\/11\/10FTA12-Warrior-Winch-Gladiator-10000-Rope-Front-scaled.jpg","datePublished":"2024-04-28T08:06:38+00:00","dateModified":"2026-02-19T13:27:18+00:00","breadcrumb":{"@id":"https:\/\/belgianwinchshop.be\/product\/warrior-gladiator-f-type-10000-winch\/#breadcrumb"},"inLanguage":"fr-BE","potentialAction":[{"@type":"ReadAction","target":["https:\/\/belgianwinchshop.be\/product\/warrior-gladiator-f-type-10000-winch\/"]}]},{"@type":"ImageObject","inLanguage":"fr-BE","@id":"https:\/\/belgianwinchshop.be\/product\/warrior-gladiator-f-type-10000-winch\/#primaryimage","url":"https:\/\/belgianwinchshop.be\/wp-content\/uploads\/2024\/11\/10FTA12-Warrior-Winch-Gladiator-10000-Rope-Front-scaled.jpg","contentUrl":"https:\/\/belgianwinchshop.be\/wp-content\/uploads\/2024\/11\/10FTA12-Warrior-Winch-Gladiator-10000-Rope-Front-scaled.jpg","width":2560,"height":1702},{"@type":"BreadcrumbList","@id":"https:\/\/belgianwinchshop.be\/product\/warrior-gladiator-f-type-10000-winch\/#breadcrumb","itemListElement":[{"@type":"ListItem","position":1,"name":"Home","item":"https:\/\/belgianwinchshop.be\/"},{"@type":"ListItem","position":2,"name":"Webshop old","item":"https:\/\/belgianwinchshop.be\/webshop\/"},{"@type":"ListItem","position":3,"name":"Warrior Gladiator F-Type 10,000 Winch (4,500 kg)"}]},{"@type":"WebSite","@id":"https:\/\/belgianwinchshop.be\/#website","url":"https:\/\/belgianwinchshop.be\/","name":"Belgian Winch Shop","description":"Warrior winches and more","publisher":{"@id":"https:\/\/belgianwinchshop.be\/#organization"},"potentialAction":[{"@type":"SearchAction","target":{"@type":"EntryPoint","urlTemplate":"https:\/\/belgianwinchshop.be\/?s={search_term_string}"},"query-input":{"@type":"PropertyValueSpecification","valueRequired":true,"valueName":"search_term_string"}}],"inLanguage":"fr-BE"},{"@type":"Organization","@id":"https:\/\/belgianwinchshop.be\/#organization","name":"Belgian Winch Shop","url":"https:\/\/belgianwinchshop.be\/","logo":{"@type":"ImageObject","inLanguage":"fr-BE","@id":"https:\/\/belgianwinchshop.be\/#\/schema\/logo\/image\/","url":"https:\/\/belgianwinchshop.be\/wp-content\/uploads\/2023\/10\/Untitled4-1.png","contentUrl":"https:\/\/belgianwinchshop.be\/wp-content\/uploads\/2023\/10\/Untitled4-1.png","width":788,"height":271,"caption":"Belgian Winch Shop"},"image":{"@id":"https:\/\/belgianwinchshop.be\/#\/schema\/logo\/image\/"}}]}},"jetpack_sharing_enabled":true,"_links":{"self":[{"href":"https:\/\/belgianwinchshop.be\/fr\/wp-json\/wp\/v2\/product\/1081","targetHints":{"allow":["GET"]}}],"collection":[{"href":"https:\/\/belgianwinchshop.be\/fr\/wp-json\/wp\/v2\/product"}],"about":[{"href":"https:\/\/belgianwinchshop.be\/fr\/wp-json\/wp\/v2\/types\/product"}],"wp:featuredmedia":[{"embeddable":true,"href":"https:\/\/belgianwinchshop.be\/fr\/wp-json\/wp\/v2\/media\/1633"}],"wp:attachment":[{"href":"https:\/\/belgianwinchshop.be\/fr\/wp-json\/wp\/v2\/media?parent=1081"}],"wp:term":[{"taxonomy":"product_brand","embeddable":true,"href":"https:\/\/belgianwinchshop.be\/fr\/wp-json\/wp\/v2\/product_brand?post=1081"},{"taxonomy":"product_cat","embeddable":true,"href":"https:\/\/belgianwinchshop.be\/fr\/wp-json\/wp\/v2\/product_cat?post=1081"},{"taxonomy":"product_tag","embeddable":true,"href":"https:\/\/belgianwinchshop.be\/fr\/wp-json\/wp\/v2\/product_tag?post=1081"}],"curies":[{"name":"wp","href":"https:\/\/api.w.org\/{rel}","templated":true}]}}