{"id":1932,"date":"2024-11-11T19:33:26","date_gmt":"2024-11-11T17:33:26","guid":{"rendered":"https:\/\/belgianwinchshop.be\/?post_type=product&#038;p=1932"},"modified":"2026-03-03T17:10:34","modified_gmt":"2026-03-03T16:10:34","slug":"stealth-13500-winch-staalkabel-6100-kg","status":"publish","type":"product","link":"https:\/\/belgianwinchshop.be\/fr\/produit\/stealth-13500-winch-staalkabel-6100-kg\/","title":{"rendered":"Stealth 13500 Treuil C\u00e2ble Acier (6,100 kg)"},"content":{"rendered":"<p>Les treuils Stealth fabriqu\u00e9s par Warrior sont des treuils \u00e9conomiques qui offrent le meilleur qualit\u00e9-prix sur le march\u00e9.<\/p>\n<p>Force de traction : 6,100 kg<\/p>\n<p>Ce treuil est id\u00e9al pour des remorques et des applications 4\u00d74.<\/p>\n<p>Ses caract\u00e9ristiques exceptionnelles comprennent :<\/p>\n<ul>\n<li>Le moteur 6,1 ch \u00e0 haut couple,<\/li>\n<li>C\u00e2ble en acier durable avec crochet : 10mm x 20m,<\/li>\n<li>T\u00e9l\u00e9commandes robustes (2 sans fil et 1 filaire),<\/li>\n<li>Boulons de montage.<\/li>\n<\/ul>\n<p>Notre mod\u00e8le le plus vendu !<span id=\"__symantecMPKIClientDetector\" style=\"display: none;\">__PRESENT<\/span><\/p>\n<p><span id=\"__symantecMPKIClientDetector\" style=\"display: none;\">__PRESENT<\/span><\/p>\n<p><span id=\"__symantecMPKIClientDetector\" style=\"display: none;\">__PRESENT<\/span><\/p>\n<p><span id=\"__symantecMPKIClientDetector\" style=\"display: none;\">__PRESENT<\/span><\/p>\n<p><span id=\"__symantecMPKIClientDetector\" style=\"display: none;\">__PRESENT<\/span><\/p>\n<p><span id=\"__symantecMPKIClientDetector\" style=\"display: none;\">__PRESENT<\/span><\/p>\n<p><span id=\"__symantecMPKIClientDetector\" style=\"display: none;\">__PRESENT<\/span><\/p>\n<p><span id=\"__symantecMPKIClientDetector\" style=\"display: none;\">__PRESENT<\/span><\/p>\n<p><span id=\"__symantecMPKIClientDetector\" style=\"display: none;\">__PRESENT<\/span><\/p>\n<p><span id=\"__symantecMPKIClientDetector\" style=\"display: none;\">__PRESENT<\/span><\/p>\n<p><span id=\"__symantecMPKIClientDetector\" style=\"display: none;\">__PRESENT<\/span><\/p>\n<p><span id=\"__symantecMPKIClientDetector\" style=\"display: none;\">__PRESENT<\/span><\/p>\n<p><span id=\"__symantecMPKIClientDetector\" style=\"display: none;\">__PRESENT<\/span><\/p>\n<p><span id=\"__symantecMPKIClientDetector\" style=\"display: none;\">__PRESENT<\/span><\/p>\n<p><span id=\"__symantecMPKIClientDetector\" style=\"display: none;\">__PRESENT<\/span><\/p>\n<p><span id=\"__symantecMPKIClientDetector\" style=\"display: none;\">__PRESENT<\/span><\/p>\n<p><span id=\"__symantecMPKIClientDetector\" style=\"display: none;\">__PRESENT<\/span><\/p>\n<p><object id=\"__symantecMPKIClientMessenger\" style=\"display: none;\" width=\"300\" height=\"150\" data-supports-flavor-configuration=\"true\" data-extension-version=\"1.2.0.158\"><\/object><span id=\"__symantecMPKIClientDetector\" style=\"display: none;\">__PRESENT<\/span><\/p>\n<p><span id=\"__symantecMPKIClientDetector\" style=\"display: none;\">__PRESENT<\/span><object id=\"__symantecMPKIClientMessenger\" style=\"display: none;\" width=\"300\" height=\"150\" data-supports-flavor-configuration=\"true\" data-extension-version=\"1.2.0.158\"><\/object><span id=\"__symantecMPKIClientDetector\" style=\"display: none;\">__PRESENT<\/span><\/p>\n<p><object id=\"__symantecMPKIClientMessenger\" style=\"display: none;\" width=\"300\" height=\"150\" data-supports-flavor-configuration=\"true\" data-extension-version=\"1.2.0.158\"><\/object><span id=\"__symantecMPKIClientDetector\" style=\"display: none;\">__PRESENT<\/span><\/p>\n<p><span id=\"__symantecMPKIClientDetector\" style=\"display: none;\">__PRESENT<\/span><\/p>\n<p><span id=\"__symantecMPKIClientDetector\" style=\"display: none;\">__PRESENT<\/span><span id=\"__symantecMPKIClientDetector\" style=\"display: none;\">__PRESENT<\/span><object id=\"__symantecMPKIClientMessenger\" style=\"display: none;\" width=\"300\" height=\"150\" data-supports-flavor-configuration=\"true\" data-extension-version=\"1.2.0.158\"><\/object><span id=\"__symantecMPKIClientDetector\" style=\"display: none;\">__PRESENT<\/span><\/p>\n<p><span id=\"__symantecMPKIClientDetector\" style=\"display: none;\">__PRESENT<\/span><\/p>\n<p><object id=\"__symantecMPKIClientMessenger\" style=\"display: none;\" width=\"300\" height=\"150\" data-supports-flavor-configuration=\"true\" data-extension-version=\"1.2.0.158\"><\/object><span id=\"__symantecMPKIClientDetector\" style=\"display: none;\">__PRESENT<\/span><\/p>\n<p><span id=\"__symantecMPKIClientDetector\" style=\"display: none;\">__PRESENT<\/span><span id=\"__symantecMPKIClientDetector\" style=\"display: none;\">__PRESENT<\/span><span id=\"__symantecMPKIClientDetector\" style=\"display: none;\">__PRESENT<\/span><\/p>\n<p><span id=\"__symantecMPKIClientDetector\" style=\"display: none;\">__PRESENT<\/span><\/p>","protected":false},"excerpt":{"rendered":"<ul>\n<li>12V<\/li>\n<li>C\u00e2ble en acier (10mm x 20m)<\/li>\n<li>Treuil \u00e9conomique robuste (version V2)<\/li>\n<li>Force de traction : 6,100 kg<\/li>\n<li>2 t\u00e9l\u00e9commandes sans fil<\/li>\n<\/ul>\n<p><span id=\"__symantecMPKIClientDetector\" style=\"display: none;\">__PRESENT<\/span><\/p>\n<p><span id=\"__symantecMPKIClientDetector\" style=\"display: none;\">__PRESENT<\/span><\/p>\n<p><span id=\"__symantecMPKIClientDetector\" style=\"display: none;\">__PRESENT<\/span><\/p>\n<p><span id=\"__symantecMPKIClientDetector\" style=\"display: none;\">__PRESENT<\/span><\/p>\n<p><span id=\"__symantecMPKIClientDetector\" style=\"display: none;\">__PRESENT<\/span><\/p>\n<p><span id=\"__symantecMPKIClientDetector\" style=\"display: none;\">__PRESENT<\/span><span id=\"__symantecMPKIClientDetector\" style=\"display: none;\">__PRESENT<\/span><span id=\"__symantecMPKIClientDetector\" style=\"display: none;\">__PRESENT<\/span><span id=\"__symantecMPKIClientDetector\" style=\"display: none;\">__PRESENT<\/span><\/p>\n<p><span id=\"__symantecMPKIClientDetector\" style=\"display: none;\">__PRESENT<\/span><\/p>\n<p><object id=\"__symantecMPKIClientMessenger\" style=\"display: none;\" width=\"300\" height=\"150\" data-supports-flavor-configuration=\"true\" data-extension-version=\"1.2.0.158\"><\/object><span id=\"__symantecMPKIClientDetector\" style=\"display: none;\">__PRESENT<\/span><\/p>\n<p><span id=\"__symantecMPKIClientDetector\" style=\"display: none;\">__PRESENT<\/span><object id=\"__symantecMPKIClientMessenger\" style=\"display: none;\" width=\"300\" height=\"150\" data-supports-flavor-configuration=\"true\" data-extension-version=\"1.2.0.158\"><\/object><span id=\"__symantecMPKIClientDetector\" style=\"display: none;\">__PRESENT<\/span><\/p>\n<p><object id=\"__symantecMPKIClientMessenger\" style=\"display: none;\" width=\"300\" height=\"150\" data-supports-flavor-configuration=\"true\" data-extension-version=\"1.2.0.158\"><\/object><span id=\"__symantecMPKIClientDetector\" style=\"display: none;\">__PRESENT<\/span><\/p>\n<p><span id=\"__symantecMPKIClientDetector\" style=\"display: none;\">__PRESENT<\/span><span id=\"__symantecMPKIClientDetector\" style=\"display: none;\">__PRESENT<\/span><span id=\"__symantecMPKIClientDetector\" style=\"display: none;\">__PRESENT<\/span><span id=\"__symantecMPKIClientDetector\" style=\"display: none;\">__PRESENT<\/span><object id=\"__symantecMPKIClientMessenger\" style=\"display: none;\" width=\"300\" height=\"150\" data-supports-flavor-configuration=\"true\" data-extension-version=\"1.2.0.158\"><\/object><span id=\"__symantecMPKIClientDetector\" style=\"display: none;\">__PRESENT<\/span><\/p>\n<p><span id=\"__symantecMPKIClientDetector\" style=\"display: none;\">__PRESENT<\/span><\/p>\n<p><span id=\"__symantecMPKIClientDetector\" style=\"display: none;\">__PRESENT<\/span><span id=\"__symantecMPKIClientDetector\" style=\"display: none;\">__PRESENT<\/span><span id=\"__symantecMPKIClientDetector\" style=\"display: none;\">__PRESENT<\/span><\/p>","protected":false},"featured_media":1719,"template":"","meta":{"iawp_total_views":190},"product_brand":[],"product_cat":[17,19],"product_tag":[],"class_list":{"0":"post-1932","1":"product","2":"type-product","3":"status-publish","4":"has-post-thumbnail","6":"product_cat-winches","7":"product_cat-stealth-winches","9":"first","10":"instock","11":"taxable","12":"shipping-taxable","13":"purchasable","14":"product-type-simple"},"yoast_head":"<!-- This site is optimized with the Yoast SEO plugin v25.8 - https:\/\/yoast.com\/wordpress\/plugins\/seo\/ -->\n<title>Stealth 13500 Winch Staalkabel (6,100 kg) - Belgian Winch Shop<\/title>\n<meta name=\"robots\" content=\"index, follow, max-snippet:-1, max-image-preview:large, max-video-preview:-1\" \/>\n<link rel=\"canonical\" href=\"https:\/\/belgianwinchshop.be\/fr\/produit\/stealth-13500-winch-staalkabel-6100-kg\/\" \/>\n<meta property=\"og:locale\" content=\"fr_FR\" \/>\n<meta property=\"og:type\" content=\"article\" \/>\n<meta property=\"og:title\" content=\"Stealth 13500 Winch Staalkabel (6,100 kg) - Belgian Winch Shop\" \/>\n<meta property=\"og:description\" content=\"12V  Staalkabel (10mm x 20m)  Degelijke budget lier (V2 versie)  Treksterkte: 6,100 kg  2 draadloze afstandsbedieningen  __PRESENT  __PRESENT  __PRESENT  __PRESENT  __PRESENT  __PRESENT__PRESENT__PRESENT__PRESENT  __PRESENT  __PRESENT  __PRESENT__PRESENT  __PRESENT  __PRESENT__PRESENT__PRESENT__PRESENT__PRESENT  __PRESENT  __PRESENT__PRESENT__PRESENT\" \/>\n<meta property=\"og:url\" content=\"https:\/\/belgianwinchshop.be\/fr\/produit\/stealth-13500-winch-staalkabel-6100-kg\/\" \/>\n<meta property=\"og:site_name\" content=\"Belgian Winch Shop\" \/>\n<meta property=\"article:modified_time\" content=\"2026-03-03T16:10:34+00:00\" \/>\n<meta property=\"og:image\" content=\"https:\/\/belgianwinchshop.be\/wp-content\/uploads\/2024\/11\/13V2S12-Stealth-Winch-13500-Steel-Front-Accessories-scaled.jpg\" \/>\n\t<meta property=\"og:image:width\" content=\"2560\" \/>\n\t<meta property=\"og:image:height\" content=\"2560\" \/>\n\t<meta property=\"og:image:type\" content=\"image\/jpeg\" \/>\n<meta name=\"twitter:card\" content=\"summary_large_image\" \/>\n<meta name=\"twitter:label1\" content=\"Dur\u00e9e de lecture est.\" \/>\n\t<meta name=\"twitter:data1\" content=\"1 minute\" \/>\n<script type=\"application\/ld+json\" class=\"yoast-schema-graph\">{\"@context\":\"https:\/\/schema.org\",\"@graph\":[{\"@type\":\"WebPage\",\"@id\":\"https:\/\/belgianwinchshop.be\/product\/stealth-13500-winch-staalkabel-6100-kg\/\",\"url\":\"https:\/\/belgianwinchshop.be\/product\/stealth-13500-winch-staalkabel-6100-kg\/\",\"name\":\"Stealth 13500 Winch Staalkabel (6,100 kg) - Belgian Winch Shop\",\"isPartOf\":{\"@id\":\"https:\/\/belgianwinchshop.be\/#website\"},\"primaryImageOfPage\":{\"@id\":\"https:\/\/belgianwinchshop.be\/product\/stealth-13500-winch-staalkabel-6100-kg\/#primaryimage\"},\"image\":{\"@id\":\"https:\/\/belgianwinchshop.be\/product\/stealth-13500-winch-staalkabel-6100-kg\/#primaryimage\"},\"thumbnailUrl\":\"https:\/\/belgianwinchshop.be\/wp-content\/uploads\/2024\/11\/13V2S12-Stealth-Winch-13500-Steel-Front-Accessories-scaled.jpg\",\"datePublished\":\"2024-11-11T17:33:26+00:00\",\"dateModified\":\"2026-03-03T16:10:34+00:00\",\"breadcrumb\":{\"@id\":\"https:\/\/belgianwinchshop.be\/product\/stealth-13500-winch-staalkabel-6100-kg\/#breadcrumb\"},\"inLanguage\":\"fr-BE\",\"potentialAction\":[{\"@type\":\"ReadAction\",\"target\":[\"https:\/\/belgianwinchshop.be\/product\/stealth-13500-winch-staalkabel-6100-kg\/\"]}]},{\"@type\":\"ImageObject\",\"inLanguage\":\"fr-BE\",\"@id\":\"https:\/\/belgianwinchshop.be\/product\/stealth-13500-winch-staalkabel-6100-kg\/#primaryimage\",\"url\":\"https:\/\/belgianwinchshop.be\/wp-content\/uploads\/2024\/11\/13V2S12-Stealth-Winch-13500-Steel-Front-Accessories-scaled.jpg\",\"contentUrl\":\"https:\/\/belgianwinchshop.be\/wp-content\/uploads\/2024\/11\/13V2S12-Stealth-Winch-13500-Steel-Front-Accessories-scaled.jpg\",\"width\":2560,\"height\":2560},{\"@type\":\"BreadcrumbList\",\"@id\":\"https:\/\/belgianwinchshop.be\/product\/stealth-13500-winch-staalkabel-6100-kg\/#breadcrumb\",\"itemListElement\":[{\"@type\":\"ListItem\",\"position\":1,\"name\":\"Home\",\"item\":\"https:\/\/belgianwinchshop.be\/\"},{\"@type\":\"ListItem\",\"position\":2,\"name\":\"Webshop old\",\"item\":\"https:\/\/belgianwinchshop.be\/webshop\/\"},{\"@type\":\"ListItem\",\"position\":3,\"name\":\"Stealth 13500 Winch Staalkabel (6,100 kg)\"}]},{\"@type\":\"WebSite\",\"@id\":\"https:\/\/belgianwinchshop.be\/#website\",\"url\":\"https:\/\/belgianwinchshop.be\/\",\"name\":\"Belgian Winch Shop\",\"description\":\"Warrior winches and more\",\"publisher\":{\"@id\":\"https:\/\/belgianwinchshop.be\/#organization\"},\"potentialAction\":[{\"@type\":\"SearchAction\",\"target\":{\"@type\":\"EntryPoint\",\"urlTemplate\":\"https:\/\/belgianwinchshop.be\/?s={search_term_string}\"},\"query-input\":{\"@type\":\"PropertyValueSpecification\",\"valueRequired\":true,\"valueName\":\"search_term_string\"}}],\"inLanguage\":\"fr-BE\"},{\"@type\":\"Organization\",\"@id\":\"https:\/\/belgianwinchshop.be\/#organization\",\"name\":\"Belgian Winch Shop\",\"url\":\"https:\/\/belgianwinchshop.be\/\",\"logo\":{\"@type\":\"ImageObject\",\"inLanguage\":\"fr-BE\",\"@id\":\"https:\/\/belgianwinchshop.be\/#\/schema\/logo\/image\/\",\"url\":\"https:\/\/belgianwinchshop.be\/wp-content\/uploads\/2023\/10\/Untitled4-1.png\",\"contentUrl\":\"https:\/\/belgianwinchshop.be\/wp-content\/uploads\/2023\/10\/Untitled4-1.png\",\"width\":788,\"height\":271,\"caption\":\"Belgian Winch Shop\"},\"image\":{\"@id\":\"https:\/\/belgianwinchshop.be\/#\/schema\/logo\/image\/\"}}]}<\/script>\n<!-- \/ Yoast SEO plugin. -->","yoast_head_json":{"title":"Stealth 13500 Winch Staalkabel (6,100 kg) - Belgian Winch Shop","robots":{"index":"index","follow":"follow","max-snippet":"max-snippet:-1","max-image-preview":"max-image-preview:large","max-video-preview":"max-video-preview:-1"},"canonical":"https:\/\/belgianwinchshop.be\/fr\/produit\/stealth-13500-winch-staalkabel-6100-kg\/","og_locale":"fr_FR","og_type":"article","og_title":"Stealth 13500 Winch Staalkabel (6,100 kg) - Belgian Winch Shop","og_description":"12V  Staalkabel (10mm x 20m)  Degelijke budget lier (V2 versie)  Treksterkte: 6,100 kg  2 draadloze afstandsbedieningen  __PRESENT  __PRESENT  __PRESENT  __PRESENT  __PRESENT  __PRESENT__PRESENT__PRESENT__PRESENT  __PRESENT  __PRESENT  __PRESENT__PRESENT  __PRESENT  __PRESENT__PRESENT__PRESENT__PRESENT__PRESENT  __PRESENT  __PRESENT__PRESENT__PRESENT","og_url":"https:\/\/belgianwinchshop.be\/fr\/produit\/stealth-13500-winch-staalkabel-6100-kg\/","og_site_name":"Belgian Winch Shop","article_modified_time":"2026-03-03T16:10:34+00:00","og_image":[{"width":2560,"height":2560,"url":"https:\/\/belgianwinchshop.be\/wp-content\/uploads\/2024\/11\/13V2S12-Stealth-Winch-13500-Steel-Front-Accessories-scaled.jpg","type":"image\/jpeg"}],"twitter_card":"summary_large_image","twitter_misc":{"Dur\u00e9e de lecture est.":"1 minute"},"schema":{"@context":"https:\/\/schema.org","@graph":[{"@type":"WebPage","@id":"https:\/\/belgianwinchshop.be\/product\/stealth-13500-winch-staalkabel-6100-kg\/","url":"https:\/\/belgianwinchshop.be\/product\/stealth-13500-winch-staalkabel-6100-kg\/","name":"Stealth 13500 Winch Staalkabel (6,100 kg) - Belgian Winch Shop","isPartOf":{"@id":"https:\/\/belgianwinchshop.be\/#website"},"primaryImageOfPage":{"@id":"https:\/\/belgianwinchshop.be\/product\/stealth-13500-winch-staalkabel-6100-kg\/#primaryimage"},"image":{"@id":"https:\/\/belgianwinchshop.be\/product\/stealth-13500-winch-staalkabel-6100-kg\/#primaryimage"},"thumbnailUrl":"https:\/\/belgianwinchshop.be\/wp-content\/uploads\/2024\/11\/13V2S12-Stealth-Winch-13500-Steel-Front-Accessories-scaled.jpg","datePublished":"2024-11-11T17:33:26+00:00","dateModified":"2026-03-03T16:10:34+00:00","breadcrumb":{"@id":"https:\/\/belgianwinchshop.be\/product\/stealth-13500-winch-staalkabel-6100-kg\/#breadcrumb"},"inLanguage":"fr-BE","potentialAction":[{"@type":"ReadAction","target":["https:\/\/belgianwinchshop.be\/product\/stealth-13500-winch-staalkabel-6100-kg\/"]}]},{"@type":"ImageObject","inLanguage":"fr-BE","@id":"https:\/\/belgianwinchshop.be\/product\/stealth-13500-winch-staalkabel-6100-kg\/#primaryimage","url":"https:\/\/belgianwinchshop.be\/wp-content\/uploads\/2024\/11\/13V2S12-Stealth-Winch-13500-Steel-Front-Accessories-scaled.jpg","contentUrl":"https:\/\/belgianwinchshop.be\/wp-content\/uploads\/2024\/11\/13V2S12-Stealth-Winch-13500-Steel-Front-Accessories-scaled.jpg","width":2560,"height":2560},{"@type":"BreadcrumbList","@id":"https:\/\/belgianwinchshop.be\/product\/stealth-13500-winch-staalkabel-6100-kg\/#breadcrumb","itemListElement":[{"@type":"ListItem","position":1,"name":"Home","item":"https:\/\/belgianwinchshop.be\/"},{"@type":"ListItem","position":2,"name":"Webshop old","item":"https:\/\/belgianwinchshop.be\/webshop\/"},{"@type":"ListItem","position":3,"name":"Stealth 13500 Winch Staalkabel (6,100 kg)"}]},{"@type":"WebSite","@id":"https:\/\/belgianwinchshop.be\/#website","url":"https:\/\/belgianwinchshop.be\/","name":"Belgian Winch Shop","description":"Warrior winches and more","publisher":{"@id":"https:\/\/belgianwinchshop.be\/#organization"},"potentialAction":[{"@type":"SearchAction","target":{"@type":"EntryPoint","urlTemplate":"https:\/\/belgianwinchshop.be\/?s={search_term_string}"},"query-input":{"@type":"PropertyValueSpecification","valueRequired":true,"valueName":"search_term_string"}}],"inLanguage":"fr-BE"},{"@type":"Organization","@id":"https:\/\/belgianwinchshop.be\/#organization","name":"Belgian Winch Shop","url":"https:\/\/belgianwinchshop.be\/","logo":{"@type":"ImageObject","inLanguage":"fr-BE","@id":"https:\/\/belgianwinchshop.be\/#\/schema\/logo\/image\/","url":"https:\/\/belgianwinchshop.be\/wp-content\/uploads\/2023\/10\/Untitled4-1.png","contentUrl":"https:\/\/belgianwinchshop.be\/wp-content\/uploads\/2023\/10\/Untitled4-1.png","width":788,"height":271,"caption":"Belgian Winch Shop"},"image":{"@id":"https:\/\/belgianwinchshop.be\/#\/schema\/logo\/image\/"}}]}},"jetpack_sharing_enabled":true,"_links":{"self":[{"href":"https:\/\/belgianwinchshop.be\/fr\/wp-json\/wp\/v2\/product\/1932","targetHints":{"allow":["GET"]}}],"collection":[{"href":"https:\/\/belgianwinchshop.be\/fr\/wp-json\/wp\/v2\/product"}],"about":[{"href":"https:\/\/belgianwinchshop.be\/fr\/wp-json\/wp\/v2\/types\/product"}],"wp:featuredmedia":[{"embeddable":true,"href":"https:\/\/belgianwinchshop.be\/fr\/wp-json\/wp\/v2\/media\/1719"}],"wp:attachment":[{"href":"https:\/\/belgianwinchshop.be\/fr\/wp-json\/wp\/v2\/media?parent=1932"}],"wp:term":[{"taxonomy":"product_brand","embeddable":true,"href":"https:\/\/belgianwinchshop.be\/fr\/wp-json\/wp\/v2\/product_brand?post=1932"},{"taxonomy":"product_cat","embeddable":true,"href":"https:\/\/belgianwinchshop.be\/fr\/wp-json\/wp\/v2\/product_cat?post=1932"},{"taxonomy":"product_tag","embeddable":true,"href":"https:\/\/belgianwinchshop.be\/fr\/wp-json\/wp\/v2\/product_tag?post=1932"}],"curies":[{"name":"wp","href":"https:\/\/api.w.org\/{rel}","templated":true}]}}