{"id":2029,"date":"2025-01-09T19:18:36","date_gmt":"2025-01-09T17:18:36","guid":{"rendered":"https:\/\/belgianwinchshop.be\/?post_type=product&#038;p=2029"},"modified":"2025-09-01T19:11:40","modified_gmt":"2025-09-01T17:11:40","slug":"warrior-t1000-22000-winch-staalkabel-10000-kg","status":"publish","type":"product","link":"https:\/\/belgianwinchshop.be\/fr\/produit\/warrior-t1000-22000-winch-staalkabel-10000-kg\/","title":{"rendered":"Warrior T1000-22000 Winch Staalkabel 24V (10,000 kg)"},"content":{"rendered":"<p>Les treuils Warrior T1000 ont \u00e9t\u00e9 initialement con\u00e7us comme des prototypes destin\u00e9s \u00e0 des applications militaires. Ils appartiennent au tr\u00e8s haut de gamme des treuils et offrent une fiabilit\u00e9 exceptionnelle pour tous types d\u2019utilisations.<\/p>\n<p>La conception r\u00e9volutionnaire du frein externe maintient la chaleur \u00e0 l\u2019\u00e9cart du tambour, ce qui r\u00e9duit la tension et l\u2019usure du c\u00e2ble du treuil.<\/p>\n<p>De uitgebreide IP68-waterdichtheid samen met een motor met koperen borstelhouders, plus de duurzame poedercoating en roestvrijstalen montagehardware zorgen voor superieure corrosieweerstand.<\/p>\n<p>Speciaal lithiumvet laat operaties toe in extreme weercondities.<\/p>\n<p>Uitgevoerd met staalkabel 13.8mm x 24m<\/p>\n<p>Inclusief manuele afstandsbediening voor de 24V versie.<\/p>\n<p>Max. treksterkte 10,000 kg.<\/p>\n<p><span id=\"__symantecMPKIClientDetector\" style=\"display: none;\">__PRESENT<\/span><\/p>\n<p><span id=\"__symantecMPKIClientDetector\" style=\"display: none;\">__PRESENT<\/span><\/p>\n<p><span id=\"__symantecMPKIClientDetector\" style=\"display: none;\">__PRESENT<\/span><\/p>\n<p><span id=\"__symantecMPKIClientDetector\" style=\"display: none;\">__PRESENT<\/span><\/p>\n<p><span id=\"__symantecMPKIClientDetector\" style=\"display: none;\">__PRESENT<\/span><\/p>\n<p><span id=\"__symantecMPKIClientDetector\" style=\"display: none;\">__PRESENT<\/span><\/p>\n<p><span id=\"__symantecMPKIClientDetector\" style=\"display: none;\">__PRESENT<\/span><\/p>\n<p><span id=\"__symantecMPKIClientDetector\" style=\"display: none;\">__PRESENT<\/span><\/p>\n<p><span id=\"__symantecMPKIClientDetector\" style=\"display: none;\">__PRESENT<\/span><\/p>\n<p><span id=\"__symantecMPKIClientDetector\" style=\"display: none;\">__PRESENT<\/span><\/p>\n<p><span id=\"__symantecMPKIClientDetector\" style=\"display: none;\">__PRESENT<\/span><\/p>\n<p><span id=\"__symantecMPKIClientDetector\" style=\"display: none;\">__PRESENT<\/span><\/p>\n<p><span id=\"__symantecMPKIClientDetector\" style=\"display: none;\">__PRESENT<\/span><\/p>\n<p><span id=\"__symantecMPKIClientDetector\" style=\"display: none;\">__PRESENT<\/span><\/p>\n<p><object id=\"__symantecMPKIClientMessenger\" style=\"display: none;\" width=\"300\" height=\"150\" data-supports-flavor-configuration=\"true\" data-extension-version=\"1.2.0.158\"><\/object><span id=\"__symantecMPKIClientDetector\" style=\"display: none;\">__PRESENT<\/span><\/p>\n<p><object id=\"__symantecMPKIClientMessenger\" style=\"display: none;\" width=\"300\" height=\"150\" data-supports-flavor-configuration=\"true\" data-extension-version=\"1.2.0.158\"><\/object><span id=\"__symantecMPKIClientDetector\" style=\"display: none;\">__PRESENT<\/span><\/p>\n<p><span id=\"__symantecMPKIClientDetector\" style=\"display: none;\">__PRESENT<\/span><\/p>\n<p><span id=\"__symantecMPKIClientDetector\" style=\"display: none;\">__PRESENT<\/span><object id=\"__symantecMPKIClientMessenger\" style=\"display: none;\" width=\"300\" height=\"150\" data-supports-flavor-configuration=\"true\" data-extension-version=\"1.2.0.158\"><\/object><span id=\"__symantecMPKIClientDetector\" style=\"display: none;\">__PRESENT<\/span><\/p>\n<p><span id=\"__symantecMPKIClientDetector\" style=\"display: none;\">__PRESENT<\/span><span id=\"__symantecMPKIClientDetector\" style=\"display: none;\">__PRESENT<\/span><object id=\"__symantecMPKIClientMessenger\" style=\"display: none;\" width=\"300\" height=\"150\" data-supports-flavor-configuration=\"true\" data-extension-version=\"1.2.0.158\"><\/object><span id=\"__symantecMPKIClientDetector\" style=\"display: none;\">__PRESENT<\/span><\/p>\n<p><span id=\"__symantecMPKIClientDetector\" style=\"display: none;\">__PRESENT<\/span><\/p>\n<p><object id=\"__symantecMPKIClientMessenger\" style=\"display: none;\" width=\"300\" height=\"150\" data-supports-flavor-configuration=\"true\" data-extension-version=\"1.2.0.158\"><\/object><span id=\"__symantecMPKIClientDetector\" style=\"display: none;\">__PRESENT<\/span><\/p>\n<p><span id=\"__symantecMPKIClientDetector\" style=\"display: none;\">__PRESENT<\/span><\/p>\n<p><span id=\"__symantecMPKIClientDetector\" style=\"display: none;\">__PRESENT<\/span><\/p>\n<p><span id=\"__symantecMPKIClientDetector\" style=\"display: none;\">__PRESENT<\/span><\/p>\n<p><span id=\"__symantecMPKIClientDetector\" style=\"display: none;\">__PRESENT<\/span><\/p>\n<p><span id=\"__symantecMPKIClientDetector\" style=\"display: none;\">__PRESENT<\/span><\/p>\n<p><span id=\"__symantecMPKIClientDetector\" style=\"display: none;\">__PRESENT<\/span><\/p>\n<p><span id=\"__symantecMPKIClientDetector\" style=\"display: none;\">__PRESENT<\/span><\/p>\n<p><object id=\"__symantecMPKIClientMessenger\" style=\"display: none;\" width=\"300\" height=\"150\" data-supports-flavor-configuration=\"true\" data-extension-version=\"1.2.0.158\"><\/object><span id=\"__symantecMPKIClientDetector\" style=\"display: none;\">__PRESENT<\/span><\/p>\n<p><span id=\"__symantecMPKIClientDetector\" style=\"display: none;\">__PRESENT<\/span><\/p>\n<p><span id=\"__symantecMPKIClientDetector\" style=\"display: none;\">__PRESENT<\/span><\/p>\n<p><span id=\"__symantecMPKIClientDetector\" style=\"display: none;\">__PRESENT<\/span><\/p>\n<p><span id=\"__symantecMPKIClientDetector\" style=\"display: none;\">__PRESENT<\/span><span id=\"__symantecMPKIClientDetector\" style=\"display: none;\">__PRESENT<\/span><\/p>\n<p><span id=\"__symantecMPKIClientDetector\" style=\"display: none;\">__PRESENT<\/span><\/p>\n<p><object id=\"__symantecMPKIClientMessenger\" style=\"display: none;\" width=\"300\" height=\"150\" data-supports-flavor-configuration=\"true\" data-extension-version=\"1.2.0.158\"><\/object><span id=\"__symantecMPKIClientDetector\" style=\"display: none;\">__PRESENT<\/span><\/p>","protected":false},"excerpt":{"rendered":"<ul>\n<li>24V<\/li>\n<li>13.8mm x 24m staalkabel<\/li>\n<li>D\u00e9velopp\u00e9 et test\u00e9 au Royaume-Uni<\/li>\n<li>Treksterkte: 10,000 kg<\/li>\n<li>T\u00e9l\u00e9commande manuelle<\/li>\n<\/ul>\n<p><span id=\"__symantecMPKIClientDetector\" style=\"display: none;\">__PRESENT<\/span><\/p>\n<p><object id=\"__symantecMPKIClientMessenger\" style=\"display: none;\" width=\"300\" height=\"150\" data-supports-flavor-configuration=\"true\" data-extension-version=\"1.2.0.158\"><\/object><span id=\"__symantecMPKIClientDetector\" style=\"display: none;\">__PRESENT<\/span><\/p>\n<p><span id=\"__symantecMPKIClientDetector\" style=\"display: none;\">__PRESENT<\/span><\/p>\n<p><span id=\"__symantecMPKIClientDetector\" style=\"display: none;\">__PRESENT<\/span><span id=\"__symantecMPKIClientDetector\" style=\"display: none;\">__PRESENT<\/span><\/p>\n<p><span id=\"__symantecMPKIClientDetector\" style=\"display: none;\">__PRESENT<\/span><span id=\"__symantecMPKIClientDetector\" style=\"display: none;\">__PRESENT<\/span><\/p>","protected":false},"featured_media":2028,"template":"","meta":{"iawp_total_views":59},"product_brand":[],"product_cat":[17,18],"product_tag":[],"class_list":{"0":"post-2029","1":"product","2":"type-product","3":"status-publish","4":"has-post-thumbnail","6":"product_cat-winches","7":"product_cat-warrior-winches","8":"product_shipping_class-geen-verzending","10":"first","11":"outofstock","12":"taxable","13":"shipping-taxable","14":"purchasable","15":"product-type-simple"},"yoast_head":"<!-- This site is optimized with the Yoast SEO plugin v25.8 - https:\/\/yoast.com\/wordpress\/plugins\/seo\/ -->\n<title>Warrior T1000-22000 Winch Staalkabel 24V (10,000 kg) - Belgian Winch Shop<\/title>\n<meta name=\"robots\" content=\"index, follow, max-snippet:-1, max-image-preview:large, max-video-preview:-1\" \/>\n<link rel=\"canonical\" href=\"https:\/\/belgianwinchshop.be\/fr\/produit\/warrior-t1000-22000-winch-staalkabel-10000-kg\/\" \/>\n<meta property=\"og:locale\" content=\"fr_FR\" \/>\n<meta property=\"og:type\" content=\"article\" \/>\n<meta property=\"og:title\" content=\"Warrior T1000-22000 Winch Staalkabel 24V (10,000 kg) - Belgian Winch Shop\" \/>\n<meta property=\"og:description\" content=\"24V  13.8mm x 24m staalkabel  Ontworpen en getest in UK  Treksterkte: 10,000 kg  Manuele afstandsbediening  __PRESENT  __PRESENT  __PRESENT  __PRESENT__PRESENT  __PRESENT__PRESENT\" \/>\n<meta property=\"og:url\" content=\"https:\/\/belgianwinchshop.be\/fr\/produit\/warrior-t1000-22000-winch-staalkabel-10000-kg\/\" \/>\n<meta property=\"og:site_name\" content=\"Belgian Winch Shop\" \/>\n<meta property=\"article:modified_time\" content=\"2025-09-01T17:11:40+00:00\" \/>\n<meta property=\"og:image\" content=\"https:\/\/belgianwinchshop.be\/wp-content\/uploads\/2025\/01\/WWT122S12_side-view-scaled.jpg\" \/>\n\t<meta property=\"og:image:width\" content=\"2560\" \/>\n\t<meta property=\"og:image:height\" content=\"1829\" \/>\n\t<meta property=\"og:image:type\" content=\"image\/jpeg\" \/>\n<meta name=\"twitter:card\" content=\"summary_large_image\" \/>\n<meta name=\"twitter:label1\" content=\"Dur\u00e9e de lecture est.\" \/>\n\t<meta name=\"twitter:data1\" content=\"1 minute\" \/>\n<script type=\"application\/ld+json\" class=\"yoast-schema-graph\">{\"@context\":\"https:\/\/schema.org\",\"@graph\":[{\"@type\":\"WebPage\",\"@id\":\"https:\/\/belgianwinchshop.be\/product\/warrior-t1000-22000-winch-staalkabel-10000-kg\/\",\"url\":\"https:\/\/belgianwinchshop.be\/product\/warrior-t1000-22000-winch-staalkabel-10000-kg\/\",\"name\":\"Warrior T1000-22000 Winch Staalkabel 24V (10,000 kg) - Belgian Winch Shop\",\"isPartOf\":{\"@id\":\"https:\/\/belgianwinchshop.be\/#website\"},\"primaryImageOfPage\":{\"@id\":\"https:\/\/belgianwinchshop.be\/product\/warrior-t1000-22000-winch-staalkabel-10000-kg\/#primaryimage\"},\"image\":{\"@id\":\"https:\/\/belgianwinchshop.be\/product\/warrior-t1000-22000-winch-staalkabel-10000-kg\/#primaryimage\"},\"thumbnailUrl\":\"https:\/\/belgianwinchshop.be\/wp-content\/uploads\/2025\/01\/WWT122S12_side-view-scaled.jpg\",\"datePublished\":\"2025-01-09T17:18:36+00:00\",\"dateModified\":\"2025-09-01T17:11:40+00:00\",\"breadcrumb\":{\"@id\":\"https:\/\/belgianwinchshop.be\/product\/warrior-t1000-22000-winch-staalkabel-10000-kg\/#breadcrumb\"},\"inLanguage\":\"fr-BE\",\"potentialAction\":[{\"@type\":\"ReadAction\",\"target\":[\"https:\/\/belgianwinchshop.be\/product\/warrior-t1000-22000-winch-staalkabel-10000-kg\/\"]}]},{\"@type\":\"ImageObject\",\"inLanguage\":\"fr-BE\",\"@id\":\"https:\/\/belgianwinchshop.be\/product\/warrior-t1000-22000-winch-staalkabel-10000-kg\/#primaryimage\",\"url\":\"https:\/\/belgianwinchshop.be\/wp-content\/uploads\/2025\/01\/WWT122S12_side-view-scaled.jpg\",\"contentUrl\":\"https:\/\/belgianwinchshop.be\/wp-content\/uploads\/2025\/01\/WWT122S12_side-view-scaled.jpg\",\"width\":2560,\"height\":1829},{\"@type\":\"BreadcrumbList\",\"@id\":\"https:\/\/belgianwinchshop.be\/product\/warrior-t1000-22000-winch-staalkabel-10000-kg\/#breadcrumb\",\"itemListElement\":[{\"@type\":\"ListItem\",\"position\":1,\"name\":\"Home\",\"item\":\"https:\/\/belgianwinchshop.be\/\"},{\"@type\":\"ListItem\",\"position\":2,\"name\":\"Webshop old\",\"item\":\"https:\/\/belgianwinchshop.be\/webshop\/\"},{\"@type\":\"ListItem\",\"position\":3,\"name\":\"Warrior T1000-22000 Winch Staalkabel 24V (10,000 kg)\"}]},{\"@type\":\"WebSite\",\"@id\":\"https:\/\/belgianwinchshop.be\/#website\",\"url\":\"https:\/\/belgianwinchshop.be\/\",\"name\":\"Belgian Winch Shop\",\"description\":\"Warrior winches and more\",\"publisher\":{\"@id\":\"https:\/\/belgianwinchshop.be\/#organization\"},\"potentialAction\":[{\"@type\":\"SearchAction\",\"target\":{\"@type\":\"EntryPoint\",\"urlTemplate\":\"https:\/\/belgianwinchshop.be\/?s={search_term_string}\"},\"query-input\":{\"@type\":\"PropertyValueSpecification\",\"valueRequired\":true,\"valueName\":\"search_term_string\"}}],\"inLanguage\":\"fr-BE\"},{\"@type\":\"Organization\",\"@id\":\"https:\/\/belgianwinchshop.be\/#organization\",\"name\":\"Belgian Winch Shop\",\"url\":\"https:\/\/belgianwinchshop.be\/\",\"logo\":{\"@type\":\"ImageObject\",\"inLanguage\":\"fr-BE\",\"@id\":\"https:\/\/belgianwinchshop.be\/#\/schema\/logo\/image\/\",\"url\":\"https:\/\/belgianwinchshop.be\/wp-content\/uploads\/2023\/10\/Untitled4-1.png\",\"contentUrl\":\"https:\/\/belgianwinchshop.be\/wp-content\/uploads\/2023\/10\/Untitled4-1.png\",\"width\":788,\"height\":271,\"caption\":\"Belgian Winch Shop\"},\"image\":{\"@id\":\"https:\/\/belgianwinchshop.be\/#\/schema\/logo\/image\/\"}}]}<\/script>\n<!-- \/ Yoast SEO plugin. -->","yoast_head_json":{"title":"Warrior T1000-22000 Winch Staalkabel 24V (10,000 kg) - Belgian Winch Shop","robots":{"index":"index","follow":"follow","max-snippet":"max-snippet:-1","max-image-preview":"max-image-preview:large","max-video-preview":"max-video-preview:-1"},"canonical":"https:\/\/belgianwinchshop.be\/fr\/produit\/warrior-t1000-22000-winch-staalkabel-10000-kg\/","og_locale":"fr_FR","og_type":"article","og_title":"Warrior T1000-22000 Winch Staalkabel 24V (10,000 kg) - Belgian Winch Shop","og_description":"24V  13.8mm x 24m staalkabel  Ontworpen en getest in UK  Treksterkte: 10,000 kg  Manuele afstandsbediening  __PRESENT  __PRESENT  __PRESENT  __PRESENT__PRESENT  __PRESENT__PRESENT","og_url":"https:\/\/belgianwinchshop.be\/fr\/produit\/warrior-t1000-22000-winch-staalkabel-10000-kg\/","og_site_name":"Belgian Winch Shop","article_modified_time":"2025-09-01T17:11:40+00:00","og_image":[{"width":2560,"height":1829,"url":"https:\/\/belgianwinchshop.be\/wp-content\/uploads\/2025\/01\/WWT122S12_side-view-scaled.jpg","type":"image\/jpeg"}],"twitter_card":"summary_large_image","twitter_misc":{"Dur\u00e9e de lecture est.":"1 minute"},"schema":{"@context":"https:\/\/schema.org","@graph":[{"@type":"WebPage","@id":"https:\/\/belgianwinchshop.be\/product\/warrior-t1000-22000-winch-staalkabel-10000-kg\/","url":"https:\/\/belgianwinchshop.be\/product\/warrior-t1000-22000-winch-staalkabel-10000-kg\/","name":"Warrior T1000-22000 Winch Staalkabel 24V (10,000 kg) - Belgian Winch Shop","isPartOf":{"@id":"https:\/\/belgianwinchshop.be\/#website"},"primaryImageOfPage":{"@id":"https:\/\/belgianwinchshop.be\/product\/warrior-t1000-22000-winch-staalkabel-10000-kg\/#primaryimage"},"image":{"@id":"https:\/\/belgianwinchshop.be\/product\/warrior-t1000-22000-winch-staalkabel-10000-kg\/#primaryimage"},"thumbnailUrl":"https:\/\/belgianwinchshop.be\/wp-content\/uploads\/2025\/01\/WWT122S12_side-view-scaled.jpg","datePublished":"2025-01-09T17:18:36+00:00","dateModified":"2025-09-01T17:11:40+00:00","breadcrumb":{"@id":"https:\/\/belgianwinchshop.be\/product\/warrior-t1000-22000-winch-staalkabel-10000-kg\/#breadcrumb"},"inLanguage":"fr-BE","potentialAction":[{"@type":"ReadAction","target":["https:\/\/belgianwinchshop.be\/product\/warrior-t1000-22000-winch-staalkabel-10000-kg\/"]}]},{"@type":"ImageObject","inLanguage":"fr-BE","@id":"https:\/\/belgianwinchshop.be\/product\/warrior-t1000-22000-winch-staalkabel-10000-kg\/#primaryimage","url":"https:\/\/belgianwinchshop.be\/wp-content\/uploads\/2025\/01\/WWT122S12_side-view-scaled.jpg","contentUrl":"https:\/\/belgianwinchshop.be\/wp-content\/uploads\/2025\/01\/WWT122S12_side-view-scaled.jpg","width":2560,"height":1829},{"@type":"BreadcrumbList","@id":"https:\/\/belgianwinchshop.be\/product\/warrior-t1000-22000-winch-staalkabel-10000-kg\/#breadcrumb","itemListElement":[{"@type":"ListItem","position":1,"name":"Home","item":"https:\/\/belgianwinchshop.be\/"},{"@type":"ListItem","position":2,"name":"Webshop old","item":"https:\/\/belgianwinchshop.be\/webshop\/"},{"@type":"ListItem","position":3,"name":"Warrior T1000-22000 Winch Staalkabel 24V (10,000 kg)"}]},{"@type":"WebSite","@id":"https:\/\/belgianwinchshop.be\/#website","url":"https:\/\/belgianwinchshop.be\/","name":"Belgian Winch Shop","description":"Warrior winches and more","publisher":{"@id":"https:\/\/belgianwinchshop.be\/#organization"},"potentialAction":[{"@type":"SearchAction","target":{"@type":"EntryPoint","urlTemplate":"https:\/\/belgianwinchshop.be\/?s={search_term_string}"},"query-input":{"@type":"PropertyValueSpecification","valueRequired":true,"valueName":"search_term_string"}}],"inLanguage":"fr-BE"},{"@type":"Organization","@id":"https:\/\/belgianwinchshop.be\/#organization","name":"Belgian Winch Shop","url":"https:\/\/belgianwinchshop.be\/","logo":{"@type":"ImageObject","inLanguage":"fr-BE","@id":"https:\/\/belgianwinchshop.be\/#\/schema\/logo\/image\/","url":"https:\/\/belgianwinchshop.be\/wp-content\/uploads\/2023\/10\/Untitled4-1.png","contentUrl":"https:\/\/belgianwinchshop.be\/wp-content\/uploads\/2023\/10\/Untitled4-1.png","width":788,"height":271,"caption":"Belgian Winch Shop"},"image":{"@id":"https:\/\/belgianwinchshop.be\/#\/schema\/logo\/image\/"}}]}},"jetpack_sharing_enabled":true,"_links":{"self":[{"href":"https:\/\/belgianwinchshop.be\/fr\/wp-json\/wp\/v2\/product\/2029","targetHints":{"allow":["GET"]}}],"collection":[{"href":"https:\/\/belgianwinchshop.be\/fr\/wp-json\/wp\/v2\/product"}],"about":[{"href":"https:\/\/belgianwinchshop.be\/fr\/wp-json\/wp\/v2\/types\/product"}],"wp:featuredmedia":[{"embeddable":true,"href":"https:\/\/belgianwinchshop.be\/fr\/wp-json\/wp\/v2\/media\/2028"}],"wp:attachment":[{"href":"https:\/\/belgianwinchshop.be\/fr\/wp-json\/wp\/v2\/media?parent=2029"}],"wp:term":[{"taxonomy":"product_brand","embeddable":true,"href":"https:\/\/belgianwinchshop.be\/fr\/wp-json\/wp\/v2\/product_brand?post=2029"},{"taxonomy":"product_cat","embeddable":true,"href":"https:\/\/belgianwinchshop.be\/fr\/wp-json\/wp\/v2\/product_cat?post=2029"},{"taxonomy":"product_tag","embeddable":true,"href":"https:\/\/belgianwinchshop.be\/fr\/wp-json\/wp\/v2\/product_tag?post=2029"}],"curies":[{"name":"wp","href":"https:\/\/api.w.org\/{rel}","templated":true}]}}