{"id":2146,"date":"2025-09-01T19:19:00","date_gmt":"2025-09-01T17:19:00","guid":{"rendered":"https:\/\/belgianwinchshop.be\/?post_type=product&#038;p=2146"},"modified":"2026-03-31T20:32:05","modified_gmt":"2026-03-31T19:32:05","slug":"warrior-titan-6000-winch-synthetisch-touw-2700-kg","status":"publish","type":"product","link":"https:\/\/belgianwinchshop.be\/fr\/produit\/warrior-titan-6000-winch-synthetisch-touw-2700-kg\/","title":{"rendered":"Warrior Titan 6000 Treuil Corde synth\u00e9tique (2,700 kg)"},"content":{"rendered":"<p>Le Warrior Titan 6000 est le dernier mod\u00e8le de Warrior Winches. C'est un premium treuil 12 V \u00e9quip\u00e9 d'une corde synth\u00e9tique. Ce treuil est id\u00e9al pour remorquer des voitures, des bateaux, etc. sur des remorques. Il n'est pas adapt\u00e9 aux applications jeep 4 x 4<\/p>\n<p>Le treuil Warrior Titan est con\u00e7u pour durer, avec un ch\u00e2ssis m\u00e9tallique robuste, un moteur 12 V puissant et un couplage plan\u00e9taire efficient. Le frein \u00e0 ressort m\u00e9canique assure un arr\u00eat rapide, m\u00eame sur les pentes.<\/p>\n<p>IP67 certifi\u00e9.<\/p>\n<p>Force de traction : 2,700 kg<\/p>\n<p>Avec corde synth\u00e9tique.<\/p>\n<p>Avec plaque de base et 2-en-1 t\u00e9l\u00e9commande manuelle et sans fil<\/p>\n<p>&nbsp;<\/p>\n<p><span id=\"__symantecMPKIClientDetector\" style=\"display: none;\">__PRESENT<\/span><\/p>\n<p><span id=\"__symantecMPKIClientDetector\" style=\"display: none;\">__PRESENT<\/span><\/p>\n<p><span id=\"__symantecMPKIClientDetector\" style=\"display: none;\">__PRESENT<\/span><\/p>\n<p><span id=\"__symantecMPKIClientDetector\" style=\"display: none;\">__PRESENT<\/span><\/p>\n<p><span id=\"__symantecMPKIClientDetector\" style=\"display: none;\">__PRESENT<\/span><\/p>\n<p><span id=\"__symantecMPKIClientDetector\" style=\"display: none;\">__PRESENT<\/span><\/p>\n<p><span id=\"__symantecMPKIClientDetector\" style=\"display: none;\">__PRESENT<\/span><\/p>\n<p><span id=\"__symantecMPKIClientDetector\" style=\"display: none;\">__PRESENT<\/span><\/p>\n<p><span id=\"__symantecMPKIClientDetector\" style=\"display: none;\">__PRESENT<\/span><\/p>\n<p><span id=\"__symantecMPKIClientDetector\" style=\"display: none;\">__PRESENT<\/span><\/p>\n<p><span id=\"__symantecMPKIClientDetector\" style=\"display: none;\">__PRESENT<\/span><\/p>\n<p><span id=\"__symantecMPKIClientDetector\" style=\"display: none;\">__PRESENT<\/span><\/p>\n<p><span id=\"__symantecMPKIClientDetector\" style=\"display: none;\">__PRESENT<\/span><\/p>\n<p><span id=\"__symantecMPKIClientDetector\" style=\"display: none;\">__PRESENT<\/span><\/p>\n<p><span id=\"__symantecMPKIClientDetector\" style=\"display: none;\">__PRESENT<\/span><\/p>\n<p><span id=\"__symantecMPKIClientDetector\" style=\"display: none;\">__PRESENT<\/span><\/p>\n<p><span id=\"__symantecMPKIClientDetector\" style=\"display: none;\">__PRESENT<\/span><\/p>\n<p><span id=\"__symantecMPKIClientDetector\" style=\"display: none;\">__PRESENT<\/span><\/p>\n<p><span id=\"__symantecMPKIClientDetector\" style=\"display: none;\">__PRESENT<\/span><\/p>\n<p><span id=\"__symantecMPKIClientDetector\" style=\"display: none;\">__PRESENT<\/span><span id=\"__symantecMPKIClientDetector\" style=\"display: none;\">__PRESENT<\/span><span id=\"__symantecMPKIClientDetector\" style=\"display: none;\">__PRESENT<\/span><span id=\"__symantecMPKIClientDetector\" style=\"display: none;\">__PRESENT<\/span><span id=\"__symantecMPKIClientDetector\" style=\"display: none;\">__PRESENT<\/span><\/p>\n<p><span id=\"__symantecMPKIClientDetector\" style=\"display: none;\">__PRESENT<\/span><span id=\"__symantecMPKIClientDetector\" style=\"display: none;\">__PRESENT<\/span><\/p>\n<p><span id=\"__symantecMPKIClientDetector\" style=\"display: none;\">__PRESENT<\/span><\/p>\n<p><span id=\"__symantecMPKIClientDetector\" style=\"display: none;\">__PRESENT<\/span><\/p>\n<p><span id=\"__symantecMPKIClientDetector\" style=\"display: none;\">__PRESENT<\/span><\/p>\n<p><span id=\"__symantecMPKIClientDetector\" style=\"display: none;\">__PRESENT<\/span><object id=\"__symantecMPKIClientMessenger\" style=\"display: none;\" width=\"300\" height=\"150\" data-supports-flavor-configuration=\"true\" data-extension-version=\"1.2.0.158\"><\/object><span id=\"__symantecMPKIClientDetector\" style=\"display: none;\">__PRESENT<\/span><\/p>\n<p><span id=\"__symantecMPKIClientDetector\" style=\"display: none;\">__PRESENT<\/span><span id=\"__symantecMPKIClientDetector\" style=\"display: none;\">__PRESENT<\/span><span id=\"__symantecMPKIClientDetector\" style=\"display: none;\">__PRESENT<\/span><span id=\"__symantecMPKIClientDetector\" style=\"display: none;\">__PRESENT<\/span><span id=\"__symantecMPKIClientDetector\" style=\"display: none;\">__PRESENT<\/span><span id=\"__symantecMPKIClientDetector\" style=\"display: none;\">__PRESENT<\/span><span id=\"__symantecMPKIClientDetector\" style=\"display: none;\">__PRESENT<\/span><span id=\"__symantecMPKIClientDetector\" style=\"display: none;\">__PRESENT<\/span><span id=\"__symantecMPKIClientDetector\" style=\"display: none;\">__PRESENT<\/span><span id=\"__symantecMPKIClientDetector\" style=\"display: none;\">__PRESENT<\/span><span id=\"__symantecMPKIClientDetector\" style=\"display: none;\">__PRESENT<\/span><\/p>\n<p><span id=\"__symantecMPKIClientDetector\" style=\"display: none;\">__PRESENT<\/span><\/p>\n<p><object id=\"__symantecMPKIClientMessenger\" style=\"display: none;\" width=\"300\" height=\"150\" data-supports-flavor-configuration=\"true\" data-extension-version=\"1.2.0.158\"><\/object><span id=\"__symantecMPKIClientDetector\" style=\"display: none;\">__PRESENT<\/span><\/p>\n<p><span id=\"__symantecMPKIClientDetector\" style=\"display: none;\">__PRESENT<\/span><\/p>","protected":false},"excerpt":{"rendered":"<ul>\n<li>12V<\/li>\n<li>D\u00e9velopp\u00e9 et test\u00e9 au Royaume-Uni<\/li>\n<li>Force de traction : 2,700 kg<\/li>\n<li>2-en-1 t\u00e9l\u00e9commande manuelle et sans fil.<\/li>\n<li>Avec plaque de base<\/li>\n<\/ul>\n<p><span id=\"__symantecMPKIClientDetector\" style=\"display: none;\">__PRESENT<\/span><\/p>\n<p><span id=\"__symantecMPKIClientDetector\" style=\"display: none;\">__PRESENT<\/span><\/p>\n<p><span id=\"__symantecMPKIClientDetector\" style=\"display: none;\">__PRESENT<\/span><\/p>\n<p><span id=\"__symantecMPKIClientDetector\" style=\"display: none;\">__PRESENT<\/span><\/p>\n<p><span id=\"__symantecMPKIClientDetector\" style=\"display: none;\">__PRESENT<\/span><\/p>\n<p><span id=\"__symantecMPKIClientDetector\" style=\"display: none;\">__PRESENT<\/span><\/p>\n<p><span id=\"__symantecMPKIClientDetector\" style=\"display: none;\">__PRESENT<\/span><span id=\"__symantecMPKIClientDetector\" style=\"display: none;\">__PRESENT<\/span><\/p>\n<p><span id=\"__symantecMPKIClientDetector\" style=\"display: none;\">__PRESENT<\/span><\/p>\n<p><span id=\"__symantecMPKIClientDetector\" style=\"display: none;\">__PRESENT<\/span><\/p>\n<p><span id=\"__symantecMPKIClientDetector\" style=\"display: none;\">__PRESENT<\/span><\/p>\n<p><span id=\"__symantecMPKIClientDetector\" style=\"display: none;\">__PRESENT<\/span><\/p>\n<p><span id=\"__symantecMPKIClientDetector\" style=\"display: none;\">__PRESENT<\/span><span id=\"__symantecMPKIClientDetector\" style=\"display: none;\">__PRESENT<\/span><span id=\"__symantecMPKIClientDetector\" style=\"display: none;\">__PRESENT<\/span><span id=\"__symantecMPKIClientDetector\" style=\"display: none;\">__PRESENT<\/span><span id=\"__symantecMPKIClientDetector\" style=\"display: none;\">__PRESENT<\/span><span id=\"__symantecMPKIClientDetector\" style=\"display: none;\">__PRESENT<\/span><span id=\"__symantecMPKIClientDetector\" style=\"display: none;\">__PRESENT<\/span><span id=\"__symantecMPKIClientDetector\" style=\"display: none;\">__PRESENT<\/span><\/p>\n<p><span id=\"__symantecMPKIClientDetector\" style=\"display: none;\">__PRESENT<\/span><span id=\"__symantecMPKIClientDetector\" style=\"display: none;\">__PRESENT<\/span><object id=\"__symantecMPKIClientMessenger\" style=\"display: none;\" width=\"300\" height=\"150\" data-supports-flavor-configuration=\"true\" data-extension-version=\"1.2.0.158\"><\/object><span id=\"__symantecMPKIClientDetector\" style=\"display: none;\">__PRESENT<\/span><\/p>\n<p><span id=\"__symantecMPKIClientDetector\" style=\"display: none;\">__PRESENT<\/span><span id=\"__symantecMPKIClientDetector\" style=\"display: none;\">__PRESENT<\/span><span id=\"__symantecMPKIClientDetector\" style=\"display: none;\">__PRESENT<\/span><span id=\"__symantecMPKIClientDetector\" style=\"display: none;\">__PRESENT<\/span><span id=\"__symantecMPKIClientDetector\" style=\"display: none;\">__PRESENT<\/span><span id=\"__symantecMPKIClientDetector\" style=\"display: none;\">__PRESENT<\/span><span id=\"__symantecMPKIClientDetector\" style=\"display: none;\">__PRESENT<\/span><span id=\"__symantecMPKIClientDetector\" style=\"display: none;\">__PRESENT<\/span><span id=\"__symantecMPKIClientDetector\" style=\"display: none;\">__PRESENT<\/span><span id=\"__symantecMPKIClientDetector\" style=\"display: none;\">__PRESENT<\/span><span id=\"__symantecMPKIClientDetector\" style=\"display: none;\">__PRESENT<\/span><span id=\"__symantecMPKIClientDetector\" style=\"display: none;\">__PRESENT<\/span><object id=\"__symantecMPKIClientMessenger\" style=\"display: none;\" width=\"300\" height=\"150\" data-supports-flavor-configuration=\"true\" data-extension-version=\"1.2.0.158\"><\/object><span id=\"__symantecMPKIClientDetector\" style=\"display: none;\">__PRESENT<\/span><\/p>\n<p><span id=\"__symantecMPKIClientDetector\" style=\"display: none;\">__PRESENT<\/span><\/p>","protected":false},"featured_media":2154,"template":"","meta":{"iawp_total_views":213},"product_brand":[],"product_cat":[17,18],"product_tag":[],"class_list":{"0":"post-2146","1":"product","2":"type-product","3":"status-publish","4":"has-post-thumbnail","6":"product_cat-winches","7":"product_cat-warrior-winches","9":"first","10":"instock","11":"taxable","12":"shipping-taxable","13":"purchasable","14":"product-type-simple"},"yoast_head":"<!-- This site is optimized with the Yoast SEO plugin v25.8 - https:\/\/yoast.com\/wordpress\/plugins\/seo\/ -->\n<title>Warrior Titan 6000 Winch Synthetisch Touw (2,700 kg) - Belgian Winch Shop<\/title>\n<meta name=\"robots\" content=\"index, follow, max-snippet:-1, max-image-preview:large, max-video-preview:-1\" \/>\n<link rel=\"canonical\" href=\"https:\/\/belgianwinchshop.be\/fr\/produit\/warrior-titan-6000-winch-synthetisch-touw-2700-kg\/\" \/>\n<meta property=\"og:locale\" content=\"fr_FR\" \/>\n<meta property=\"og:type\" content=\"article\" \/>\n<meta property=\"og:title\" content=\"Warrior Titan 6000 Winch Synthetisch Touw (2,700 kg) - Belgian Winch Shop\" \/>\n<meta property=\"og:description\" content=\"12V  Ontworpen en getest in UK  Treksterkte: 2,700 kg  2-in1 manuele en draadloze afstandsbediening  Met grondplaat  __PRESENT  __PRESENT  __PRESENT  __PRESENT  __PRESENT  __PRESENT  __PRESENT__PRESENT  __PRESENT  __PRESENT  __PRESENT  __PRESENT  __PRESENT__PRESENT__PRESENT__PRESENT__PRESENT__PRESENT__PRESENT__PRESENT  __PRESENT__PRESENT__PRESENT  __PRESENT__PRESENT__PRESENT__PRESENT__PRESENT__PRESENT__PRESENT__PRESENT__PRESENT__PRESENT__PRESENT__PRESENT__PRESENT  __PRESENT\" \/>\n<meta property=\"og:url\" content=\"https:\/\/belgianwinchshop.be\/fr\/produit\/warrior-titan-6000-winch-synthetisch-touw-2700-kg\/\" \/>\n<meta property=\"og:site_name\" content=\"Belgian Winch Shop\" \/>\n<meta property=\"article:modified_time\" content=\"2026-03-31T19:32:05+00:00\" \/>\n<meta property=\"og:image\" content=\"https:\/\/belgianwinchshop.be\/wp-content\/uploads\/2025\/09\/Warrior-Titan-6000-Winch-Front.jpg\" \/>\n\t<meta property=\"og:image:width\" content=\"1200\" \/>\n\t<meta property=\"og:image:height\" content=\"1200\" \/>\n\t<meta property=\"og:image:type\" content=\"image\/jpeg\" \/>\n<meta name=\"twitter:card\" content=\"summary_large_image\" \/>\n<meta name=\"twitter:label1\" content=\"Dur\u00e9e de lecture est.\" \/>\n\t<meta name=\"twitter:data1\" content=\"1 minute\" \/>\n<script type=\"application\/ld+json\" class=\"yoast-schema-graph\">{\"@context\":\"https:\/\/schema.org\",\"@graph\":[{\"@type\":\"WebPage\",\"@id\":\"https:\/\/belgianwinchshop.be\/product\/warrior-titan-6000-winch-synthetisch-touw-2700-kg\/\",\"url\":\"https:\/\/belgianwinchshop.be\/product\/warrior-titan-6000-winch-synthetisch-touw-2700-kg\/\",\"name\":\"Warrior Titan 6000 Winch Synthetisch Touw (2,700 kg) - Belgian Winch Shop\",\"isPartOf\":{\"@id\":\"https:\/\/belgianwinchshop.be\/#website\"},\"primaryImageOfPage\":{\"@id\":\"https:\/\/belgianwinchshop.be\/product\/warrior-titan-6000-winch-synthetisch-touw-2700-kg\/#primaryimage\"},\"image\":{\"@id\":\"https:\/\/belgianwinchshop.be\/product\/warrior-titan-6000-winch-synthetisch-touw-2700-kg\/#primaryimage\"},\"thumbnailUrl\":\"https:\/\/belgianwinchshop.be\/wp-content\/uploads\/2025\/09\/Warrior-Titan-6000-Winch-Front.jpg\",\"datePublished\":\"2025-09-01T17:19:00+00:00\",\"dateModified\":\"2026-03-31T19:32:05+00:00\",\"breadcrumb\":{\"@id\":\"https:\/\/belgianwinchshop.be\/product\/warrior-titan-6000-winch-synthetisch-touw-2700-kg\/#breadcrumb\"},\"inLanguage\":\"fr-BE\",\"potentialAction\":[{\"@type\":\"ReadAction\",\"target\":[\"https:\/\/belgianwinchshop.be\/product\/warrior-titan-6000-winch-synthetisch-touw-2700-kg\/\"]}]},{\"@type\":\"ImageObject\",\"inLanguage\":\"fr-BE\",\"@id\":\"https:\/\/belgianwinchshop.be\/product\/warrior-titan-6000-winch-synthetisch-touw-2700-kg\/#primaryimage\",\"url\":\"https:\/\/belgianwinchshop.be\/wp-content\/uploads\/2025\/09\/Warrior-Titan-6000-Winch-Front.jpg\",\"contentUrl\":\"https:\/\/belgianwinchshop.be\/wp-content\/uploads\/2025\/09\/Warrior-Titan-6000-Winch-Front.jpg\",\"width\":1200,\"height\":1200,\"caption\":\"Warrior Titan 6000 Winch Front\"},{\"@type\":\"BreadcrumbList\",\"@id\":\"https:\/\/belgianwinchshop.be\/product\/warrior-titan-6000-winch-synthetisch-touw-2700-kg\/#breadcrumb\",\"itemListElement\":[{\"@type\":\"ListItem\",\"position\":1,\"name\":\"Home\",\"item\":\"https:\/\/belgianwinchshop.be\/\"},{\"@type\":\"ListItem\",\"position\":2,\"name\":\"Webshop old\",\"item\":\"https:\/\/belgianwinchshop.be\/webshop\/\"},{\"@type\":\"ListItem\",\"position\":3,\"name\":\"Warrior Titan 6000 Winch Synthetisch Touw (2,700 kg)\"}]},{\"@type\":\"WebSite\",\"@id\":\"https:\/\/belgianwinchshop.be\/#website\",\"url\":\"https:\/\/belgianwinchshop.be\/\",\"name\":\"Belgian Winch Shop\",\"description\":\"Warrior winches and more\",\"publisher\":{\"@id\":\"https:\/\/belgianwinchshop.be\/#organization\"},\"potentialAction\":[{\"@type\":\"SearchAction\",\"target\":{\"@type\":\"EntryPoint\",\"urlTemplate\":\"https:\/\/belgianwinchshop.be\/?s={search_term_string}\"},\"query-input\":{\"@type\":\"PropertyValueSpecification\",\"valueRequired\":true,\"valueName\":\"search_term_string\"}}],\"inLanguage\":\"fr-BE\"},{\"@type\":\"Organization\",\"@id\":\"https:\/\/belgianwinchshop.be\/#organization\",\"name\":\"Belgian Winch Shop\",\"url\":\"https:\/\/belgianwinchshop.be\/\",\"logo\":{\"@type\":\"ImageObject\",\"inLanguage\":\"fr-BE\",\"@id\":\"https:\/\/belgianwinchshop.be\/#\/schema\/logo\/image\/\",\"url\":\"https:\/\/belgianwinchshop.be\/wp-content\/uploads\/2023\/10\/Untitled4-1.png\",\"contentUrl\":\"https:\/\/belgianwinchshop.be\/wp-content\/uploads\/2023\/10\/Untitled4-1.png\",\"width\":788,\"height\":271,\"caption\":\"Belgian Winch Shop\"},\"image\":{\"@id\":\"https:\/\/belgianwinchshop.be\/#\/schema\/logo\/image\/\"}}]}<\/script>\n<!-- \/ Yoast SEO plugin. -->","yoast_head_json":{"title":"Warrior Titan 6000 Winch Synthetisch Touw (2,700 kg) - Belgian Winch Shop","robots":{"index":"index","follow":"follow","max-snippet":"max-snippet:-1","max-image-preview":"max-image-preview:large","max-video-preview":"max-video-preview:-1"},"canonical":"https:\/\/belgianwinchshop.be\/fr\/produit\/warrior-titan-6000-winch-synthetisch-touw-2700-kg\/","og_locale":"fr_FR","og_type":"article","og_title":"Warrior Titan 6000 Winch Synthetisch Touw (2,700 kg) - Belgian Winch Shop","og_description":"12V  Ontworpen en getest in UK  Treksterkte: 2,700 kg  2-in1 manuele en draadloze afstandsbediening  Met grondplaat  __PRESENT  __PRESENT  __PRESENT  __PRESENT  __PRESENT  __PRESENT  __PRESENT__PRESENT  __PRESENT  __PRESENT  __PRESENT  __PRESENT  __PRESENT__PRESENT__PRESENT__PRESENT__PRESENT__PRESENT__PRESENT__PRESENT  __PRESENT__PRESENT__PRESENT  __PRESENT__PRESENT__PRESENT__PRESENT__PRESENT__PRESENT__PRESENT__PRESENT__PRESENT__PRESENT__PRESENT__PRESENT__PRESENT  __PRESENT","og_url":"https:\/\/belgianwinchshop.be\/fr\/produit\/warrior-titan-6000-winch-synthetisch-touw-2700-kg\/","og_site_name":"Belgian Winch Shop","article_modified_time":"2026-03-31T19:32:05+00:00","og_image":[{"width":1200,"height":1200,"url":"https:\/\/belgianwinchshop.be\/wp-content\/uploads\/2025\/09\/Warrior-Titan-6000-Winch-Front.jpg","type":"image\/jpeg"}],"twitter_card":"summary_large_image","twitter_misc":{"Dur\u00e9e de lecture est.":"1 minute"},"schema":{"@context":"https:\/\/schema.org","@graph":[{"@type":"WebPage","@id":"https:\/\/belgianwinchshop.be\/product\/warrior-titan-6000-winch-synthetisch-touw-2700-kg\/","url":"https:\/\/belgianwinchshop.be\/product\/warrior-titan-6000-winch-synthetisch-touw-2700-kg\/","name":"Warrior Titan 6000 Winch Synthetisch Touw (2,700 kg) - Belgian Winch Shop","isPartOf":{"@id":"https:\/\/belgianwinchshop.be\/#website"},"primaryImageOfPage":{"@id":"https:\/\/belgianwinchshop.be\/product\/warrior-titan-6000-winch-synthetisch-touw-2700-kg\/#primaryimage"},"image":{"@id":"https:\/\/belgianwinchshop.be\/product\/warrior-titan-6000-winch-synthetisch-touw-2700-kg\/#primaryimage"},"thumbnailUrl":"https:\/\/belgianwinchshop.be\/wp-content\/uploads\/2025\/09\/Warrior-Titan-6000-Winch-Front.jpg","datePublished":"2025-09-01T17:19:00+00:00","dateModified":"2026-03-31T19:32:05+00:00","breadcrumb":{"@id":"https:\/\/belgianwinchshop.be\/product\/warrior-titan-6000-winch-synthetisch-touw-2700-kg\/#breadcrumb"},"inLanguage":"fr-BE","potentialAction":[{"@type":"ReadAction","target":["https:\/\/belgianwinchshop.be\/product\/warrior-titan-6000-winch-synthetisch-touw-2700-kg\/"]}]},{"@type":"ImageObject","inLanguage":"fr-BE","@id":"https:\/\/belgianwinchshop.be\/product\/warrior-titan-6000-winch-synthetisch-touw-2700-kg\/#primaryimage","url":"https:\/\/belgianwinchshop.be\/wp-content\/uploads\/2025\/09\/Warrior-Titan-6000-Winch-Front.jpg","contentUrl":"https:\/\/belgianwinchshop.be\/wp-content\/uploads\/2025\/09\/Warrior-Titan-6000-Winch-Front.jpg","width":1200,"height":1200,"caption":"Warrior Titan 6000 Winch Front"},{"@type":"BreadcrumbList","@id":"https:\/\/belgianwinchshop.be\/product\/warrior-titan-6000-winch-synthetisch-touw-2700-kg\/#breadcrumb","itemListElement":[{"@type":"ListItem","position":1,"name":"Home","item":"https:\/\/belgianwinchshop.be\/"},{"@type":"ListItem","position":2,"name":"Webshop old","item":"https:\/\/belgianwinchshop.be\/webshop\/"},{"@type":"ListItem","position":3,"name":"Warrior Titan 6000 Winch Synthetisch Touw (2,700 kg)"}]},{"@type":"WebSite","@id":"https:\/\/belgianwinchshop.be\/#website","url":"https:\/\/belgianwinchshop.be\/","name":"Belgian Winch Shop","description":"Warrior winches and more","publisher":{"@id":"https:\/\/belgianwinchshop.be\/#organization"},"potentialAction":[{"@type":"SearchAction","target":{"@type":"EntryPoint","urlTemplate":"https:\/\/belgianwinchshop.be\/?s={search_term_string}"},"query-input":{"@type":"PropertyValueSpecification","valueRequired":true,"valueName":"search_term_string"}}],"inLanguage":"fr-BE"},{"@type":"Organization","@id":"https:\/\/belgianwinchshop.be\/#organization","name":"Belgian Winch Shop","url":"https:\/\/belgianwinchshop.be\/","logo":{"@type":"ImageObject","inLanguage":"fr-BE","@id":"https:\/\/belgianwinchshop.be\/#\/schema\/logo\/image\/","url":"https:\/\/belgianwinchshop.be\/wp-content\/uploads\/2023\/10\/Untitled4-1.png","contentUrl":"https:\/\/belgianwinchshop.be\/wp-content\/uploads\/2023\/10\/Untitled4-1.png","width":788,"height":271,"caption":"Belgian Winch Shop"},"image":{"@id":"https:\/\/belgianwinchshop.be\/#\/schema\/logo\/image\/"}}]}},"jetpack_sharing_enabled":true,"_links":{"self":[{"href":"https:\/\/belgianwinchshop.be\/fr\/wp-json\/wp\/v2\/product\/2146","targetHints":{"allow":["GET"]}}],"collection":[{"href":"https:\/\/belgianwinchshop.be\/fr\/wp-json\/wp\/v2\/product"}],"about":[{"href":"https:\/\/belgianwinchshop.be\/fr\/wp-json\/wp\/v2\/types\/product"}],"wp:featuredmedia":[{"embeddable":true,"href":"https:\/\/belgianwinchshop.be\/fr\/wp-json\/wp\/v2\/media\/2154"}],"wp:attachment":[{"href":"https:\/\/belgianwinchshop.be\/fr\/wp-json\/wp\/v2\/media?parent=2146"}],"wp:term":[{"taxonomy":"product_brand","embeddable":true,"href":"https:\/\/belgianwinchshop.be\/fr\/wp-json\/wp\/v2\/product_brand?post=2146"},{"taxonomy":"product_cat","embeddable":true,"href":"https:\/\/belgianwinchshop.be\/fr\/wp-json\/wp\/v2\/product_cat?post=2146"},{"taxonomy":"product_tag","embeddable":true,"href":"https:\/\/belgianwinchshop.be\/fr\/wp-json\/wp\/v2\/product_tag?post=2146"}],"curies":[{"name":"wp","href":"https:\/\/api.w.org\/{rel}","templated":true}]}}