{"id":73,"date":"2023-09-26T19:54:22","date_gmt":"2023-09-26T17:54:22","guid":{"rendered":"https:\/\/belgianwinchshop.be\/?post_type=product&#038;p=73"},"modified":"2026-02-19T14:46:09","modified_gmt":"2026-02-19T13:46:09","slug":"warrior-samurai-9500-winch","status":"publish","type":"product","link":"https:\/\/belgianwinchshop.be\/fr\/produit\/warrior-samurai-9500-winch\/","title":{"rendered":"Warrior Samurai 9500 Treuil C\u00e2ble Acier (4,300 kg)"},"content":{"rendered":"<p>Le premium serie de treuil Warrior Samurai est encore am\u00e9lior\u00e9. Avec une consommation d'\u00e9nergie r\u00e9duite et un frein exterieur r\u00e9volutionnaire, il est capable de maintenir la charge plus longtemps et n'accumule pas de chaleur dans le tambour.<\/p>\n<p>Les caract\u00e9ristiques exceptionnelles comprennent un moteur \u00e0 double \u00e9tanch\u00e9it\u00e9 de haute qualit\u00e9 avec des contacts en laiton massif, des contacteurs \u00e9tanches \u00e0 4 broches robustes, un tambour sur des roulements sans entretien et une transmission plan\u00e9taire enti\u00e8rement en acier, silencieuse et efficiente. Livr\u00e9 en standard avec un guide-rouleau et des boulons en acier inoxydable. La version 12 V est livr\u00e9e avec une t\u00e9l\u00e9commande sans fil int\u00e9gr\u00e9e pour les travaux lourds.<\/p>\n<p>Force de traction : 4,300 kg<\/p>\n<p>Treuil avec c\u00e2ble acier<\/p>\n<p>Ce treuil est id\u00e9al pour des remorques et des applications 4\u00d74.<\/p>\n<p>&nbsp;<\/p>\n<p>&nbsp;<\/p>\n<p><span id=\"__symantecMPKIClientDetector\" style=\"display: none;\">__PRESENT<\/span><\/p>\n<p><span id=\"__symantecMPKIClientDetector\" style=\"display: none;\">__PRESENT<\/span><\/p>\n<p><span id=\"__symantecMPKIClientDetector\" style=\"display: none;\">__PRESENT<\/span><\/p>\n<p><span id=\"__symantecMPKIClientDetector\" style=\"display: none;\">__PRESENT<\/span><\/p>\n<p><span id=\"__symantecMPKIClientDetector\" style=\"display: none;\">__PRESENT<\/span><\/p>\n<p><span id=\"__symantecMPKIClientDetector\" style=\"display: none;\">__PRESENT<\/span><\/p>\n<p><span id=\"__symantecMPKIClientDetector\" style=\"display: none;\">__PRESENT<\/span><\/p>\n<p><span id=\"__symantecMPKIClientDetector\" style=\"display: none;\">__PRESENT<\/span><\/p>\n<p><span id=\"__symantecMPKIClientDetector\" style=\"display: none;\">__PRESENT<\/span><\/p>\n<p><span id=\"__symantecMPKIClientDetector\" style=\"display: none;\">__PRESENT<\/span><\/p>\n<p><span id=\"__symantecMPKIClientDetector\" style=\"display: none;\">__PRESENT<\/span><\/p>\n<p><span id=\"__symantecMPKIClientDetector\" style=\"display: none;\">__PRESENT<\/span><\/p>","protected":false},"excerpt":{"rendered":"<ul>\n<li>12V<\/li>\n<li>D\u00e9velopp\u00e9 et test\u00e9 au Royaume-Uni<\/li>\n<li>Version V2 optimis\u00e9e<\/li>\n<li>Force de traction : 4,300 kg<\/li>\n<li>T\u00e9l\u00e9commande sans fil<\/li>\n<\/ul>\n<p><span id=\"__symantecMPKIClientDetector\" style=\"display: none;\">__PRESENT<\/span><\/p>\n<p><span id=\"__symantecMPKIClientDetector\" style=\"display: none;\">__PRESENT<\/span><\/p>\n<p><span id=\"__symantecMPKIClientDetector\" style=\"display: none;\">__PRESENT<\/span><\/p>\n<p><span id=\"__symantecMPKIClientDetector\" style=\"display: none;\">__PRESENT<\/span><\/p>\n<p><span id=\"__symantecMPKIClientDetector\" style=\"display: none;\">__PRESENT<\/span><\/p>","protected":false},"featured_media":1844,"template":"","meta":{"iawp_total_views":195},"product_brand":[],"product_cat":[17,18],"product_tag":[],"class_list":{"0":"post-73","1":"product","2":"type-product","3":"status-publish","4":"has-post-thumbnail","6":"product_cat-winches","7":"product_cat-warrior-winches","9":"first","10":"outofstock","11":"taxable","12":"shipping-taxable","13":"purchasable","14":"product-type-simple"},"yoast_head":"<!-- This site is optimized with the Yoast SEO plugin v25.8 - https:\/\/yoast.com\/wordpress\/plugins\/seo\/ -->\n<title>Warrior Samurai 9500 Winch Staalkabel (4,300 kg) - Belgian Winch Shop<\/title>\n<meta name=\"robots\" content=\"index, follow, max-snippet:-1, max-image-preview:large, max-video-preview:-1\" \/>\n<link rel=\"canonical\" href=\"https:\/\/belgianwinchshop.be\/fr\/produit\/warrior-samurai-9500-winch\/\" \/>\n<meta property=\"og:locale\" content=\"fr_FR\" \/>\n<meta property=\"og:type\" content=\"article\" \/>\n<meta property=\"og:title\" content=\"Warrior Samurai 9500 Winch Staalkabel (4,300 kg) - Belgian Winch Shop\" \/>\n<meta property=\"og:description\" content=\"12V  Ontworpen en getest in UK  Verbeterde V2 versie  Treksterkte: 4,300 kg  Draadloze afstandsbediening  __PRESENT  __PRESENT  __PRESENT  __PRESENT  __PRESENT\" \/>\n<meta property=\"og:url\" content=\"https:\/\/belgianwinchshop.be\/fr\/produit\/warrior-samurai-9500-winch\/\" \/>\n<meta property=\"og:site_name\" content=\"Belgian Winch Shop\" \/>\n<meta property=\"article:modified_time\" content=\"2026-02-19T13:46:09+00:00\" \/>\n<meta property=\"og:image\" content=\"https:\/\/belgianwinchshop.be\/wp-content\/uploads\/2024\/11\/950VS12-Warrior-Winch-Samurai-9500-Steel-Front-Accessories-scaled.jpg\" \/>\n\t<meta property=\"og:image:width\" content=\"2560\" \/>\n\t<meta property=\"og:image:height\" content=\"2560\" \/>\n\t<meta property=\"og:image:type\" content=\"image\/jpeg\" \/>\n<meta name=\"twitter:card\" content=\"summary_large_image\" \/>\n<meta name=\"twitter:label1\" content=\"Dur\u00e9e de lecture est.\" \/>\n\t<meta name=\"twitter:data1\" content=\"1 minute\" \/>\n<script type=\"application\/ld+json\" class=\"yoast-schema-graph\">{\"@context\":\"https:\/\/schema.org\",\"@graph\":[{\"@type\":\"WebPage\",\"@id\":\"https:\/\/belgianwinchshop.be\/product\/warrior-samurai-9500-winch\/\",\"url\":\"https:\/\/belgianwinchshop.be\/product\/warrior-samurai-9500-winch\/\",\"name\":\"Warrior Samurai 9500 Winch Staalkabel (4,300 kg) - Belgian Winch Shop\",\"isPartOf\":{\"@id\":\"https:\/\/belgianwinchshop.be\/#website\"},\"primaryImageOfPage\":{\"@id\":\"https:\/\/belgianwinchshop.be\/product\/warrior-samurai-9500-winch\/#primaryimage\"},\"image\":{\"@id\":\"https:\/\/belgianwinchshop.be\/product\/warrior-samurai-9500-winch\/#primaryimage\"},\"thumbnailUrl\":\"https:\/\/belgianwinchshop.be\/wp-content\/uploads\/2024\/11\/950VS12-Warrior-Winch-Samurai-9500-Steel-Front-Accessories-scaled.jpg\",\"datePublished\":\"2023-09-26T17:54:22+00:00\",\"dateModified\":\"2026-02-19T13:46:09+00:00\",\"breadcrumb\":{\"@id\":\"https:\/\/belgianwinchshop.be\/product\/warrior-samurai-9500-winch\/#breadcrumb\"},\"inLanguage\":\"fr-BE\",\"potentialAction\":[{\"@type\":\"ReadAction\",\"target\":[\"https:\/\/belgianwinchshop.be\/product\/warrior-samurai-9500-winch\/\"]}]},{\"@type\":\"ImageObject\",\"inLanguage\":\"fr-BE\",\"@id\":\"https:\/\/belgianwinchshop.be\/product\/warrior-samurai-9500-winch\/#primaryimage\",\"url\":\"https:\/\/belgianwinchshop.be\/wp-content\/uploads\/2024\/11\/950VS12-Warrior-Winch-Samurai-9500-Steel-Front-Accessories-scaled.jpg\",\"contentUrl\":\"https:\/\/belgianwinchshop.be\/wp-content\/uploads\/2024\/11\/950VS12-Warrior-Winch-Samurai-9500-Steel-Front-Accessories-scaled.jpg\",\"width\":2560,\"height\":2560},{\"@type\":\"BreadcrumbList\",\"@id\":\"https:\/\/belgianwinchshop.be\/product\/warrior-samurai-9500-winch\/#breadcrumb\",\"itemListElement\":[{\"@type\":\"ListItem\",\"position\":1,\"name\":\"Home\",\"item\":\"https:\/\/belgianwinchshop.be\/\"},{\"@type\":\"ListItem\",\"position\":2,\"name\":\"Webshop old\",\"item\":\"https:\/\/belgianwinchshop.be\/webshop\/\"},{\"@type\":\"ListItem\",\"position\":3,\"name\":\"Warrior Samurai 9500 Winch Staalkabel (4,300 kg)\"}]},{\"@type\":\"WebSite\",\"@id\":\"https:\/\/belgianwinchshop.be\/#website\",\"url\":\"https:\/\/belgianwinchshop.be\/\",\"name\":\"Belgian Winch Shop\",\"description\":\"Warrior winches and more\",\"publisher\":{\"@id\":\"https:\/\/belgianwinchshop.be\/#organization\"},\"potentialAction\":[{\"@type\":\"SearchAction\",\"target\":{\"@type\":\"EntryPoint\",\"urlTemplate\":\"https:\/\/belgianwinchshop.be\/?s={search_term_string}\"},\"query-input\":{\"@type\":\"PropertyValueSpecification\",\"valueRequired\":true,\"valueName\":\"search_term_string\"}}],\"inLanguage\":\"fr-BE\"},{\"@type\":\"Organization\",\"@id\":\"https:\/\/belgianwinchshop.be\/#organization\",\"name\":\"Belgian Winch Shop\",\"url\":\"https:\/\/belgianwinchshop.be\/\",\"logo\":{\"@type\":\"ImageObject\",\"inLanguage\":\"fr-BE\",\"@id\":\"https:\/\/belgianwinchshop.be\/#\/schema\/logo\/image\/\",\"url\":\"https:\/\/belgianwinchshop.be\/wp-content\/uploads\/2023\/10\/Untitled4-1.png\",\"contentUrl\":\"https:\/\/belgianwinchshop.be\/wp-content\/uploads\/2023\/10\/Untitled4-1.png\",\"width\":788,\"height\":271,\"caption\":\"Belgian Winch Shop\"},\"image\":{\"@id\":\"https:\/\/belgianwinchshop.be\/#\/schema\/logo\/image\/\"}}]}<\/script>\n<!-- \/ Yoast SEO plugin. -->","yoast_head_json":{"title":"Warrior Samurai 9500 Winch Staalkabel (4,300 kg) - Belgian Winch Shop","robots":{"index":"index","follow":"follow","max-snippet":"max-snippet:-1","max-image-preview":"max-image-preview:large","max-video-preview":"max-video-preview:-1"},"canonical":"https:\/\/belgianwinchshop.be\/fr\/produit\/warrior-samurai-9500-winch\/","og_locale":"fr_FR","og_type":"article","og_title":"Warrior Samurai 9500 Winch Staalkabel (4,300 kg) - Belgian Winch Shop","og_description":"12V  Ontworpen en getest in UK  Verbeterde V2 versie  Treksterkte: 4,300 kg  Draadloze afstandsbediening  __PRESENT  __PRESENT  __PRESENT  __PRESENT  __PRESENT","og_url":"https:\/\/belgianwinchshop.be\/fr\/produit\/warrior-samurai-9500-winch\/","og_site_name":"Belgian Winch Shop","article_modified_time":"2026-02-19T13:46:09+00:00","og_image":[{"width":2560,"height":2560,"url":"https:\/\/belgianwinchshop.be\/wp-content\/uploads\/2024\/11\/950VS12-Warrior-Winch-Samurai-9500-Steel-Front-Accessories-scaled.jpg","type":"image\/jpeg"}],"twitter_card":"summary_large_image","twitter_misc":{"Dur\u00e9e de lecture est.":"1 minute"},"schema":{"@context":"https:\/\/schema.org","@graph":[{"@type":"WebPage","@id":"https:\/\/belgianwinchshop.be\/product\/warrior-samurai-9500-winch\/","url":"https:\/\/belgianwinchshop.be\/product\/warrior-samurai-9500-winch\/","name":"Warrior Samurai 9500 Winch Staalkabel (4,300 kg) - Belgian Winch Shop","isPartOf":{"@id":"https:\/\/belgianwinchshop.be\/#website"},"primaryImageOfPage":{"@id":"https:\/\/belgianwinchshop.be\/product\/warrior-samurai-9500-winch\/#primaryimage"},"image":{"@id":"https:\/\/belgianwinchshop.be\/product\/warrior-samurai-9500-winch\/#primaryimage"},"thumbnailUrl":"https:\/\/belgianwinchshop.be\/wp-content\/uploads\/2024\/11\/950VS12-Warrior-Winch-Samurai-9500-Steel-Front-Accessories-scaled.jpg","datePublished":"2023-09-26T17:54:22+00:00","dateModified":"2026-02-19T13:46:09+00:00","breadcrumb":{"@id":"https:\/\/belgianwinchshop.be\/product\/warrior-samurai-9500-winch\/#breadcrumb"},"inLanguage":"fr-BE","potentialAction":[{"@type":"ReadAction","target":["https:\/\/belgianwinchshop.be\/product\/warrior-samurai-9500-winch\/"]}]},{"@type":"ImageObject","inLanguage":"fr-BE","@id":"https:\/\/belgianwinchshop.be\/product\/warrior-samurai-9500-winch\/#primaryimage","url":"https:\/\/belgianwinchshop.be\/wp-content\/uploads\/2024\/11\/950VS12-Warrior-Winch-Samurai-9500-Steel-Front-Accessories-scaled.jpg","contentUrl":"https:\/\/belgianwinchshop.be\/wp-content\/uploads\/2024\/11\/950VS12-Warrior-Winch-Samurai-9500-Steel-Front-Accessories-scaled.jpg","width":2560,"height":2560},{"@type":"BreadcrumbList","@id":"https:\/\/belgianwinchshop.be\/product\/warrior-samurai-9500-winch\/#breadcrumb","itemListElement":[{"@type":"ListItem","position":1,"name":"Home","item":"https:\/\/belgianwinchshop.be\/"},{"@type":"ListItem","position":2,"name":"Webshop old","item":"https:\/\/belgianwinchshop.be\/webshop\/"},{"@type":"ListItem","position":3,"name":"Warrior Samurai 9500 Winch Staalkabel (4,300 kg)"}]},{"@type":"WebSite","@id":"https:\/\/belgianwinchshop.be\/#website","url":"https:\/\/belgianwinchshop.be\/","name":"Belgian Winch Shop","description":"Warrior winches and more","publisher":{"@id":"https:\/\/belgianwinchshop.be\/#organization"},"potentialAction":[{"@type":"SearchAction","target":{"@type":"EntryPoint","urlTemplate":"https:\/\/belgianwinchshop.be\/?s={search_term_string}"},"query-input":{"@type":"PropertyValueSpecification","valueRequired":true,"valueName":"search_term_string"}}],"inLanguage":"fr-BE"},{"@type":"Organization","@id":"https:\/\/belgianwinchshop.be\/#organization","name":"Belgian Winch Shop","url":"https:\/\/belgianwinchshop.be\/","logo":{"@type":"ImageObject","inLanguage":"fr-BE","@id":"https:\/\/belgianwinchshop.be\/#\/schema\/logo\/image\/","url":"https:\/\/belgianwinchshop.be\/wp-content\/uploads\/2023\/10\/Untitled4-1.png","contentUrl":"https:\/\/belgianwinchshop.be\/wp-content\/uploads\/2023\/10\/Untitled4-1.png","width":788,"height":271,"caption":"Belgian Winch Shop"},"image":{"@id":"https:\/\/belgianwinchshop.be\/#\/schema\/logo\/image\/"}}]}},"jetpack_sharing_enabled":true,"_links":{"self":[{"href":"https:\/\/belgianwinchshop.be\/fr\/wp-json\/wp\/v2\/product\/73","targetHints":{"allow":["GET"]}}],"collection":[{"href":"https:\/\/belgianwinchshop.be\/fr\/wp-json\/wp\/v2\/product"}],"about":[{"href":"https:\/\/belgianwinchshop.be\/fr\/wp-json\/wp\/v2\/types\/product"}],"wp:featuredmedia":[{"embeddable":true,"href":"https:\/\/belgianwinchshop.be\/fr\/wp-json\/wp\/v2\/media\/1844"}],"wp:attachment":[{"href":"https:\/\/belgianwinchshop.be\/fr\/wp-json\/wp\/v2\/media?parent=73"}],"wp:term":[{"taxonomy":"product_brand","embeddable":true,"href":"https:\/\/belgianwinchshop.be\/fr\/wp-json\/wp\/v2\/product_brand?post=73"},{"taxonomy":"product_cat","embeddable":true,"href":"https:\/\/belgianwinchshop.be\/fr\/wp-json\/wp\/v2\/product_cat?post=73"},{"taxonomy":"product_tag","embeddable":true,"href":"https:\/\/belgianwinchshop.be\/fr\/wp-json\/wp\/v2\/product_tag?post=73"}],"curies":[{"name":"wp","href":"https:\/\/api.w.org\/{rel}","templated":true}]}}