{"id":950,"date":"2024-03-03T20:54:50","date_gmt":"2024-03-03T18:54:50","guid":{"rendered":"https:\/\/belgianwinchshop.be\/?post_type=product&#038;p=950"},"modified":"2025-09-01T19:08:35","modified_gmt":"2025-09-01T17:08:35","slug":"warrior-ninja-2500-winch-1100-kg","status":"publish","type":"product","link":"https:\/\/belgianwinchshop.be\/fr\/produit\/warrior-ninja-2500-winch-1100-kg\/","title":{"rendered":"Warrior Ninja 2500 Treuil Corde synth\u00e9tique  (1,100 kg)"},"content":{"rendered":"<p>Le Warrior Ninja 2500 est un petit treuil id\u00e9al pour les applications l\u00e9g\u00e8res. Il ne convient pas aux applications 4 x 4 ni au remorquage de voitures.<\/p>\n<p>Le treuil est durable, avec un moteur imperm\u00e9able, un tambour et transmission en acier renforc\u00e9. Les connexions et les contacteurs sont aussi compl\u00e8tement \u00e9tanches.<\/p>\n<p>Force de traction : 1,100 kg<\/p>\n<p>R\u00e9alis\u00e9 avec une corde synth\u00e9tique.<\/p>\n<p>Ce treuil est uniquement \u00e9quip\u00e9 d'une t\u00e9l\u00e9commande manuelle. Une t\u00e9l\u00e9commande sans fil enfichable est \u00e9galement disponible s\u00e9par\u00e9ment dans notre webshop. T41224<\/p>\n<p>&nbsp;<\/p>\n<p><span id=\"__symantecMPKIClientDetector\" style=\"display: none;\">__PRESENT<\/span><\/p>\n<p><span id=\"__symantecMPKIClientDetector\" style=\"display: none;\">__PRESENT<\/span><\/p>\n<p><span id=\"__symantecMPKIClientDetector\" style=\"display: none;\">__PRESENT<\/span><\/p>\n<p><span id=\"__symantecMPKIClientDetector\" style=\"display: none;\">__PRESENT<\/span><\/p>\n<p><span id=\"__symantecMPKIClientDetector\" style=\"display: none;\">__PRESENT<\/span><\/p>\n<p><span id=\"__symantecMPKIClientDetector\" style=\"display: none;\">__PRESENT<\/span><\/p>\n<p><span id=\"__symantecMPKIClientDetector\" style=\"display: none;\">__PRESENT<\/span><\/p>\n<p><span id=\"__symantecMPKIClientDetector\" style=\"display: none;\">__PRESENT<\/span><\/p>\n<p><span id=\"__symantecMPKIClientDetector\" style=\"display: none;\">__PRESENT<\/span><\/p>\n<p><span id=\"__symantecMPKIClientDetector\" style=\"display: none;\">__PRESENT<\/span><\/p>\n<p><span id=\"__symantecMPKIClientDetector\" style=\"display: none;\">__PRESENT<\/span><\/p>\n<p><span id=\"__symantecMPKIClientDetector\" style=\"display: none;\">__PRESENT<\/span><\/p>\n<p><span id=\"__symantecMPKIClientDetector\" style=\"display: none;\">__PRESENT<\/span><\/p>\n<p><span id=\"__symantecMPKIClientDetector\" style=\"display: none;\">__PRESENT<\/span><\/p>\n<p><span id=\"__symantecMPKIClientDetector\" style=\"display: none;\">__PRESENT<\/span><\/p>\n<p><span id=\"__symantecMPKIClientDetector\" style=\"display: none;\">__PRESENT<\/span><\/p>\n<p><span id=\"__symantecMPKIClientDetector\" style=\"display: none;\">__PRESENT<\/span><\/p>\n<p><span id=\"__symantecMPKIClientDetector\" style=\"display: none;\">__PRESENT<\/span><\/p>\n<p><span id=\"__symantecMPKIClientDetector\" style=\"display: none;\">__PRESENT<\/span><\/p>\n<p><span id=\"__symantecMPKIClientDetector\" style=\"display: none;\">__PRESENT<\/span><\/p>\n<p><span id=\"__symantecMPKIClientDetector\" style=\"display: none;\">__PRESENT<\/span><span id=\"__symantecMPKIClientDetector\" style=\"display: none;\">__PRESENT<\/span><span id=\"__symantecMPKIClientDetector\" style=\"display: none;\">__PRESENT<\/span><span id=\"__symantecMPKIClientDetector\" style=\"display: none;\">__PRESENT<\/span><\/p>\n<p><span id=\"__symantecMPKIClientDetector\" style=\"display: none;\">__PRESENT<\/span><\/p>\n<p><span id=\"__symantecMPKIClientDetector\" style=\"display: none;\">__PRESENT<\/span><\/p>\n<p><span id=\"__symantecMPKIClientDetector\" style=\"display: none;\">__PRESENT<\/span><\/p>\n<p><span id=\"__symantecMPKIClientDetector\" style=\"display: none;\">__PRESENT<\/span><\/p>\n<p><span id=\"__symantecMPKIClientDetector\" style=\"display: none;\">__PRESENT<\/span><\/p>","protected":false},"excerpt":{"rendered":"<ul>\n<li>12V<\/li>\n<li>D\u00e9velopp\u00e9 et test\u00e9 au Royaume-Uni<\/li>\n<li>Version V2 optimis\u00e9e<\/li>\n<li>Force de traction : 1,100 kg<\/li>\n<li>T\u00e9l\u00e9commande manuelle<\/li>\n<li>Avec plaque de base et pulley block<\/li>\n<\/ul>\n<p><span id=\"__symantecMPKIClientDetector\" style=\"display: none;\">__PRESENT<\/span><\/p>\n<p><span id=\"__symantecMPKIClientDetector\" style=\"display: none;\">__PRESENT<\/span><\/p>\n<p><span id=\"__symantecMPKIClientDetector\" style=\"display: none;\">__PRESENT<\/span><\/p>\n<p><span id=\"__symantecMPKIClientDetector\" style=\"display: none;\">__PRESENT<\/span><\/p>\n<p><span id=\"__symantecMPKIClientDetector\" style=\"display: none;\">__PRESENT<\/span><\/p>\n<p><span id=\"__symantecMPKIClientDetector\" style=\"display: none;\">__PRESENT<\/span><\/p>\n<p><span id=\"__symantecMPKIClientDetector\" style=\"display: none;\">__PRESENT<\/span><span id=\"__symantecMPKIClientDetector\" style=\"display: none;\">__PRESENT<\/span><\/p>\n<p><span id=\"__symantecMPKIClientDetector\" style=\"display: none;\">__PRESENT<\/span><\/p>\n<p><span id=\"__symantecMPKIClientDetector\" style=\"display: none;\">__PRESENT<\/span><\/p>\n<p><span id=\"__symantecMPKIClientDetector\" style=\"display: none;\">__PRESENT<\/span><\/p>\n<p><span id=\"__symantecMPKIClientDetector\" style=\"display: none;\">__PRESENT<\/span><\/p>\n<p><span id=\"__symantecMPKIClientDetector\" style=\"display: none;\">__PRESENT<\/span><\/p>\n<p><span id=\"__symantecMPKIClientDetector\" style=\"display: none;\">__PRESENT<\/span><span id=\"__symantecMPKIClientDetector\" style=\"display: none;\">__PRESENT<\/span><span id=\"__symantecMPKIClientDetector\" style=\"display: none;\">__PRESENT<\/span><span id=\"__symantecMPKIClientDetector\" style=\"display: none;\">__PRESENT<\/span><\/p>\n<p><span id=\"__symantecMPKIClientDetector\" style=\"display: none;\">__PRESENT<\/span><\/p>\n<p><span id=\"__symantecMPKIClientDetector\" style=\"display: none;\">__PRESENT<\/span><\/p>","protected":false},"featured_media":953,"template":"","meta":{"iawp_total_views":131},"product_brand":[],"product_cat":[17,18],"product_tag":[],"class_list":{"0":"post-950","1":"product","2":"type-product","3":"status-publish","4":"has-post-thumbnail","6":"product_cat-winches","7":"product_cat-warrior-winches","9":"first","10":"outofstock","11":"taxable","12":"shipping-taxable","13":"purchasable","14":"product-type-simple"},"yoast_head":"<!-- This site is optimized with the Yoast SEO plugin v25.8 - https:\/\/yoast.com\/wordpress\/plugins\/seo\/ -->\n<title>Warrior Ninja 2500 Winch Synthetisch touw (1,100 kg) - Belgian Winch Shop<\/title>\n<meta name=\"robots\" content=\"index, follow, max-snippet:-1, max-image-preview:large, max-video-preview:-1\" \/>\n<link rel=\"canonical\" href=\"https:\/\/belgianwinchshop.be\/fr\/produit\/warrior-ninja-2500-winch-1100-kg\/\" \/>\n<meta property=\"og:locale\" content=\"fr_FR\" \/>\n<meta property=\"og:type\" content=\"article\" \/>\n<meta property=\"og:title\" content=\"Warrior Ninja 2500 Winch Synthetisch touw (1,100 kg) - Belgian Winch Shop\" \/>\n<meta property=\"og:description\" content=\"12V  Ontworpen en getest in UK  Verbeterde V2 versie  Treksterkte: 1,100 kg  Manuele afstandsbediening  Met grondplaat en pulley block  __PRESENT  __PRESENT  __PRESENT  __PRESENT  __PRESENT  __PRESENT  __PRESENT__PRESENT  __PRESENT  __PRESENT  __PRESENT  __PRESENT  __PRESENT  __PRESENT__PRESENT__PRESENT__PRESENT  __PRESENT  __PRESENT\" \/>\n<meta property=\"og:url\" content=\"https:\/\/belgianwinchshop.be\/fr\/produit\/warrior-ninja-2500-winch-1100-kg\/\" \/>\n<meta property=\"og:site_name\" content=\"Belgian Winch Shop\" \/>\n<meta property=\"article:modified_time\" content=\"2025-09-01T17:08:35+00:00\" \/>\n<meta property=\"og:image\" content=\"https:\/\/belgianwinchshop.be\/wp-content\/uploads\/2024\/03\/Warrior_Ninja_25SPA_Winch-with-accessories-scaled.jpg\" \/>\n\t<meta property=\"og:image:width\" content=\"2560\" \/>\n\t<meta property=\"og:image:height\" content=\"2560\" \/>\n\t<meta property=\"og:image:type\" content=\"image\/jpeg\" \/>\n<meta name=\"twitter:card\" content=\"summary_large_image\" \/>\n<meta name=\"twitter:label1\" content=\"Dur\u00e9e de lecture est.\" \/>\n\t<meta name=\"twitter:data1\" content=\"1 minute\" \/>\n<script type=\"application\/ld+json\" class=\"yoast-schema-graph\">{\"@context\":\"https:\/\/schema.org\",\"@graph\":[{\"@type\":\"WebPage\",\"@id\":\"https:\/\/belgianwinchshop.be\/product\/warrior-ninja-2500-winch-1100-kg\/\",\"url\":\"https:\/\/belgianwinchshop.be\/product\/warrior-ninja-2500-winch-1100-kg\/\",\"name\":\"Warrior Ninja 2500 Winch Synthetisch touw (1,100 kg) - Belgian Winch Shop\",\"isPartOf\":{\"@id\":\"https:\/\/belgianwinchshop.be\/#website\"},\"primaryImageOfPage\":{\"@id\":\"https:\/\/belgianwinchshop.be\/product\/warrior-ninja-2500-winch-1100-kg\/#primaryimage\"},\"image\":{\"@id\":\"https:\/\/belgianwinchshop.be\/product\/warrior-ninja-2500-winch-1100-kg\/#primaryimage\"},\"thumbnailUrl\":\"https:\/\/belgianwinchshop.be\/wp-content\/uploads\/2024\/03\/Warrior_Ninja_25SPA_Winch-with-accessories-scaled.jpg\",\"datePublished\":\"2024-03-03T18:54:50+00:00\",\"dateModified\":\"2025-09-01T17:08:35+00:00\",\"breadcrumb\":{\"@id\":\"https:\/\/belgianwinchshop.be\/product\/warrior-ninja-2500-winch-1100-kg\/#breadcrumb\"},\"inLanguage\":\"fr-BE\",\"potentialAction\":[{\"@type\":\"ReadAction\",\"target\":[\"https:\/\/belgianwinchshop.be\/product\/warrior-ninja-2500-winch-1100-kg\/\"]}]},{\"@type\":\"ImageObject\",\"inLanguage\":\"fr-BE\",\"@id\":\"https:\/\/belgianwinchshop.be\/product\/warrior-ninja-2500-winch-1100-kg\/#primaryimage\",\"url\":\"https:\/\/belgianwinchshop.be\/wp-content\/uploads\/2024\/03\/Warrior_Ninja_25SPA_Winch-with-accessories-scaled.jpg\",\"contentUrl\":\"https:\/\/belgianwinchshop.be\/wp-content\/uploads\/2024\/03\/Warrior_Ninja_25SPA_Winch-with-accessories-scaled.jpg\",\"width\":2560,\"height\":2560,\"caption\":\"Warrior Ninja 2500 Winch Rope Front View Accessories\"},{\"@type\":\"BreadcrumbList\",\"@id\":\"https:\/\/belgianwinchshop.be\/product\/warrior-ninja-2500-winch-1100-kg\/#breadcrumb\",\"itemListElement\":[{\"@type\":\"ListItem\",\"position\":1,\"name\":\"Home\",\"item\":\"https:\/\/belgianwinchshop.be\/\"},{\"@type\":\"ListItem\",\"position\":2,\"name\":\"Webshop old\",\"item\":\"https:\/\/belgianwinchshop.be\/webshop\/\"},{\"@type\":\"ListItem\",\"position\":3,\"name\":\"Warrior Ninja 2500 Winch Synthetisch touw (1,100 kg)\"}]},{\"@type\":\"WebSite\",\"@id\":\"https:\/\/belgianwinchshop.be\/#website\",\"url\":\"https:\/\/belgianwinchshop.be\/\",\"name\":\"Belgian Winch Shop\",\"description\":\"Warrior winches and more\",\"publisher\":{\"@id\":\"https:\/\/belgianwinchshop.be\/#organization\"},\"potentialAction\":[{\"@type\":\"SearchAction\",\"target\":{\"@type\":\"EntryPoint\",\"urlTemplate\":\"https:\/\/belgianwinchshop.be\/?s={search_term_string}\"},\"query-input\":{\"@type\":\"PropertyValueSpecification\",\"valueRequired\":true,\"valueName\":\"search_term_string\"}}],\"inLanguage\":\"fr-BE\"},{\"@type\":\"Organization\",\"@id\":\"https:\/\/belgianwinchshop.be\/#organization\",\"name\":\"Belgian Winch Shop\",\"url\":\"https:\/\/belgianwinchshop.be\/\",\"logo\":{\"@type\":\"ImageObject\",\"inLanguage\":\"fr-BE\",\"@id\":\"https:\/\/belgianwinchshop.be\/#\/schema\/logo\/image\/\",\"url\":\"https:\/\/belgianwinchshop.be\/wp-content\/uploads\/2023\/10\/Untitled4-1.png\",\"contentUrl\":\"https:\/\/belgianwinchshop.be\/wp-content\/uploads\/2023\/10\/Untitled4-1.png\",\"width\":788,\"height\":271,\"caption\":\"Belgian Winch Shop\"},\"image\":{\"@id\":\"https:\/\/belgianwinchshop.be\/#\/schema\/logo\/image\/\"}}]}<\/script>\n<!-- \/ Yoast SEO plugin. -->","yoast_head_json":{"title":"Warrior Ninja 2500 Winch Synthetisch touw (1,100 kg) - Belgian Winch Shop","robots":{"index":"index","follow":"follow","max-snippet":"max-snippet:-1","max-image-preview":"max-image-preview:large","max-video-preview":"max-video-preview:-1"},"canonical":"https:\/\/belgianwinchshop.be\/fr\/produit\/warrior-ninja-2500-winch-1100-kg\/","og_locale":"fr_FR","og_type":"article","og_title":"Warrior Ninja 2500 Winch Synthetisch touw (1,100 kg) - Belgian Winch Shop","og_description":"12V  Ontworpen en getest in UK  Verbeterde V2 versie  Treksterkte: 1,100 kg  Manuele afstandsbediening  Met grondplaat en pulley block  __PRESENT  __PRESENT  __PRESENT  __PRESENT  __PRESENT  __PRESENT  __PRESENT__PRESENT  __PRESENT  __PRESENT  __PRESENT  __PRESENT  __PRESENT  __PRESENT__PRESENT__PRESENT__PRESENT  __PRESENT  __PRESENT","og_url":"https:\/\/belgianwinchshop.be\/fr\/produit\/warrior-ninja-2500-winch-1100-kg\/","og_site_name":"Belgian Winch Shop","article_modified_time":"2025-09-01T17:08:35+00:00","og_image":[{"width":2560,"height":2560,"url":"https:\/\/belgianwinchshop.be\/wp-content\/uploads\/2024\/03\/Warrior_Ninja_25SPA_Winch-with-accessories-scaled.jpg","type":"image\/jpeg"}],"twitter_card":"summary_large_image","twitter_misc":{"Dur\u00e9e de lecture est.":"1 minute"},"schema":{"@context":"https:\/\/schema.org","@graph":[{"@type":"WebPage","@id":"https:\/\/belgianwinchshop.be\/product\/warrior-ninja-2500-winch-1100-kg\/","url":"https:\/\/belgianwinchshop.be\/product\/warrior-ninja-2500-winch-1100-kg\/","name":"Warrior Ninja 2500 Winch Synthetisch touw (1,100 kg) - Belgian Winch Shop","isPartOf":{"@id":"https:\/\/belgianwinchshop.be\/#website"},"primaryImageOfPage":{"@id":"https:\/\/belgianwinchshop.be\/product\/warrior-ninja-2500-winch-1100-kg\/#primaryimage"},"image":{"@id":"https:\/\/belgianwinchshop.be\/product\/warrior-ninja-2500-winch-1100-kg\/#primaryimage"},"thumbnailUrl":"https:\/\/belgianwinchshop.be\/wp-content\/uploads\/2024\/03\/Warrior_Ninja_25SPA_Winch-with-accessories-scaled.jpg","datePublished":"2024-03-03T18:54:50+00:00","dateModified":"2025-09-01T17:08:35+00:00","breadcrumb":{"@id":"https:\/\/belgianwinchshop.be\/product\/warrior-ninja-2500-winch-1100-kg\/#breadcrumb"},"inLanguage":"fr-BE","potentialAction":[{"@type":"ReadAction","target":["https:\/\/belgianwinchshop.be\/product\/warrior-ninja-2500-winch-1100-kg\/"]}]},{"@type":"ImageObject","inLanguage":"fr-BE","@id":"https:\/\/belgianwinchshop.be\/product\/warrior-ninja-2500-winch-1100-kg\/#primaryimage","url":"https:\/\/belgianwinchshop.be\/wp-content\/uploads\/2024\/03\/Warrior_Ninja_25SPA_Winch-with-accessories-scaled.jpg","contentUrl":"https:\/\/belgianwinchshop.be\/wp-content\/uploads\/2024\/03\/Warrior_Ninja_25SPA_Winch-with-accessories-scaled.jpg","width":2560,"height":2560,"caption":"Warrior Ninja 2500 Winch Rope Front View Accessories"},{"@type":"BreadcrumbList","@id":"https:\/\/belgianwinchshop.be\/product\/warrior-ninja-2500-winch-1100-kg\/#breadcrumb","itemListElement":[{"@type":"ListItem","position":1,"name":"Home","item":"https:\/\/belgianwinchshop.be\/"},{"@type":"ListItem","position":2,"name":"Webshop old","item":"https:\/\/belgianwinchshop.be\/webshop\/"},{"@type":"ListItem","position":3,"name":"Warrior Ninja 2500 Winch Synthetisch touw (1,100 kg)"}]},{"@type":"WebSite","@id":"https:\/\/belgianwinchshop.be\/#website","url":"https:\/\/belgianwinchshop.be\/","name":"Belgian Winch Shop","description":"Warrior winches and more","publisher":{"@id":"https:\/\/belgianwinchshop.be\/#organization"},"potentialAction":[{"@type":"SearchAction","target":{"@type":"EntryPoint","urlTemplate":"https:\/\/belgianwinchshop.be\/?s={search_term_string}"},"query-input":{"@type":"PropertyValueSpecification","valueRequired":true,"valueName":"search_term_string"}}],"inLanguage":"fr-BE"},{"@type":"Organization","@id":"https:\/\/belgianwinchshop.be\/#organization","name":"Belgian Winch Shop","url":"https:\/\/belgianwinchshop.be\/","logo":{"@type":"ImageObject","inLanguage":"fr-BE","@id":"https:\/\/belgianwinchshop.be\/#\/schema\/logo\/image\/","url":"https:\/\/belgianwinchshop.be\/wp-content\/uploads\/2023\/10\/Untitled4-1.png","contentUrl":"https:\/\/belgianwinchshop.be\/wp-content\/uploads\/2023\/10\/Untitled4-1.png","width":788,"height":271,"caption":"Belgian Winch Shop"},"image":{"@id":"https:\/\/belgianwinchshop.be\/#\/schema\/logo\/image\/"}}]}},"jetpack_sharing_enabled":true,"_links":{"self":[{"href":"https:\/\/belgianwinchshop.be\/fr\/wp-json\/wp\/v2\/product\/950","targetHints":{"allow":["GET"]}}],"collection":[{"href":"https:\/\/belgianwinchshop.be\/fr\/wp-json\/wp\/v2\/product"}],"about":[{"href":"https:\/\/belgianwinchshop.be\/fr\/wp-json\/wp\/v2\/types\/product"}],"wp:featuredmedia":[{"embeddable":true,"href":"https:\/\/belgianwinchshop.be\/fr\/wp-json\/wp\/v2\/media\/953"}],"wp:attachment":[{"href":"https:\/\/belgianwinchshop.be\/fr\/wp-json\/wp\/v2\/media?parent=950"}],"wp:term":[{"taxonomy":"product_brand","embeddable":true,"href":"https:\/\/belgianwinchshop.be\/fr\/wp-json\/wp\/v2\/product_brand?post=950"},{"taxonomy":"product_cat","embeddable":true,"href":"https:\/\/belgianwinchshop.be\/fr\/wp-json\/wp\/v2\/product_cat?post=950"},{"taxonomy":"product_tag","embeddable":true,"href":"https:\/\/belgianwinchshop.be\/fr\/wp-json\/wp\/v2\/product_tag?post=950"}],"curies":[{"name":"wp","href":"https:\/\/api.w.org\/{rel}","templated":true}]}}